{"id":73161,"date":"2023-05-16T09:40:11","date_gmt":"2023-05-16T08:40:11","guid":{"rendered":"https:\/\/presshops.com\/?page_id=73161"},"modified":"2026-02-26T10:46:42","modified_gmt":"2026-02-26T10:46:42","slug":"my-account","status":"publish","type":"page","link":"https:\/\/presshops.com\/en\/my-account\/","title":{"rendered":"My account"},"content":{"rendered":"\t\t<div data-elementor-type=\"wp-page\" data-elementor-id=\"73161\" class=\"elementor elementor-73161\" data-elementor-post-type=\"page\">\n\t\t\t\t<div class=\"elementor-element elementor-element-1931ee1 jedv-enabled--yes elementor-hidden-desktop elementor-hidden-tablet elementor-hidden-mobile e-flex e-con-boxed e-con e-parent\" data-id=\"1931ee1\" data-element_type=\"container\" data-settings=\"{&quot;jet_parallax_layout_list&quot;:[],&quot;background_background&quot;:&quot;classic&quot;}\">\n\t\t\t\t\t<div class=\"e-con-inner\">\n\t\t<div class=\"elementor-element elementor-element-cfdd116 e-con-full e-flex e-con e-child\" data-id=\"cfdd116\" data-element_type=\"container\" data-settings=\"{&quot;jet_parallax_layout_list&quot;:[]}\">\n\t\t<div class=\"elementor-element elementor-element-66ec096 e-con-full e-flex e-con e-child\" data-id=\"66ec096\" data-element_type=\"container\" data-settings=\"{&quot;background_background&quot;:&quot;classic&quot;,&quot;jet_parallax_layout_list&quot;:[]}\">\n\t\t<div class=\"elementor-element elementor-element-5892d5e e-con-full e-flex e-con e-child\" data-id=\"5892d5e\" data-element_type=\"container\" data-settings=\"{&quot;jet_parallax_layout_list&quot;:[]}\">\n\t\t\t\t<div class=\"elementor-element elementor-element-ed55f7a elementor-widget elementor-widget-image\" data-id=\"ed55f7a\" data-element_type=\"widget\" data-widget_type=\"image.default\">\n\t\t\t\t\t\t\t\t\t\t\t\t\t\t\t<img decoding=\"async\" src=\"https:\/\/presshops.ajnet.info\/wp-content\/uploads\/2025\/09\/Presshop_Logo-scaled-1.webp\" title=\"\" alt=\"\" loading=\"lazy\" \/>\t\t\t\t\t\t\t\t\t\t\t\t\t\t\t<\/div>\n\t\t\t\t<div class=\"elementor-element elementor-element-8eeb8c7 jedv-enabled--yes elementor-widget elementor-widget-heading\" data-id=\"8eeb8c7\" data-element_type=\"widget\" data-widget_type=\"heading.default\">\n\t\t\t\t\t<p class=\"elementor-heading-title elementor-size-default\">Connection<\/p>\t\t\t\t<\/div>\n\t\t\t\t<\/div>\n\t\t\t\t<div class=\"elementor-element elementor-element-7a1b854 jedv-enabled--yes elementor-widget elementor-widget-jet-form-builder-form\" data-id=\"7a1b854\" data-element_type=\"widget\" data-widget_type=\"jet-form-builder-form.default\">\n\t\t\t\t<div class=\"elementor-widget-container\">\n\t\t\t\t\t<link rel='stylesheet' id='wp-block-library-css' href='https:\/\/presshops.com\/en\/wp-includes\/css\/dist\/block-library\/style.min.css?ver=6.8.2' media='all' \/>\n<style id=\"jet-form-builder-73440-inline-css\"><\/style><form  class=\"jet-form-builder layout-column submit-type-ajax\" action=\"https:\/\/presshops.com\/en\/wp-json\/wp\/v2\/pages\/73161\/?2hmFJx=ujRoBaJBDF&amp;method=reload\" method=\"POST\" data-form-id=\"73440\" data-layout=\"column\" enctype=\"multipart\/form-data\" novalidate=\"null\" ssr_validation_method=\"rest\">\r\n<input type=\"hidden\" name=\"_jfb_current_render_states[]\" value=\"DEFAULT.STATE\" data-jfb-sync \/><input type=\"hidden\" class=\"jet-form-builder__field hidden-field\" name=\"_jet_engine_booking_form_id\" data-field-name=\"_jet_engine_booking_form_id\" value=\"73440\">\n<input type=\"hidden\" class=\"jet-form-builder__field hidden-field\" name=\"_jet_engine_refer\" data-field-name=\"_jet_engine_refer\" value=\"https:\/\/presshops.com\/en\/wp-json\/wp\/v2\/pages\/73161\/\">\n<input type=\"hidden\" class=\"jet-form-builder__field hidden-field\" name=\"__queried_post_id\" data-field-name=\"__queried_post_id\" value=\"73161\">\n<div  class=\"jet-form-builder-row field-type-text-field\" >\n<div class=\"jet-form-builder__label\">\r\n<div class=\"jet-form-builder__label-text\">E-mail <span class=\"jet-form-builder__required\">*<\/span><\/div><\/div><div class=\"jet-form-builder__field-wrap\">\n\t\t\t\t<input required=\"required\" name=\"Email\" id=\"Email\" type=\"email\" data-field-name=\"Email\" class=\"jet-form-builder__field text-field\" data-jfb-sync=\"null\" autocomplete=\"off_PZK75SMt\">\n\t\t\t\t\t<\/div>\n<\/div>\n\n<div  class=\"jet-form-builder-row field-type-text-field\" >\n<div class=\"jet-form-builder__label\">\r\n<div class=\"jet-form-builder__label-text\">Password <span class=\"jet-form-builder__required\">*<\/span><\/div><\/div><div class=\"jet-form-builder__field-wrap\">\n\t\t\t\t<input required=\"required\" name=\"Senha\" id=\"Senha\" type=\"password\" data-field-name=\"Senha\" class=\"jet-form-builder__field text-field\" data-jfb-sync=\"null\" autocomplete=\"off_z1e4Ctdr\">\n\t\t\t\t\t<\/div>\n<\/div>\n\n<input type=\"hidden\" class=\"captcha-token\" name=\"_captcha_token\" value=\"\"\/><div  class=\"jet-form-builder-row field-type-submit-field\" >\n\t<div data-type=\"submit\" class=\"jet-form-builder__action-button-wrapper jet-form-builder__submit-wrap\">\n\t<button class=\"jet-form-builder__action-button jet-form-builder__submit submit-type-ajax\" type=\"submit\">Sign in<\/button>\n\t<\/div>\n\t\n<\/div>\t<div class=\"jet-form-builder-messages-wrap\" data-form-id=\"73440\"><\/div>\n<\/form>\n\t\t\t\t<\/div>\n\t\t\t\t<\/div>\n\t\t\t\t<div class=\"elementor-element elementor-element-be8033d jedv-enabled--yes elementor-widget elementor-widget-heading\" data-id=\"be8033d\" data-element_type=\"widget\" data-widget_type=\"heading.default\">\n\t\t\t\t\t<h2 class=\"elementor-heading-title elementor-size-default\">Recuperar contrase\u00f1a\n<\/h2>\t\t\t\t<\/div>\n\t\t<div class=\"elementor-element elementor-element-ed30ac5 e-con-full e-flex e-con e-child\" data-id=\"ed30ac5\" data-element_type=\"container\" data-settings=\"{&quot;jet_parallax_layout_list&quot;:[]}\">\n\t\t\t\t<\/div>\n\t\t<div class=\"elementor-element elementor-element-1fa8cce e-con-full e-flex e-con e-child\" data-id=\"1fa8cce\" data-element_type=\"container\" data-settings=\"{&quot;jet_parallax_layout_list&quot;:[]}\">\n\t\t\t\t<div class=\"elementor-element elementor-element-d143de9 elementor-widget elementor-widget-heading\" data-id=\"d143de9\" data-element_type=\"widget\" data-widget_type=\"heading.default\">\n\t\t\t\t\t<h2 class=\"elementor-heading-title elementor-size-default\">Pol\u00edtica de privacidad\n<\/h2>\t\t\t\t<\/div>\n\t\t\t\t<div class=\"elementor-element elementor-element-4a908b0 elementor-widget elementor-widget-heading\" data-id=\"4a908b0\" data-element_type=\"widget\" data-widget_type=\"heading.default\">\n\t\t\t\t\t<h2 class=\"elementor-heading-title elementor-size-default\">Support<\/h2>\t\t\t\t<\/div>\n\t\t\t\t<\/div>\n\t\t\t\t<\/div>\n\t\t\t\t<\/div>\n\t\t\t\t\t<\/div>\n\t\t\t\t<\/div>\n\t\t<div class=\"elementor-element elementor-element-c5d9cd4 e-con-full e-flex e-con e-parent\" data-id=\"c5d9cd4\" data-element_type=\"container\" data-settings=\"{&quot;jet_parallax_layout_list&quot;:[]}\">\n\t\t\t\t<div class=\"elementor-element elementor-element-2b670fd elementor-widget elementor-widget-heading\" data-id=\"2b670fd\" data-element_type=\"widget\" data-widget_type=\"heading.default\">\n\t\t\t\t\t<h3 class=\"elementor-heading-title elementor-size-default\">Your profile<\/h3>\t\t\t\t<\/div>\n\t\t\t\t<\/div>\n\t\t<div class=\"elementor-element elementor-element-93e63ac e-con-full e-flex e-con e-parent\" data-id=\"93e63ac\" data-element_type=\"container\" data-settings=\"{&quot;jet_parallax_layout_list&quot;:[]}\">\n\t\t\t\t<div class=\"elementor-element elementor-element-d5bceb3 e-my-account-tabs-vertical elementor-widget elementor-widget-woocommerce-my-account\" data-id=\"d5bceb3\" data-element_type=\"widget\" data-widget_type=\"woocommerce-my-account.default\">\n\t\t\t\t\t<div class=\"e-my-account-tab e-my-account-tab__ \">\t\t\t<div class=\"woocommerce\"><\/div>\t\t<\/div>\n\t\t\t\t\t\t<\/div>\n\t\t\t\t<\/div>\n\t\t\t\t<\/div>\n\t\t","protected":false},"excerpt":{"rendered":"<p>Connection Samir E-mail * Password * Sign in Recuperar contrase\u00f1a Pol\u00edtica de privacidad Support Your profile Dashboard Requested Address Payment methods Details Wishlist exit Hello Daniel AJNET (not Daniel AJNET? Log out) From your account dashboard you can view your recent orders, manage your shipping and billing addresses, and edit your password and account details. [&hellip;]<\/p>\n","protected":false},"author":64,"featured_media":1780,"parent":0,"menu_order":0,"comment_status":"closed","ping_status":"closed","template":"","meta":{"footnotes":""},"class_list":["post-73161","page","type-page","status-publish","has-post-thumbnail","hentry"],"yoast_head":"<!-- This site is optimized with the Yoast SEO plugin v23.6 - https:\/\/yoast.com\/wordpress\/plugins\/seo\/ -->\n<title>My account - Presshops.com<\/title>\n<meta name=\"description\" content=\"Client area gives Presshops: access \u00e0s suas encomendas, faturas e data de conta. Beginning sess\u00e3o or registe-se.\" \/>\n<meta name=\"robots\" content=\"noindex, follow\" \/>\n<meta property=\"og:locale\" content=\"en_GB\" \/>\n<meta property=\"og:type\" content=\"article\" \/>\n<meta property=\"og:title\" content=\"My account - Presshops.com\" \/>\n<meta property=\"og:description\" content=\"Client area gives Presshops: access \u00e0s suas encomendas, faturas e data de conta. Beginning sess\u00e3o or registe-se.\" \/>\n<meta property=\"og:url\" content=\"https:\/\/presshops.com\/en\/my-account\/\" \/>\n<meta property=\"og:site_name\" content=\"Presshops\" \/>\n<meta property=\"article:publisher\" content=\"https:\/\/www.facebook.com\/privacy\/consent\/?flow=ad_free_subscription&amp;paramsafs_variant=first_time&amp;paramsgcl_experience_id=9a58486a-a682-46d1-ba7f-834b259b0b82&amp;source=ad_free_subscription_blocking_flow\" \/>\n<meta property=\"article:modified_time\" content=\"2026-02-26T10:46:42+00:00\" \/>\n<meta property=\"og:image\" content=\"https:\/\/presshops.com\/en\/wp-content\/uploads\/2023\/05\/Presshop_Logo-scaled.webp\" \/>\n\t<meta property=\"og:image:width\" content=\"2560\" \/>\n\t<meta property=\"og:image:height\" content=\"449\" \/>\n\t<meta property=\"og:image:type\" content=\"image\/webp\" \/>\n<meta name=\"twitter:card\" content=\"summary_large_image\" \/>\n<meta name=\"twitter:label1\" content=\"Estimated reading time\" \/>\n\t<meta name=\"twitter:data1\" content=\"1 minute\" \/>\n<script type=\"application\/ld+json\" class=\"yoast-schema-graph\">{\"@context\":\"https:\/\/schema.org\",\"@graph\":[{\"@type\":\"WebPage\",\"@id\":\"https:\/\/presshops.com\/en\/my-account\/\",\"url\":\"https:\/\/presshops.com\/en\/my-account\/\",\"name\":\"My account - Presshops.com\",\"isPartOf\":{\"@id\":\"https:\/\/presshops.com\/en\/#website\"},\"primaryImageOfPage\":{\"@id\":\"https:\/\/presshops.com\/en\/my-account\/#primaryimage\"},\"image\":{\"@id\":\"https:\/\/presshops.com\/en\/my-account\/#primaryimage\"},\"thumbnailUrl\":\"https:\/\/presshops.com\/en\/wp-content\/uploads\/2023\/05\/Presshop_Logo-scaled.webp\",\"datePublished\":\"2023-05-16T08:40:11+00:00\",\"dateModified\":\"2026-02-26T10:46:42+00:00\",\"description\":\"Client area gives Presshops: access \u00e0s suas encomendas, faturas e data de conta. Beginning sess\u00e3o or registe-se.\",\"breadcrumb\":{\"@id\":\"https:\/\/presshops.com\/en\/my-account\/#breadcrumb\"},\"inLanguage\":\"en-GB\",\"potentialAction\":[{\"@type\":\"ReadAction\",\"target\":[\"https:\/\/presshops.com\/en\/my-account\/\"]}]},{\"@type\":\"ImageObject\",\"inLanguage\":\"en-GB\",\"@id\":\"https:\/\/presshops.com\/en\/my-account\/#primaryimage\",\"url\":\"https:\/\/presshops.com\/en\/wp-content\/uploads\/2023\/05\/Presshop_Logo-scaled.webp\",\"contentUrl\":\"https:\/\/presshops.com\/en\/wp-content\/uploads\/2023\/05\/Presshop_Logo-scaled.webp\",\"width\":2560,\"height\":449,\"caption\":\"Log\u00f3tipo da Presshops, gr\u00e1fica online especializada em impress\u00e3o personalizada e produtos promocionais em Portugal\"},{\"@type\":\"BreadcrumbList\",\"@id\":\"https:\/\/presshops.com\/en\/my-account\/#breadcrumb\",\"itemListElement\":[{\"@type\":\"ListItem\",\"position\":1,\"name\":\"In\u00edcio\",\"item\":\"https:\/\/presshops.com\/en\/\"},{\"@type\":\"ListItem\",\"position\":2,\"name\":\"My account\"}]},{\"@type\":\"WebSite\",\"@id\":\"https:\/\/presshops.com\/en\/#website\",\"url\":\"https:\/\/presshops.com\/en\/\",\"name\":\"Presshops.com\",\"description\":\"Pressshops: online printing with 24\u201348 hour deliveries. Printing flyers, cards, roll-ups and more.\",\"publisher\":{\"@id\":\"https:\/\/presshops.com\/en\/#organization\"},\"alternateName\":\"Presshops\",\"potentialAction\":[{\"@type\":\"SearchAction\",\"target\":{\"@type\":\"EntryPoint\",\"urlTemplate\":\"https:\/\/presshops.com\/en\/?s={search_term_string}\"},\"query-input\":{\"@type\":\"PropertyValueSpecification\",\"valueRequired\":true,\"valueName\":\"search_term_string\"}}],\"inLanguage\":\"en-GB\"},{\"@type\":\"Organization\",\"@id\":\"https:\/\/presshops.com\/en\/#organization\",\"name\":\"Presshops.com\",\"alternateName\":\"Presshops: gr\u00e1fica online com entregas 24\u201348h. Impress\u00e3o de flyers, cart\u00f5es, roll-ups e mais.\",\"url\":\"https:\/\/presshops.com\/en\/\",\"logo\":{\"@type\":\"ImageObject\",\"inLanguage\":\"en-GB\",\"@id\":\"https:\/\/presshops.com\/en\/#\/schema\/logo\/image\/\",\"url\":\"https:\/\/presshops.com\/en\/wp-content\/uploads\/2023\/05\/Presshop_Logo-scaled.webp\",\"contentUrl\":\"https:\/\/presshops.com\/en\/wp-content\/uploads\/2023\/05\/Presshop_Logo-scaled.webp\",\"width\":2560,\"height\":449,\"caption\":\"Presshops.com\"},\"image\":{\"@id\":\"https:\/\/presshops.com\/en\/#\/schema\/logo\/image\/\"},\"sameAs\":[\"https:\/\/www.facebook.com\/privacy\/consent\/?flow=ad_free_subscription&paramsafs_variant=first_time&paramsgcl_experience_id=9a58486a-a682-46d1-ba7f-834b259b0b82&source=ad_free_subscription_blocking_flow\",\"https:\/\/www.instagram.com\/presshops\/\"]}]}<\/script>\n<!-- \/ Yoast SEO plugin. -->","yoast_head_json":{"title":"My account - Presshops.com","description":"Client area gives Presshops: access \u00e0s suas encomendas, faturas e data de conta. Beginning sess\u00e3o or registe-se.","robots":{"index":"noindex","follow":"follow"},"og_locale":"en_GB","og_type":"article","og_title":"My account - Presshops.com","og_description":"Client area gives Presshops: access \u00e0s suas encomendas, faturas e data de conta. Beginning sess\u00e3o or registe-se.","og_url":"https:\/\/presshops.com\/en\/my-account\/","og_site_name":"Presshops","article_publisher":"https:\/\/www.facebook.com\/privacy\/consent\/?flow=ad_free_subscription&paramsafs_variant=first_time&paramsgcl_experience_id=9a58486a-a682-46d1-ba7f-834b259b0b82&source=ad_free_subscription_blocking_flow","article_modified_time":"2026-02-26T10:46:42+00:00","og_image":[{"width":2560,"height":449,"url":"https:\/\/presshops.com\/en\/wp-content\/uploads\/2023\/05\/Presshop_Logo-scaled.webp","type":"image\/webp"}],"twitter_card":"summary_large_image","twitter_misc":{"Estimated reading time":"1 minute"},"schema":{"@context":"https:\/\/schema.org","@graph":[{"@type":"WebPage","@id":"https:\/\/presshops.com\/en\/my-account\/","url":"https:\/\/presshops.com\/en\/my-account\/","name":"My account - Presshops.com","isPartOf":{"@id":"https:\/\/presshops.com\/en\/#website"},"primaryImageOfPage":{"@id":"https:\/\/presshops.com\/en\/my-account\/#primaryimage"},"image":{"@id":"https:\/\/presshops.com\/en\/my-account\/#primaryimage"},"thumbnailUrl":"https:\/\/presshops.com\/en\/wp-content\/uploads\/2023\/05\/Presshop_Logo-scaled.webp","datePublished":"2023-05-16T08:40:11+00:00","dateModified":"2026-02-26T10:46:42+00:00","description":"Client area gives Presshops: access \u00e0s suas encomendas, faturas e data de conta. Beginning sess\u00e3o or registe-se.","breadcrumb":{"@id":"https:\/\/presshops.com\/en\/my-account\/#breadcrumb"},"inLanguage":"en-GB","potentialAction":[{"@type":"ReadAction","target":["https:\/\/presshops.com\/en\/my-account\/"]}]},{"@type":"ImageObject","inLanguage":"en-GB","@id":"https:\/\/presshops.com\/en\/my-account\/#primaryimage","url":"https:\/\/presshops.com\/en\/wp-content\/uploads\/2023\/05\/Presshop_Logo-scaled.webp","contentUrl":"https:\/\/presshops.com\/en\/wp-content\/uploads\/2023\/05\/Presshop_Logo-scaled.webp","width":2560,"height":449,"caption":"Log\u00f3tipo da Presshops, gr\u00e1fica online especializada em impress\u00e3o personalizada e produtos promocionais em Portugal"},{"@type":"BreadcrumbList","@id":"https:\/\/presshops.com\/en\/my-account\/#breadcrumb","itemListElement":[{"@type":"ListItem","position":1,"name":"In\u00edcio","item":"https:\/\/presshops.com\/en\/"},{"@type":"ListItem","position":2,"name":"My account"}]},{"@type":"WebSite","@id":"https:\/\/presshops.com\/en\/#website","url":"https:\/\/presshops.com\/en\/","name":"Presshops.com","description":"Pressshops: online printing with 24\u201348 hour deliveries. Printing flyers, cards, roll-ups and more.","publisher":{"@id":"https:\/\/presshops.com\/en\/#organization"},"alternateName":"Presshops","potentialAction":[{"@type":"SearchAction","target":{"@type":"EntryPoint","urlTemplate":"https:\/\/presshops.com\/en\/?s={search_term_string}"},"query-input":{"@type":"PropertyValueSpecification","valueRequired":true,"valueName":"search_term_string"}}],"inLanguage":"en-GB"},{"@type":"Organization","@id":"https:\/\/presshops.com\/en\/#organization","name":"Presshops.com","alternateName":"Presshops: gr\u00e1fica online com entregas 24\u201348h. Impress\u00e3o de flyers, cart\u00f5es, roll-ups e mais.","url":"https:\/\/presshops.com\/en\/","logo":{"@type":"ImageObject","inLanguage":"en-GB","@id":"https:\/\/presshops.com\/en\/#\/schema\/logo\/image\/","url":"https:\/\/presshops.com\/en\/wp-content\/uploads\/2023\/05\/Presshop_Logo-scaled.webp","contentUrl":"https:\/\/presshops.com\/en\/wp-content\/uploads\/2023\/05\/Presshop_Logo-scaled.webp","width":2560,"height":449,"caption":"Presshops.com"},"image":{"@id":"https:\/\/presshops.com\/en\/#\/schema\/logo\/image\/"},"sameAs":["https:\/\/www.facebook.com\/privacy\/consent\/?flow=ad_free_subscription&paramsafs_variant=first_time&paramsgcl_experience_id=9a58486a-a682-46d1-ba7f-834b259b0b82&source=ad_free_subscription_blocking_flow","https:\/\/www.instagram.com\/presshops\/"]}]}},"_links":{"self":[{"href":"https:\/\/presshops.com\/en\/wp-json\/wp\/v2\/pages\/73161","targetHints":{"allow":["GET"]}}],"collection":[{"href":"https:\/\/presshops.com\/en\/wp-json\/wp\/v2\/pages"}],"about":[{"href":"https:\/\/presshops.com\/en\/wp-json\/wp\/v2\/types\/page"}],"author":[{"embeddable":true,"href":"https:\/\/presshops.com\/en\/wp-json\/wp\/v2\/users\/64"}],"replies":[{"embeddable":true,"href":"https:\/\/presshops.com\/en\/wp-json\/wp\/v2\/comments?post=73161"}],"version-history":[{"count":18,"href":"https:\/\/presshops.com\/en\/wp-json\/wp\/v2\/pages\/73161\/revisions"}],"predecessor-version":[{"id":74003,"href":"https:\/\/presshops.com\/en\/wp-json\/wp\/v2\/pages\/73161\/revisions\/74003"}],"wp:featuredmedia":[{"embeddable":true,"href":"https:\/\/presshops.com\/en\/wp-json\/wp\/v2\/media\/1780"}],"wp:attachment":[{"href":"https:\/\/presshops.com\/en\/wp-json\/wp\/v2\/media?parent=73161"}],"curies":[{"name":"wp","href":"https:\/\/api.w.org\/{rel}","templated":true}]}}