{"id":11902,"date":"2025-10-11T13:55:28","date_gmt":"2025-10-11T12:55:28","guid":{"rendered":"https:\/\/presshops.ajnet.info\/?post_type=product&#038;p=11902"},"modified":"2025-10-28T10:36:28","modified_gmt":"2025-10-28T10:36:28","slug":"colete-refletor-personalizado","status":"publish","type":"product","link":"https:\/\/presshops.com\/en\/products\/colete-refletor-personalizado\/","title":{"rendered":"Vests"},"content":{"rendered":"","protected":false},"excerpt":{"rendered":"<p>Colete reflector de alta visibilidade Classe 2, adequado para pessoas entre 165-180 cm. Grande \u00e1rea de grava\u00e7\u00e3o na frente e nas costas do colete. Vestu\u00e1rio de visibilidade para uso profissional. Fundo fluorescente e fita refletora. Especifica\u00e7\u00e3o EN ISO 20471:2013+A1:2016. Estas pe\u00e7as de vestu\u00e1rio ostentam a marca\u00e7\u00e3o CE para demonstrar conformidade com o Regulamento da UE 2016\/425\/EU de Categoria II de Equipamento de Prote\u00e7\u00e3o Individual. Poli\u00e9ster.<\/p>\n","protected":false},"featured_media":51466,"template":"","meta":[],"product_brand":[],"product_cat":[205],"product_tag":[],"class_list":{"0":"post-11902","1":"product","2":"type-product","3":"status-publish","4":"has-post-thumbnail","6":"product_cat-coletes","7":"pa_quantidade-166","8":"pa_quantidade-167","9":"pa_quantidade-168","10":"pa_quantidade-169","11":"pa_quantidade-170","12":"pa_quantidade-171","13":"pa_quantidade-172","14":"pa_quantidade-153","15":"pa_quantidade-111","16":"pa_quantidade-112","17":"pa_quantidade-113","19":"first","20":"instock","21":"taxable","22":"shipping-taxable","23":"purchasable","24":"product-type-variable"},"yoast_head":"<!-- This site is optimized with the Yoast SEO plugin v23.6 - https:\/\/yoast.com\/wordpress\/plugins\/seo\/ -->\n<title>Vests Refletor Personalizado | Presshops<\/title>\n<meta name=\"description\" content=\"Colete refletor personalizado com o seu log\u00f3tipo. Alta visibilidade, qualidade profissional e prazos r\u00e1pidos. Encomende online na Presshops.\" \/>\n<meta name=\"robots\" content=\"index, follow, max-snippet:-1, max-image-preview:large, max-video-preview:-1\" \/>\n<link rel=\"canonical\" href=\"https:\/\/presshops.com\/en\/products\/colete-refletor-personalizado\/\" \/>\n<meta property=\"og:locale\" content=\"en_GB\" \/>\n<meta property=\"og:type\" content=\"article\" \/>\n<meta property=\"og:title\" content=\"Vests Refletor Personalizado | Presshops\" \/>\n<meta property=\"og:description\" content=\"Colete refletor personalizado com o seu log\u00f3tipo. Alta visibilidade, qualidade profissional e prazos r\u00e1pidos. Encomende online na Presshops.\" \/>\n<meta property=\"og:url\" content=\"https:\/\/presshops.com\/en\/products\/colete-refletor-personalizado\/\" \/>\n<meta property=\"og:site_name\" content=\"Presshops\" \/>\n<meta property=\"article:publisher\" content=\"https:\/\/www.facebook.com\/privacy\/consent\/?flow=ad_free_subscription&amp;paramsafs_variant=first_time&amp;paramsgcl_experience_id=9a58486a-a682-46d1-ba7f-834b259b0b82&amp;source=ad_free_subscription_blocking_flow\" \/>\n<meta property=\"article:modified_time\" content=\"2025-10-28T10:36:28+00:00\" \/>\n<meta property=\"og:image\" content=\"https:\/\/presshops.com\/en\/wp-content\/uploads\/2025\/10\/colete-refletor-1.webp\" \/>\n\t<meta property=\"og:image:width\" content=\"2000\" \/>\n\t<meta property=\"og:image:height\" content=\"2000\" \/>\n\t<meta property=\"og:image:type\" content=\"image\/webp\" \/>\n<meta name=\"twitter:card\" content=\"summary_large_image\" \/>\n<meta name=\"twitter:label1\" content=\"Estimated reading time\" \/>\n\t<meta name=\"twitter:data1\" content=\"1 minute\" \/>\n<script type=\"application\/ld+json\" class=\"yoast-schema-graph\">{\"@context\":\"https:\/\/schema.org\",\"@graph\":[{\"@type\":\"WebPage\",\"@id\":\"https:\/\/presshops.com\/en\/products\/colete-refletor-personalizado\/\",\"url\":\"https:\/\/presshops.com\/en\/products\/colete-refletor-personalizado\/\",\"name\":\"Vests Refletor Personalizado | Presshops\",\"isPartOf\":{\"@id\":\"https:\/\/presshops.com\/en\/#website\"},\"primaryImageOfPage\":{\"@id\":\"https:\/\/presshops.com\/en\/products\/colete-refletor-personalizado\/#primaryimage\"},\"image\":{\"@id\":\"https:\/\/presshops.com\/en\/products\/colete-refletor-personalizado\/#primaryimage\"},\"thumbnailUrl\":\"https:\/\/presshops.com\/en\/wp-content\/uploads\/2025\/10\/colete-refletor-1.webp\",\"datePublished\":\"2025-10-11T12:55:28+00:00\",\"dateModified\":\"2025-10-28T10:36:28+00:00\",\"description\":\"Colete refletor personalizado com o seu log\u00f3tipo. Alta visibilidade, qualidade profissional e prazos r\u00e1pidos. Encomende online na Presshops.\",\"breadcrumb\":{\"@id\":\"https:\/\/presshops.com\/en\/products\/colete-refletor-personalizado\/#breadcrumb\"},\"inLanguage\":\"en-GB\",\"potentialAction\":[{\"@type\":\"ReadAction\",\"target\":[\"https:\/\/presshops.com\/en\/products\/colete-refletor-personalizado\/\"]}]},{\"@type\":\"ImageObject\",\"inLanguage\":\"en-GB\",\"@id\":\"https:\/\/presshops.com\/en\/products\/colete-refletor-personalizado\/#primaryimage\",\"url\":\"https:\/\/presshops.com\/en\/wp-content\/uploads\/2025\/10\/colete-refletor-1.webp\",\"contentUrl\":\"https:\/\/presshops.com\/en\/wp-content\/uploads\/2025\/10\/colete-refletor-1.webp\",\"width\":2000,\"height\":2000,\"caption\":\"Colete refletor personalizado com o seu log\u00f3tipo. Alta visibilidade, qualidade profissional e prazos r\u00e1pidos.\"},{\"@type\":\"BreadcrumbList\",\"@id\":\"https:\/\/presshops.com\/en\/products\/colete-refletor-personalizado\/#breadcrumb\",\"itemListElement\":[{\"@type\":\"ListItem\",\"position\":1,\"name\":\"In\u00edcio\",\"item\":\"https:\/\/presshops.com\/en\/\"},{\"@type\":\"ListItem\",\"position\":2,\"name\":\"Products\",\"item\":\"https:\/\/presshops.com\/en\/shop\/\"},{\"@type\":\"ListItem\",\"position\":3,\"name\":\"Vests\"}]},{\"@type\":\"WebSite\",\"@id\":\"https:\/\/presshops.com\/en\/#website\",\"url\":\"https:\/\/presshops.com\/en\/\",\"name\":\"Presshops.com\",\"description\":\"Pressshops: online printing with 24\u201348 hour deliveries. Printing flyers, cards, roll-ups and more.\",\"publisher\":{\"@id\":\"https:\/\/presshops.com\/en\/#organization\"},\"alternateName\":\"Presshops\",\"potentialAction\":[{\"@type\":\"SearchAction\",\"target\":{\"@type\":\"EntryPoint\",\"urlTemplate\":\"https:\/\/presshops.com\/en\/?s={search_term_string}\"},\"query-input\":{\"@type\":\"PropertyValueSpecification\",\"valueRequired\":true,\"valueName\":\"search_term_string\"}}],\"inLanguage\":\"en-GB\"},{\"@type\":\"Organization\",\"@id\":\"https:\/\/presshops.com\/en\/#organization\",\"name\":\"Presshops.com\",\"alternateName\":\"Presshops: gr\u00e1fica online com entregas 24\u201348h. Impress\u00e3o de flyers, cart\u00f5es, roll-ups e mais.\",\"url\":\"https:\/\/presshops.com\/en\/\",\"logo\":{\"@type\":\"ImageObject\",\"inLanguage\":\"en-GB\",\"@id\":\"https:\/\/presshops.com\/en\/#\/schema\/logo\/image\/\",\"url\":\"https:\/\/presshops.com\/en\/wp-content\/uploads\/2023\/05\/Presshop_Logo-scaled.webp\",\"contentUrl\":\"https:\/\/presshops.com\/en\/wp-content\/uploads\/2023\/05\/Presshop_Logo-scaled.webp\",\"width\":2560,\"height\":449,\"caption\":\"Presshops.com\"},\"image\":{\"@id\":\"https:\/\/presshops.com\/en\/#\/schema\/logo\/image\/\"},\"sameAs\":[\"https:\/\/www.facebook.com\/privacy\/consent\/?flow=ad_free_subscription&paramsafs_variant=first_time&paramsgcl_experience_id=9a58486a-a682-46d1-ba7f-834b259b0b82&source=ad_free_subscription_blocking_flow\",\"https:\/\/www.instagram.com\/presshops\/\"]}]}<\/script>\n<!-- \/ Yoast SEO plugin. -->","yoast_head_json":{"title":"Vests Refletor Personalizado | Presshops","description":"Colete refletor personalizado com o seu log\u00f3tipo. Alta visibilidade, qualidade profissional e prazos r\u00e1pidos. Encomende online na Presshops.","robots":{"index":"index","follow":"follow","max-snippet":"max-snippet:-1","max-image-preview":"max-image-preview:large","max-video-preview":"max-video-preview:-1"},"canonical":"https:\/\/presshops.com\/en\/products\/colete-refletor-personalizado\/","og_locale":"en_GB","og_type":"article","og_title":"Vests Refletor Personalizado | Presshops","og_description":"Colete refletor personalizado com o seu log\u00f3tipo. Alta visibilidade, qualidade profissional e prazos r\u00e1pidos. Encomende online na Presshops.","og_url":"https:\/\/presshops.com\/en\/products\/colete-refletor-personalizado\/","og_site_name":"Presshops","article_publisher":"https:\/\/www.facebook.com\/privacy\/consent\/?flow=ad_free_subscription&paramsafs_variant=first_time&paramsgcl_experience_id=9a58486a-a682-46d1-ba7f-834b259b0b82&source=ad_free_subscription_blocking_flow","article_modified_time":"2025-10-28T10:36:28+00:00","og_image":[{"width":2000,"height":2000,"url":"https:\/\/presshops.com\/en\/wp-content\/uploads\/2025\/10\/colete-refletor-1.webp","type":"image\/webp"}],"twitter_card":"summary_large_image","twitter_misc":{"Estimated reading time":"1 minute"},"schema":{"@context":"https:\/\/schema.org","@graph":[{"@type":"WebPage","@id":"https:\/\/presshops.com\/en\/products\/colete-refletor-personalizado\/","url":"https:\/\/presshops.com\/en\/products\/colete-refletor-personalizado\/","name":"Vests Refletor Personalizado | Presshops","isPartOf":{"@id":"https:\/\/presshops.com\/en\/#website"},"primaryImageOfPage":{"@id":"https:\/\/presshops.com\/en\/products\/colete-refletor-personalizado\/#primaryimage"},"image":{"@id":"https:\/\/presshops.com\/en\/products\/colete-refletor-personalizado\/#primaryimage"},"thumbnailUrl":"https:\/\/presshops.com\/en\/wp-content\/uploads\/2025\/10\/colete-refletor-1.webp","datePublished":"2025-10-11T12:55:28+00:00","dateModified":"2025-10-28T10:36:28+00:00","description":"Colete refletor personalizado com o seu log\u00f3tipo. Alta visibilidade, qualidade profissional e prazos r\u00e1pidos. Encomende online na Presshops.","breadcrumb":{"@id":"https:\/\/presshops.com\/en\/products\/colete-refletor-personalizado\/#breadcrumb"},"inLanguage":"en-GB","potentialAction":[{"@type":"ReadAction","target":["https:\/\/presshops.com\/en\/products\/colete-refletor-personalizado\/"]}]},{"@type":"ImageObject","inLanguage":"en-GB","@id":"https:\/\/presshops.com\/en\/products\/colete-refletor-personalizado\/#primaryimage","url":"https:\/\/presshops.com\/en\/wp-content\/uploads\/2025\/10\/colete-refletor-1.webp","contentUrl":"https:\/\/presshops.com\/en\/wp-content\/uploads\/2025\/10\/colete-refletor-1.webp","width":2000,"height":2000,"caption":"Colete refletor personalizado com o seu log\u00f3tipo. Alta visibilidade, qualidade profissional e prazos r\u00e1pidos."},{"@type":"BreadcrumbList","@id":"https:\/\/presshops.com\/en\/products\/colete-refletor-personalizado\/#breadcrumb","itemListElement":[{"@type":"ListItem","position":1,"name":"In\u00edcio","item":"https:\/\/presshops.com\/en\/"},{"@type":"ListItem","position":2,"name":"Products","item":"https:\/\/presshops.com\/en\/shop\/"},{"@type":"ListItem","position":3,"name":"Vests"}]},{"@type":"WebSite","@id":"https:\/\/presshops.com\/en\/#website","url":"https:\/\/presshops.com\/en\/","name":"Presshops.com","description":"Pressshops: online printing with 24\u201348 hour deliveries. Printing flyers, cards, roll-ups and more.","publisher":{"@id":"https:\/\/presshops.com\/en\/#organization"},"alternateName":"Presshops","potentialAction":[{"@type":"SearchAction","target":{"@type":"EntryPoint","urlTemplate":"https:\/\/presshops.com\/en\/?s={search_term_string}"},"query-input":{"@type":"PropertyValueSpecification","valueRequired":true,"valueName":"search_term_string"}}],"inLanguage":"en-GB"},{"@type":"Organization","@id":"https:\/\/presshops.com\/en\/#organization","name":"Presshops.com","alternateName":"Presshops: gr\u00e1fica online com entregas 24\u201348h. Impress\u00e3o de flyers, cart\u00f5es, roll-ups e mais.","url":"https:\/\/presshops.com\/en\/","logo":{"@type":"ImageObject","inLanguage":"en-GB","@id":"https:\/\/presshops.com\/en\/#\/schema\/logo\/image\/","url":"https:\/\/presshops.com\/en\/wp-content\/uploads\/2023\/05\/Presshop_Logo-scaled.webp","contentUrl":"https:\/\/presshops.com\/en\/wp-content\/uploads\/2023\/05\/Presshop_Logo-scaled.webp","width":2560,"height":449,"caption":"Presshops.com"},"image":{"@id":"https:\/\/presshops.com\/en\/#\/schema\/logo\/image\/"},"sameAs":["https:\/\/www.facebook.com\/privacy\/consent\/?flow=ad_free_subscription&paramsafs_variant=first_time&paramsgcl_experience_id=9a58486a-a682-46d1-ba7f-834b259b0b82&source=ad_free_subscription_blocking_flow","https:\/\/www.instagram.com\/presshops\/"]}]}},"_links":{"self":[{"href":"https:\/\/presshops.com\/en\/wp-json\/wp\/v2\/product\/11902","targetHints":{"allow":["GET"]}}],"collection":[{"href":"https:\/\/presshops.com\/en\/wp-json\/wp\/v2\/product"}],"about":[{"href":"https:\/\/presshops.com\/en\/wp-json\/wp\/v2\/types\/product"}],"wp:featuredmedia":[{"embeddable":true,"href":"https:\/\/presshops.com\/en\/wp-json\/wp\/v2\/media\/51466"}],"wp:attachment":[{"href":"https:\/\/presshops.com\/en\/wp-json\/wp\/v2\/media?parent=11902"}],"wp:term":[{"taxonomy":"product_brand","embeddable":true,"href":"https:\/\/presshops.com\/en\/wp-json\/wp\/v2\/product_brand?post=11902"},{"taxonomy":"product_cat","embeddable":true,"href":"https:\/\/presshops.com\/en\/wp-json\/wp\/v2\/product_cat?post=11902"},{"taxonomy":"product_tag","embeddable":true,"href":"https:\/\/presshops.com\/en\/wp-json\/wp\/v2\/product_tag?post=11902"}],"curies":[{"name":"wp","href":"https:\/\/api.w.org\/{rel}","templated":true}]}}