{"id":8548,"date":"2025-10-09T11:25:46","date_gmt":"2025-10-09T10:25:46","guid":{"rendered":"https:\/\/presshops.ajnet.info\/?post_type=product&#038;p=8548"},"modified":"2025-12-19T11:32:32","modified_gmt":"2025-12-19T11:32:32","slug":"cartoes-marcacao","status":"publish","type":"product","link":"https:\/\/presshops.com\/en\/products\/cartoes-marcacao\/","title":{"rendered":"Appointment Cards"},"content":{"rendered":"","protected":false},"excerpt":{"rendered":"<p>Appointment cards are a must-have for clinics, salons, beauty centers, and service providers. At Presshops, we print on premium-quality paper for a professional and lasting impression. Fully customizable with your logo, contact details, and design, they help create a polished and consistent brand image. A simple yet powerful way to improve customer retention and organization.<\/p>\n","protected":false},"featured_media":51504,"template":"","meta":[],"product_brand":[],"product_cat":[95],"product_tag":[],"class_list":{"0":"post-8548","1":"product","2":"type-product","3":"status-publish","4":"has-post-thumbnail","6":"product_cat-cartoes","7":"pa_capa-frente","8":"pa_capa-frente-e-verso","9":"pa_cor-preto-e-branco","10":"pa_cor-cor","11":"pa_quantidade-111","12":"pa_quantidade-112","13":"pa_quantidade-113","14":"pa_quantidade-114","15":"pa_quantidade-115","16":"pa_quantidade-116","18":"first","19":"instock","20":"taxable","21":"shipping-taxable","22":"purchasable","23":"product-type-variable"},"yoast_head":"<!-- This site is optimized with the Yoast SEO plugin v23.6 - https:\/\/yoast.com\/wordpress\/plugins\/seo\/ -->\n<title>Custom appointment cards for companies and services | Presshops<\/title>\n<meta name=\"description\" content=\"Custom appointment cards, ideal for clinics, salons and service businesses. Professional printing for better customer organization.\" \/>\n<meta name=\"robots\" content=\"index, follow, max-snippet:-1, max-image-preview:large, max-video-preview:-1\" \/>\n<link rel=\"canonical\" href=\"https:\/\/presshops.com\/en\/products\/cartoes-marcacao\/\" \/>\n<meta property=\"og:locale\" content=\"en_GB\" \/>\n<meta property=\"og:type\" content=\"article\" \/>\n<meta property=\"og:title\" content=\"Custom appointment cards for companies and services | Presshops\" \/>\n<meta property=\"og:description\" content=\"Custom appointment cards, ideal for clinics, salons and service businesses. Professional printing for better customer organization.\" \/>\n<meta property=\"og:url\" content=\"https:\/\/presshops.com\/en\/products\/cartoes-marcacao\/\" \/>\n<meta property=\"og:site_name\" content=\"Presshops\" \/>\n<meta property=\"article:publisher\" content=\"https:\/\/www.facebook.com\/privacy\/consent\/?flow=ad_free_subscription&amp;paramsafs_variant=first_time&amp;paramsgcl_experience_id=9a58486a-a682-46d1-ba7f-834b259b0b82&amp;source=ad_free_subscription_blocking_flow\" \/>\n<meta property=\"article:modified_time\" content=\"2025-12-19T11:32:32+00:00\" \/>\n<meta property=\"og:image\" content=\"https:\/\/presshops.com\/en\/wp-content\/uploads\/2025\/10\/cartao_marcacao_1.webp\" \/>\n\t<meta property=\"og:image:width\" content=\"2000\" \/>\n\t<meta property=\"og:image:height\" content=\"2000\" \/>\n\t<meta property=\"og:image:type\" content=\"image\/webp\" \/>\n<meta name=\"twitter:card\" content=\"summary_large_image\" \/>\n<meta name=\"twitter:label1\" content=\"Estimated reading time\" \/>\n\t<meta name=\"twitter:data1\" content=\"1 minute\" \/>\n<script type=\"application\/ld+json\" class=\"yoast-schema-graph\">{\"@context\":\"https:\/\/schema.org\",\"@graph\":[{\"@type\":\"WebPage\",\"@id\":\"https:\/\/presshops.com\/en\/products\/cartoes-marcacao\/\",\"url\":\"https:\/\/presshops.com\/en\/products\/cartoes-marcacao\/\",\"name\":\"Custom appointment cards for companies and services | Presshops\",\"isPartOf\":{\"@id\":\"https:\/\/presshops.com\/en\/#website\"},\"primaryImageOfPage\":{\"@id\":\"https:\/\/presshops.com\/en\/products\/cartoes-marcacao\/#primaryimage\"},\"image\":{\"@id\":\"https:\/\/presshops.com\/en\/products\/cartoes-marcacao\/#primaryimage\"},\"thumbnailUrl\":\"https:\/\/presshops.com\/en\/wp-content\/uploads\/2025\/10\/cartao_marcacao_1.webp\",\"datePublished\":\"2025-10-09T10:25:46+00:00\",\"dateModified\":\"2025-12-19T11:32:32+00:00\",\"description\":\"Custom appointment cards, ideal for clinics, salons and service businesses. Professional printing for better customer organization.\",\"breadcrumb\":{\"@id\":\"https:\/\/presshops.com\/en\/products\/cartoes-marcacao\/#breadcrumb\"},\"inLanguage\":\"en-GB\",\"potentialAction\":[{\"@type\":\"ReadAction\",\"target\":[\"https:\/\/presshops.com\/en\/products\/cartoes-marcacao\/\"]}]},{\"@type\":\"ImageObject\",\"inLanguage\":\"en-GB\",\"@id\":\"https:\/\/presshops.com\/en\/products\/cartoes-marcacao\/#primaryimage\",\"url\":\"https:\/\/presshops.com\/en\/wp-content\/uploads\/2025\/10\/cartao_marcacao_1.webp\",\"contentUrl\":\"https:\/\/presshops.com\/en\/wp-content\/uploads\/2025\/10\/cartao_marcacao_1.webp\",\"width\":2000,\"height\":2000,\"caption\":\"Cart\u00f5es de marca\u00e7\u00e3o Presshops em tons azul e creme, personalizados com log\u00f3tipo, ideais para sal\u00f5es, cl\u00ednicas e empresas de servi\u00e7os.\"},{\"@type\":\"BreadcrumbList\",\"@id\":\"https:\/\/presshops.com\/en\/products\/cartoes-marcacao\/#breadcrumb\",\"itemListElement\":[{\"@type\":\"ListItem\",\"position\":1,\"name\":\"In\u00edcio\",\"item\":\"https:\/\/presshops.com\/en\/\"},{\"@type\":\"ListItem\",\"position\":2,\"name\":\"Products\",\"item\":\"https:\/\/presshops.com\/en\/shop\/\"},{\"@type\":\"ListItem\",\"position\":3,\"name\":\"Appointment Cards\"}]},{\"@type\":\"WebSite\",\"@id\":\"https:\/\/presshops.com\/en\/#website\",\"url\":\"https:\/\/presshops.com\/en\/\",\"name\":\"Presshops.com\",\"description\":\"Pressshops: online printing with 24\u201348 hour deliveries. Printing flyers, cards, roll-ups and more.\",\"publisher\":{\"@id\":\"https:\/\/presshops.com\/en\/#organization\"},\"alternateName\":\"Presshops\",\"potentialAction\":[{\"@type\":\"SearchAction\",\"target\":{\"@type\":\"EntryPoint\",\"urlTemplate\":\"https:\/\/presshops.com\/en\/?s={search_term_string}\"},\"query-input\":{\"@type\":\"PropertyValueSpecification\",\"valueRequired\":true,\"valueName\":\"search_term_string\"}}],\"inLanguage\":\"en-GB\"},{\"@type\":\"Organization\",\"@id\":\"https:\/\/presshops.com\/en\/#organization\",\"name\":\"Presshops.com\",\"alternateName\":\"Presshops: gr\u00e1fica online com entregas 24\u201348h. Impress\u00e3o de flyers, cart\u00f5es, roll-ups e mais.\",\"url\":\"https:\/\/presshops.com\/en\/\",\"logo\":{\"@type\":\"ImageObject\",\"inLanguage\":\"en-GB\",\"@id\":\"https:\/\/presshops.com\/en\/#\/schema\/logo\/image\/\",\"url\":\"https:\/\/presshops.com\/en\/wp-content\/uploads\/2023\/05\/Presshop_Logo-scaled.webp\",\"contentUrl\":\"https:\/\/presshops.com\/en\/wp-content\/uploads\/2023\/05\/Presshop_Logo-scaled.webp\",\"width\":2560,\"height\":449,\"caption\":\"Presshops.com\"},\"image\":{\"@id\":\"https:\/\/presshops.com\/en\/#\/schema\/logo\/image\/\"},\"sameAs\":[\"https:\/\/www.facebook.com\/privacy\/consent\/?flow=ad_free_subscription&paramsafs_variant=first_time&paramsgcl_experience_id=9a58486a-a682-46d1-ba7f-834b259b0b82&source=ad_free_subscription_blocking_flow\",\"https:\/\/www.instagram.com\/presshops\/\"]}]}<\/script>\n<!-- \/ Yoast SEO plugin. -->","yoast_head_json":{"title":"Custom appointment cards for companies and services | Presshops","description":"Custom appointment cards, ideal for clinics, salons and service businesses. Professional printing for better customer organization.","robots":{"index":"index","follow":"follow","max-snippet":"max-snippet:-1","max-image-preview":"max-image-preview:large","max-video-preview":"max-video-preview:-1"},"canonical":"https:\/\/presshops.com\/en\/products\/cartoes-marcacao\/","og_locale":"en_GB","og_type":"article","og_title":"Custom appointment cards for companies and services | Presshops","og_description":"Custom appointment cards, ideal for clinics, salons and service businesses. Professional printing for better customer organization.","og_url":"https:\/\/presshops.com\/en\/products\/cartoes-marcacao\/","og_site_name":"Presshops","article_publisher":"https:\/\/www.facebook.com\/privacy\/consent\/?flow=ad_free_subscription&paramsafs_variant=first_time&paramsgcl_experience_id=9a58486a-a682-46d1-ba7f-834b259b0b82&source=ad_free_subscription_blocking_flow","article_modified_time":"2025-12-19T11:32:32+00:00","og_image":[{"width":2000,"height":2000,"url":"https:\/\/presshops.com\/en\/wp-content\/uploads\/2025\/10\/cartao_marcacao_1.webp","type":"image\/webp"}],"twitter_card":"summary_large_image","twitter_misc":{"Estimated reading time":"1 minute"},"schema":{"@context":"https:\/\/schema.org","@graph":[{"@type":"WebPage","@id":"https:\/\/presshops.com\/en\/products\/cartoes-marcacao\/","url":"https:\/\/presshops.com\/en\/products\/cartoes-marcacao\/","name":"Custom appointment cards for companies and services | Presshops","isPartOf":{"@id":"https:\/\/presshops.com\/en\/#website"},"primaryImageOfPage":{"@id":"https:\/\/presshops.com\/en\/products\/cartoes-marcacao\/#primaryimage"},"image":{"@id":"https:\/\/presshops.com\/en\/products\/cartoes-marcacao\/#primaryimage"},"thumbnailUrl":"https:\/\/presshops.com\/en\/wp-content\/uploads\/2025\/10\/cartao_marcacao_1.webp","datePublished":"2025-10-09T10:25:46+00:00","dateModified":"2025-12-19T11:32:32+00:00","description":"Custom appointment cards, ideal for clinics, salons and service businesses. Professional printing for better customer organization.","breadcrumb":{"@id":"https:\/\/presshops.com\/en\/products\/cartoes-marcacao\/#breadcrumb"},"inLanguage":"en-GB","potentialAction":[{"@type":"ReadAction","target":["https:\/\/presshops.com\/en\/products\/cartoes-marcacao\/"]}]},{"@type":"ImageObject","inLanguage":"en-GB","@id":"https:\/\/presshops.com\/en\/products\/cartoes-marcacao\/#primaryimage","url":"https:\/\/presshops.com\/en\/wp-content\/uploads\/2025\/10\/cartao_marcacao_1.webp","contentUrl":"https:\/\/presshops.com\/en\/wp-content\/uploads\/2025\/10\/cartao_marcacao_1.webp","width":2000,"height":2000,"caption":"Cart\u00f5es de marca\u00e7\u00e3o Presshops em tons azul e creme, personalizados com log\u00f3tipo, ideais para sal\u00f5es, cl\u00ednicas e empresas de servi\u00e7os."},{"@type":"BreadcrumbList","@id":"https:\/\/presshops.com\/en\/products\/cartoes-marcacao\/#breadcrumb","itemListElement":[{"@type":"ListItem","position":1,"name":"In\u00edcio","item":"https:\/\/presshops.com\/en\/"},{"@type":"ListItem","position":2,"name":"Products","item":"https:\/\/presshops.com\/en\/shop\/"},{"@type":"ListItem","position":3,"name":"Appointment Cards"}]},{"@type":"WebSite","@id":"https:\/\/presshops.com\/en\/#website","url":"https:\/\/presshops.com\/en\/","name":"Presshops.com","description":"Pressshops: online printing with 24\u201348 hour deliveries. Printing flyers, cards, roll-ups and more.","publisher":{"@id":"https:\/\/presshops.com\/en\/#organization"},"alternateName":"Presshops","potentialAction":[{"@type":"SearchAction","target":{"@type":"EntryPoint","urlTemplate":"https:\/\/presshops.com\/en\/?s={search_term_string}"},"query-input":{"@type":"PropertyValueSpecification","valueRequired":true,"valueName":"search_term_string"}}],"inLanguage":"en-GB"},{"@type":"Organization","@id":"https:\/\/presshops.com\/en\/#organization","name":"Presshops.com","alternateName":"Presshops: gr\u00e1fica online com entregas 24\u201348h. Impress\u00e3o de flyers, cart\u00f5es, roll-ups e mais.","url":"https:\/\/presshops.com\/en\/","logo":{"@type":"ImageObject","inLanguage":"en-GB","@id":"https:\/\/presshops.com\/en\/#\/schema\/logo\/image\/","url":"https:\/\/presshops.com\/en\/wp-content\/uploads\/2023\/05\/Presshop_Logo-scaled.webp","contentUrl":"https:\/\/presshops.com\/en\/wp-content\/uploads\/2023\/05\/Presshop_Logo-scaled.webp","width":2560,"height":449,"caption":"Presshops.com"},"image":{"@id":"https:\/\/presshops.com\/en\/#\/schema\/logo\/image\/"},"sameAs":["https:\/\/www.facebook.com\/privacy\/consent\/?flow=ad_free_subscription&paramsafs_variant=first_time&paramsgcl_experience_id=9a58486a-a682-46d1-ba7f-834b259b0b82&source=ad_free_subscription_blocking_flow","https:\/\/www.instagram.com\/presshops\/"]}]}},"_links":{"self":[{"href":"https:\/\/presshops.com\/en\/wp-json\/wp\/v2\/product\/8548","targetHints":{"allow":["GET"]}}],"collection":[{"href":"https:\/\/presshops.com\/en\/wp-json\/wp\/v2\/product"}],"about":[{"href":"https:\/\/presshops.com\/en\/wp-json\/wp\/v2\/types\/product"}],"wp:featuredmedia":[{"embeddable":true,"href":"https:\/\/presshops.com\/en\/wp-json\/wp\/v2\/media\/51504"}],"wp:attachment":[{"href":"https:\/\/presshops.com\/en\/wp-json\/wp\/v2\/media?parent=8548"}],"wp:term":[{"taxonomy":"product_brand","embeddable":true,"href":"https:\/\/presshops.com\/en\/wp-json\/wp\/v2\/product_brand?post=8548"},{"taxonomy":"product_cat","embeddable":true,"href":"https:\/\/presshops.com\/en\/wp-json\/wp\/v2\/product_cat?post=8548"},{"taxonomy":"product_tag","embeddable":true,"href":"https:\/\/presshops.com\/en\/wp-json\/wp\/v2\/product_tag?post=8548"}],"curies":[{"name":"wp","href":"https:\/\/api.w.org\/{rel}","templated":true}]}}