{"id":1442,"date":"2025-04-03T13:03:51","date_gmt":"2025-04-03T12:03:51","guid":{"rendered":"https:\/\/presshops.ajnet.info\/?page_id=1442"},"modified":"2026-02-27T16:08:41","modified_gmt":"2026-02-27T16:08:41","slug":"politica_de_privacidad","status":"publish","type":"page","link":"https:\/\/presshops.com\/es\/politica_de_privacidad\/","title":{"rendered":"Pol\u00edtica de Privacidade"},"content":{"rendered":"\t\t<div data-elementor-type=\"wp-page\" data-elementor-id=\"1442\" class=\"elementor elementor-1442\" data-elementor-post-type=\"page\">\n\t\t\t\t<div class=\"elementor-element elementor-element-614d645 e-con-full e-flex e-con e-parent\" data-id=\"614d645\" data-element_type=\"container\" data-settings=\"{&quot;jet_parallax_layout_list&quot;:[]}\">\n\t\t\t\t<div class=\"elementor-element elementor-element-99ed821 elementor-widget elementor-widget-heading\" data-id=\"99ed821\" data-element_type=\"widget\" data-widget_type=\"heading.default\">\n\t\t\t\t\t<h1 class=\"elementor-heading-title elementor-size-default\">Pol\u00edtica de privacidad\n<\/h1>\t\t\t\t<\/div>\n\t\t\t\t<div class=\"elementor-element elementor-element-dab8119 elementor-widget elementor-widget-text-editor\" data-id=\"dab8119\" data-element_type=\"widget\" data-widget_type=\"text-editor.default\">\n\t\t\t\t\t\t\t\t\t<p><strong>AJNET, S.A. \u2013 NIF 504 592 033<\/strong><br \/>\nZona Industrial da Maia I, Sector I<br \/>\nRua de Raimundo Dur\u00e3es Magalh\u00e3es, 203 | 4475-189 Maia, Portugal<\/p>\n\n<p><strong>Sitio web:<\/strong> <a href=\"https:\/\/presshops.com\/\" target=\"_blank\" rel=\"noopener\">https:\/\/presshops.com\/<\/a><\/p>\n\n<p><strong>Qu\u00e9 datos personales se recopilan y c\u00f3mo<\/strong><\/p>\n\n<p><strong>Formularios<\/strong><\/p>\n<ul>\n  <li>Cuando env\u00eda un formulario de atenci\u00f3n al cliente, recopilamos su <strong>nombre<\/strong> y <strong>correo electr\u00f3nico<\/strong> para poder comunicarnos con usted.<\/li>\n  <li>Cuando env\u00eda un formulario para la <strong>apertura de ficha de cliente<\/strong>, los datos se utilizan \u00fanicamente con fines de <strong>facturaci\u00f3n<\/strong>.<\/li>\n<\/ul>\n\n<p><strong>Google Analytics<\/strong><\/p>\n<p>Utilizamos Google Analytics para analizar las visitas al sitio web. Google Analytics usa <strong>cookies<\/strong> para recopilar datos.<br \/>\nPara cumplir con la normativa aplicable, se han activado configuraciones de protecci\u00f3n de datos. Los datos recopilados se <strong>tratan de forma an\u00f3nima<\/strong> y la <strong>compartici\u00f3n de datos<\/strong> est\u00e1 <strong>desactivada<\/strong>.<br \/>\nNo utilizamos otros servicios de Google en combinaci\u00f3n con las cookies de Google Analytics.<\/p>\n\n<p><strong>Multimedia<\/strong><\/p>\n<p>Si carga im\u00e1genes en el sitio web, evite archivos con <strong>datos de ubicaci\u00f3n incorporados (EXIF\/GPS)<\/strong>. Los visitantes pueden descargar y extraer datos de ubicaci\u00f3n de las im\u00e1genes publicadas.<\/p>\n\n<p><strong>Cookies<\/strong><\/p>\n<p>Una \u201c<strong>cookie<\/strong>\u201d es un peque\u00f1o archivo que se guarda en su dispositivo cuando visita un sitio web, lee un correo electr\u00f3nico o utiliza una aplicaci\u00f3n o programa m\u00f3vil.<br \/>\nLas cookies utilizadas en el sitio tienen diferentes finalidades. Puede <strong>aceptar<\/strong> o <strong>rechazar<\/strong> la instalaci\u00f3n de cookies y <strong>gestionar<\/strong> su almacenamiento o uso en cualquier momento desde la configuraci\u00f3n de su navegador.<\/p>\n\n<p><strong>C\u00f3mo gestionar las cookies en su navegador<\/strong><\/p>\n<p>La configuraci\u00f3n detallada se encuentra en el men\u00fa de <strong>Ayuda<\/strong> de su navegador. Ejemplos:<\/p>\n\n<p><strong>Internet Explorer<\/strong><\/p>\n<ol>\n  <li>Men\u00fa \u201cOpciones de Internet\u201d \u2192 pesta\u00f1a \u201cPrivacidad\u201d \u2192 \u201cAvanzadas\u201d;<\/li>\n  <li>Seleccionar \u201cIgnorar la gesti\u00f3n autom\u00e1tica de cookies\u201d;<\/li>\n  <li>Definir \u201cAceptar\u201d para cookies propias y \u201cRechazar\u201d para cookies de terceros;<\/li>\n  <li>Guardar con \u201cOK\u201d.<\/li>\n<\/ol>\n\n<p><strong>Safari<\/strong><\/p>\n<ol>\n  <li>Men\u00fa \u201cPreferencias\u201d \u2192 pesta\u00f1a \u201cSeguridad\u201d;<\/li>\n  <li>En \u201cAceptar cookies\u201d, seleccionar \u201cSolo de los sitios que visito\u201d.<\/li>\n<\/ol>\n\n<p><strong>Chrome<\/strong><\/p>\n<ol>\n  <li>Men\u00fa \u201cConfiguraci\u00f3n\u201d;<\/li>\n  <li>\u201cPrivacidad y seguridad\u201d \u2192 \u201cCookies y otros datos del sitio\u201d;<\/li>\n  <li>Activar la opci\u00f3n para <strong>bloquear cookies de terceros<\/strong>;<\/li>\n  <li>Guardar.<\/li>\n<\/ol>\n\n<p><strong>Firefox<\/strong><\/p>\n<ol>\n  <li>\u201cConfiguraci\u00f3n\u201d \u2192 \u201cPrivacidad y seguridad\u201d;<\/li>\n  <li>En \u201cHistorial\u201d, elegir \u201cUsar configuraci\u00f3n personalizada\u201d;<\/li>\n  <li>En \u201cAceptar cookies de terceros\u201d, seleccionar \u201cNunca\u201d;<\/li>\n  <li>Guardar.<\/li>\n<\/ol>\n\n<p>Para otros navegadores o dispositivos, consulte la documentaci\u00f3n oficial del fabricante.<\/p>\n\n<p><strong>Contenidos incrustados de otros sitios<\/strong><\/p>\n<p>Los art\u00edculos en este sitio pueden incluir contenidos incrustados (videos, im\u00e1genes, art\u00edculos, etc.). Dichos contenidos se comportan como si visitara el sitio de origen y pueden recopilar datos, usar cookies, incorporar seguimiento de terceros y monitorizar sus interacciones, incluso si tiene una sesi\u00f3n iniciada en esos sitios.<\/p>\n\n<p><strong>Con qui\u00e9n compartimos sus datos<\/strong><\/p>\n<p>Sus datos personales pueden ser divulgados a <strong>terceros proveedores de servicios<\/strong> (por ejemplo, empresas de facturaci\u00f3n o transporte) contratados por AJNET, o a entidades que, de forma aut\u00f3noma, traten los datos recopilados por AJNET, <strong>solo para los fines<\/strong> para los cuales fueron recopilados.<br \/>\nTambi\u00e9n podemos divulgar datos para:<br \/>\n\u2013 cumplir con la <strong>ley<\/strong>;<br \/>\n\u2013 responder a <strong>investigaciones<\/strong> judiciales o gubernamentales;<br \/>\n\u2013 cumplir con <strong>procesos legales<\/strong> v\u00e1lidos;<br \/>\n\u2013 proteger los <strong>derechos o la propiedad<\/strong> de AJNET.<\/p>\n\n<p><strong>Plazo de conservaci\u00f3n<\/strong><\/p>\n<ul>\n  <li><strong>Comentarios:<\/strong> el comentario y sus metadatos se conservan <strong>indefinidamente<\/strong> para permitir el reconocimiento y la aprobaci\u00f3n autom\u00e1tica de comentarios posteriores.<\/li>\n  <li><strong>Cuentas de usuario (si aplica):<\/strong> guardamos los datos del perfil. Los usuarios pueden <strong>ver, editar o eliminar<\/strong> sus datos en cualquier momento (excepto el nombre de usuario). Los administradores del sitio tambi\u00e9n pueden ver y editar esta informaci\u00f3n.<\/li>\n<\/ul>\n\n<p><strong>Sus derechos<\/strong><\/p>\n<p>Si tiene una cuenta en el sitio o ha dejado comentarios, puede solicitar un <strong>archivo de exportaci\u00f3n<\/strong> con sus datos personales, as\u00ed como solicitar la <strong>eliminaci\u00f3n<\/strong> de dichos datos.<br \/>\nEsto no incluye los datos cuya conservaci\u00f3n sea <strong>obligatoria<\/strong> por motivos administrativos, legales o de seguridad.<\/p>\n\n<p><strong>Destino de los datos<\/strong><\/p>\n<p>Los comentarios de los visitantes pueden ser verificados por un <strong>servicio autom\u00e1tico de detecci\u00f3n de spam<\/strong>.<\/p>\n\n<p><strong>Informaci\u00f3n de contacto<\/strong><\/p>\n<p>Dudas adicionales: <a href=\"mailto:info@ajnet.net\">info@ajnet.net<\/a><\/p>\n\t\t\t\t\t\t\t\t<\/div>\n\t\t\t\t<\/div>\n\t\t<div class=\"elementor-element elementor-element-a2f5fb0 e-con-full e-flex e-con e-parent\" data-id=\"a2f5fb0\" data-element_type=\"container\" data-settings=\"{&quot;jet_parallax_layout_list&quot;:[]}\">\n\t\t\t\t<div class=\"elementor-element elementor-element-5d0d918 elementor-widget elementor-widget-heading\" data-id=\"5d0d918\" data-element_type=\"widget\" data-widget_type=\"heading.default\">\n\t\t\t\t\t<h2 class=\"elementor-heading-title elementor-size-default\">Declaraci\u00f3n de consentimiento de datos personales\n<\/h2>\t\t\t\t<\/div>\n\t\t\t\t<div class=\"elementor-element elementor-element-72f1c51 elementor-widget elementor-widget-text-editor\" data-id=\"72f1c51\" data-element_type=\"widget\" data-widget_type=\"text-editor.default\">\n\t\t\t\t\t\t\t\t\t<p><strong>AJNET, S.A.<\/strong> concede gran importancia a la protecci\u00f3n de los datos personales; por ello, los recopila, procesa y utiliza conforme al Reglamento General de Protecci\u00f3n de Datos (Reg. 2016\/679 (UE), de 27 de abril) y de acuerdo con los principios que se mencionan a continuaci\u00f3n.<\/p>\n\n<ol>\n  <li>Los datos personales del Cliente ser\u00e1n tratados en la estricta medida del cumplimiento integral de las obligaciones contractuales y legales de <strong>AJNET, S.A.<\/strong>, siendo las finalidades de su tratamiento esencialmente las siguientes:<\/li>\n<\/ol>\n\n<ul>\n  <li>Procesamiento de facturaci\u00f3n, incluyendo facturaci\u00f3n electr\u00f3nica;<\/li>\n  <li>Archivo en papel y electr\u00f3nico de documentos;<\/li>\n  <li>Cobros y pagos;<\/li>\n  <li>Otras finalidades independientes de las anteriores que se comuniquen oportunamente.<\/li>\n<\/ul>\n\n<ol start=\"2\">\n  <li>El Cliente es informado de que sus datos personales ser\u00e1n conservados por un per\u00edodo de 1 (un) a\u00f1o despu\u00e9s de la finalizaci\u00f3n de la relaci\u00f3n contractual, sin perjuicio de que dicho plazo se extienda durante la duraci\u00f3n de cualquier proceso judicial o procedimiento ante una entidad administrativa, as\u00ed como por los plazos de conservaci\u00f3n de documentos impuestos por disposiciones legales, especialmente por la legislaci\u00f3n laboral, fiscal y contributiva.<\/li>\n  <li>El Cliente es informado de que tiene derecho a acceder a sus datos personales y a aquellos que le conciernan, as\u00ed como a su rectificaci\u00f3n y eliminaci\u00f3n. Si aplica, podr\u00e1 solicitar la limitaci\u00f3n del tratamiento y ejercer su derecho de oposici\u00f3n o portabilidad de los datos.<\/li>\n  <li>El Cliente tiene derecho a presentar una reclamaci\u00f3n ante la autoridad nacional de control: la Comisi\u00f3n Nacional de Protecci\u00f3n de Datos.<\/li>\n  <li>Sin perjuicio de la verificaci\u00f3n de otras condiciones y legitimidades aplicables, el Cliente autoriza el registro, la organizaci\u00f3n, la conservaci\u00f3n, la consulta, la utilizaci\u00f3n y la comunicaci\u00f3n de los datos personales que haya facilitado a <strong>AJNET, S.A.<\/strong>.<\/li>\n  <li>El Cliente ha sido informado de la existencia del derecho a retirar su consentimiento en cualquier momento, sin que ello afecte a la licitud del tratamiento realizado con base en el consentimiento previamente otorgado para una finalidad determinada.<\/li>\n  <li>Para solicitar modificaciones en las autorizaciones, el Cliente deber\u00e1 utilizar el correo electr\u00f3nico: <a href=\"mailto:info@ajnet.net\"><span style=\"text-decoration: underline;\"><strong>info@ajnet.net<\/strong><\/span><\/a>.<\/li>\n  <li>El Cliente declara reconocer y aceptar, comprometi\u00e9ndose a respetar, todas las normas de funcionamiento interno y pol\u00edticas internas vigentes aprobadas por <strong>AJNET, S.A.<\/strong>.<\/li>\n  <li>Asimismo, se informa que <strong>AJNET, S.A.<\/strong> ha implementado la firma digital y, en consecuencia, todos los documentos son firmados digitalmente con una firma certificada.<\/li>\n<\/ol>\n\t\t\t\t\t\t\t\t<\/div>\n\t\t\t\t<\/div>\n\t\t<div class=\"elementor-element elementor-element-3b66c00 e-flex e-con-boxed e-con e-parent\" data-id=\"3b66c00\" data-element_type=\"container\" data-settings=\"{&quot;jet_parallax_layout_list&quot;:[]}\">\n\t\t\t\t\t<div class=\"e-con-inner\">\n\t\t\t\t\t<\/div>\n\t\t\t\t<\/div>\n\t\t\t\t<\/div>\n\t\t","protected":false},"excerpt":{"rendered":"<p>Pol\u00edtica de privacidad AJNET, S.A. \u2013 NIF 504 592 033 Zona Industrial da Maia I, Sector I Rua de Raimundo Dur\u00e3es Magalh\u00e3es, 203 | 4475-189 Maia, Portugal Sitio web: https:\/\/presshops.com\/ Qu\u00e9 datos personales se recopilan y c\u00f3mo Formularios Cuando env\u00eda un formulario de atenci\u00f3n al cliente, recopilamos su nombre y correo electr\u00f3nico para poder comunicarnos [&hellip;]<\/p>\n","protected":false},"author":64,"featured_media":0,"parent":0,"menu_order":0,"comment_status":"closed","ping_status":"closed","template":"","meta":{"footnotes":""},"class_list":["post-1442","page","type-page","status-publish","hentry"],"yoast_head":"<!-- This site is optimized with the Yoast SEO plugin v23.6 - https:\/\/yoast.com\/wordpress\/plugins\/seo\/ -->\n<title>Pol\u00edtica de Privacidad | Presshops<\/title>\n<meta name=\"description\" content=\"Consulta la Pol\u00edtica de Privacidad de Presshops y descubre c\u00f3mo recopilamos, utilizamos y protegemos tus datos personales.\" \/>\n<meta name=\"robots\" content=\"index, follow, max-snippet:-1, max-image-preview:large, max-video-preview:-1\" \/>\n<link rel=\"canonical\" href=\"https:\/\/presshops.com\/es\/politica_de_privacidad\/\" \/>\n<meta property=\"og:locale\" content=\"es_ES\" \/>\n<meta property=\"og:type\" content=\"article\" \/>\n<meta property=\"og:title\" content=\"Pol\u00edtica de Privacidad | Presshops\" \/>\n<meta property=\"og:description\" content=\"Consulta la Pol\u00edtica de Privacidad de Presshops y descubre c\u00f3mo recopilamos, utilizamos y protegemos tus datos personales.\" \/>\n<meta property=\"og:url\" content=\"https:\/\/presshops.com\/es\/politica_de_privacidad\/\" \/>\n<meta property=\"og:site_name\" content=\"Presshops\" \/>\n<meta property=\"article:publisher\" content=\"https:\/\/www.facebook.com\/privacy\/consent\/?flow=ad_free_subscription&amp;paramsafs_variant=first_time&amp;paramsgcl_experience_id=9a58486a-a682-46d1-ba7f-834b259b0b82&amp;source=ad_free_subscription_blocking_flow\" \/>\n<meta property=\"article:modified_time\" content=\"2026-02-27T16:08:41+00:00\" \/>\n<meta property=\"og:image\" content=\"https:\/\/presshops.com\/es\/wp-content\/uploads\/2023\/05\/Presshop_Logo-scaled.webp\" \/>\n\t<meta property=\"og:image:width\" content=\"2560\" \/>\n\t<meta property=\"og:image:height\" content=\"449\" \/>\n\t<meta property=\"og:image:type\" content=\"image\/webp\" \/>\n<meta name=\"twitter:card\" content=\"summary_large_image\" \/>\n<meta name=\"twitter:label1\" content=\"Tiempo de lectura\" \/>\n\t<meta name=\"twitter:data1\" content=\"5 minutos\" \/>\n<script type=\"application\/ld+json\" class=\"yoast-schema-graph\">{\"@context\":\"https:\/\/schema.org\",\"@graph\":[{\"@type\":\"WebPage\",\"@id\":\"https:\/\/presshops.com\/es\/politica_de_privacidad\/\",\"url\":\"https:\/\/presshops.com\/es\/politica_de_privacidad\/\",\"name\":\"Pol\u00edtica de Privacidad | Presshops\",\"isPartOf\":{\"@id\":\"https:\/\/presshops.com\/es\/#website\"},\"datePublished\":\"2025-04-03T12:03:51+00:00\",\"dateModified\":\"2026-02-27T16:08:41+00:00\",\"description\":\"Consulta la Pol\u00edtica de Privacidad de Presshops y descubre c\u00f3mo recopilamos, utilizamos y protegemos tus datos personales.\",\"breadcrumb\":{\"@id\":\"https:\/\/presshops.com\/es\/politica_de_privacidad\/#breadcrumb\"},\"inLanguage\":\"es\",\"potentialAction\":[{\"@type\":\"ReadAction\",\"target\":[\"https:\/\/presshops.com\/es\/politica_de_privacidad\/\"]}]},{\"@type\":\"BreadcrumbList\",\"@id\":\"https:\/\/presshops.com\/es\/politica_de_privacidad\/#breadcrumb\",\"itemListElement\":[{\"@type\":\"ListItem\",\"position\":1,\"name\":\"In\u00edcio\",\"item\":\"https:\/\/presshops.com\/es\/\"},{\"@type\":\"ListItem\",\"position\":2,\"name\":\"Pol\u00edtica de Privacidade\"}]},{\"@type\":\"WebSite\",\"@id\":\"https:\/\/presshops.com\/es\/#website\",\"url\":\"https:\/\/presshops.com\/es\/\",\"name\":\"Presshops.com\",\"description\":\"Presshops: gr\u00e1fica online com entregas 24\u201348h. Impress\u00e3o de flyers, cart\u00f5es, roll-ups muito mais.\",\"publisher\":{\"@id\":\"https:\/\/presshops.com\/es\/#organization\"},\"alternateName\":\"Presshops\",\"potentialAction\":[{\"@type\":\"SearchAction\",\"target\":{\"@type\":\"EntryPoint\",\"urlTemplate\":\"https:\/\/presshops.com\/es\/?s={search_term_string}\"},\"query-input\":{\"@type\":\"PropertyValueSpecification\",\"valueRequired\":true,\"valueName\":\"search_term_string\"}}],\"inLanguage\":\"es\"},{\"@type\":\"Organization\",\"@id\":\"https:\/\/presshops.com\/es\/#organization\",\"name\":\"Presshops.com\",\"alternateName\":\"Presshops: gr\u00e1fica online com entregas 24\u201348h. Impress\u00e3o de flyers, cart\u00f5es, roll-ups e mais.\",\"url\":\"https:\/\/presshops.com\/es\/\",\"logo\":{\"@type\":\"ImageObject\",\"inLanguage\":\"es\",\"@id\":\"https:\/\/presshops.com\/es\/#\/schema\/logo\/image\/\",\"url\":\"https:\/\/presshops.com\/es\/wp-content\/uploads\/2023\/05\/Presshop_Logo-scaled.webp\",\"contentUrl\":\"https:\/\/presshops.com\/es\/wp-content\/uploads\/2023\/05\/Presshop_Logo-scaled.webp\",\"width\":2560,\"height\":449,\"caption\":\"Presshops.com\"},\"image\":{\"@id\":\"https:\/\/presshops.com\/es\/#\/schema\/logo\/image\/\"},\"sameAs\":[\"https:\/\/www.facebook.com\/privacy\/consent\/?flow=ad_free_subscription&paramsafs_variant=first_time&paramsgcl_experience_id=9a58486a-a682-46d1-ba7f-834b259b0b82&source=ad_free_subscription_blocking_flow\",\"https:\/\/www.instagram.com\/presshops\/\"]}]}<\/script>\n<!-- \/ Yoast SEO plugin. -->","yoast_head_json":{"title":"Pol\u00edtica de Privacidad | Presshops","description":"Consulta la Pol\u00edtica de Privacidad de Presshops y descubre c\u00f3mo recopilamos, utilizamos y protegemos tus datos personales.","robots":{"index":"index","follow":"follow","max-snippet":"max-snippet:-1","max-image-preview":"max-image-preview:large","max-video-preview":"max-video-preview:-1"},"canonical":"https:\/\/presshops.com\/es\/politica_de_privacidad\/","og_locale":"es_ES","og_type":"article","og_title":"Pol\u00edtica de Privacidad | Presshops","og_description":"Consulta la Pol\u00edtica de Privacidad de Presshops y descubre c\u00f3mo recopilamos, utilizamos y protegemos tus datos personales.","og_url":"https:\/\/presshops.com\/es\/politica_de_privacidad\/","og_site_name":"Presshops","article_publisher":"https:\/\/www.facebook.com\/privacy\/consent\/?flow=ad_free_subscription&paramsafs_variant=first_time&paramsgcl_experience_id=9a58486a-a682-46d1-ba7f-834b259b0b82&source=ad_free_subscription_blocking_flow","article_modified_time":"2026-02-27T16:08:41+00:00","og_image":[{"width":2560,"height":449,"url":"https:\/\/presshops.com\/es\/wp-content\/uploads\/2023\/05\/Presshop_Logo-scaled.webp","type":"image\/webp"}],"twitter_card":"summary_large_image","twitter_misc":{"Tiempo de lectura":"5 minutos"},"schema":{"@context":"https:\/\/schema.org","@graph":[{"@type":"WebPage","@id":"https:\/\/presshops.com\/es\/politica_de_privacidad\/","url":"https:\/\/presshops.com\/es\/politica_de_privacidad\/","name":"Pol\u00edtica de Privacidad | Presshops","isPartOf":{"@id":"https:\/\/presshops.com\/es\/#website"},"datePublished":"2025-04-03T12:03:51+00:00","dateModified":"2026-02-27T16:08:41+00:00","description":"Consulta la Pol\u00edtica de Privacidad de Presshops y descubre c\u00f3mo recopilamos, utilizamos y protegemos tus datos personales.","breadcrumb":{"@id":"https:\/\/presshops.com\/es\/politica_de_privacidad\/#breadcrumb"},"inLanguage":"es","potentialAction":[{"@type":"ReadAction","target":["https:\/\/presshops.com\/es\/politica_de_privacidad\/"]}]},{"@type":"BreadcrumbList","@id":"https:\/\/presshops.com\/es\/politica_de_privacidad\/#breadcrumb","itemListElement":[{"@type":"ListItem","position":1,"name":"In\u00edcio","item":"https:\/\/presshops.com\/es\/"},{"@type":"ListItem","position":2,"name":"Pol\u00edtica de Privacidade"}]},{"@type":"WebSite","@id":"https:\/\/presshops.com\/es\/#website","url":"https:\/\/presshops.com\/es\/","name":"Presshops.com","description":"Presshops: gr\u00e1fica online com entregas 24\u201348h. Impress\u00e3o de flyers, cart\u00f5es, roll-ups muito mais.","publisher":{"@id":"https:\/\/presshops.com\/es\/#organization"},"alternateName":"Presshops","potentialAction":[{"@type":"SearchAction","target":{"@type":"EntryPoint","urlTemplate":"https:\/\/presshops.com\/es\/?s={search_term_string}"},"query-input":{"@type":"PropertyValueSpecification","valueRequired":true,"valueName":"search_term_string"}}],"inLanguage":"es"},{"@type":"Organization","@id":"https:\/\/presshops.com\/es\/#organization","name":"Presshops.com","alternateName":"Presshops: gr\u00e1fica online com entregas 24\u201348h. Impress\u00e3o de flyers, cart\u00f5es, roll-ups e mais.","url":"https:\/\/presshops.com\/es\/","logo":{"@type":"ImageObject","inLanguage":"es","@id":"https:\/\/presshops.com\/es\/#\/schema\/logo\/image\/","url":"https:\/\/presshops.com\/es\/wp-content\/uploads\/2023\/05\/Presshop_Logo-scaled.webp","contentUrl":"https:\/\/presshops.com\/es\/wp-content\/uploads\/2023\/05\/Presshop_Logo-scaled.webp","width":2560,"height":449,"caption":"Presshops.com"},"image":{"@id":"https:\/\/presshops.com\/es\/#\/schema\/logo\/image\/"},"sameAs":["https:\/\/www.facebook.com\/privacy\/consent\/?flow=ad_free_subscription&paramsafs_variant=first_time&paramsgcl_experience_id=9a58486a-a682-46d1-ba7f-834b259b0b82&source=ad_free_subscription_blocking_flow","https:\/\/www.instagram.com\/presshops\/"]}]}},"_links":{"self":[{"href":"https:\/\/presshops.com\/es\/wp-json\/wp\/v2\/pages\/1442","targetHints":{"allow":["GET"]}}],"collection":[{"href":"https:\/\/presshops.com\/es\/wp-json\/wp\/v2\/pages"}],"about":[{"href":"https:\/\/presshops.com\/es\/wp-json\/wp\/v2\/types\/page"}],"author":[{"embeddable":true,"href":"https:\/\/presshops.com\/es\/wp-json\/wp\/v2\/users\/64"}],"replies":[{"embeddable":true,"href":"https:\/\/presshops.com\/es\/wp-json\/wp\/v2\/comments?post=1442"}],"version-history":[{"count":3,"href":"https:\/\/presshops.com\/es\/wp-json\/wp\/v2\/pages\/1442\/revisions"}],"predecessor-version":[{"id":73333,"href":"https:\/\/presshops.com\/es\/wp-json\/wp\/v2\/pages\/1442\/revisions\/73333"}],"wp:attachment":[{"href":"https:\/\/presshops.com\/es\/wp-json\/wp\/v2\/media?parent=1442"}],"curies":[{"name":"wp","href":"https:\/\/api.w.org\/{rel}","templated":true}]}}