{"id":1472,"date":"2025-04-10T09:26:37","date_gmt":"2025-04-10T08:26:37","guid":{"rendered":"https:\/\/presshops.ajnet.info\/?page_id=1472"},"modified":"2026-02-27T16:25:09","modified_gmt":"2026-02-27T16:25:09","slug":"terminos_y_condiciones","status":"publish","type":"page","link":"https:\/\/presshops.com\/es\/terminos_y_condiciones\/","title":{"rendered":"Termos e condi\u00e7\u00f5es"},"content":{"rendered":"\t\t<div data-elementor-type=\"wp-page\" data-elementor-id=\"1472\" class=\"elementor elementor-1472\" data-elementor-post-type=\"page\">\n\t\t\t\t<div class=\"elementor-element elementor-element-b0d6461 e-con-full e-flex e-con e-parent\" data-id=\"b0d6461\" data-element_type=\"container\" data-settings=\"{&quot;jet_parallax_layout_list&quot;:[]}\">\n\t\t\t\t<div class=\"elementor-element elementor-element-73faca0 elementor-widget elementor-widget-heading\" data-id=\"73faca0\" data-element_type=\"widget\" data-widget_type=\"heading.default\">\n\t\t\t\t\t<h2 class=\"elementor-heading-title elementor-size-default\">T\u00e9rminos y condiciones\n<\/h2>\t\t\t\t<\/div>\n\t\t\t\t<div class=\"elementor-element elementor-element-9e9afab elementor-widget elementor-widget-text-editor\" data-id=\"9e9afab\" data-element_type=\"widget\" data-widget_type=\"text-editor.default\">\n\t\t\t\t\t\t\t\t\t<p data-start=\"87\" data-end=\"238\"><strong data-start=\"87\" data-end=\"132\">AJNET, S.A \u2013 Contribuyente n\u00ba 504 592 033<\/strong><br data-start=\"132\" data-end=\"135\" \/>Zona Industrial de Maia I, Sector I<br data-start=\"170\" data-end=\"173\" \/>Rua de Raimundo Dur\u00e3es Magalh\u00e3es, 203 | 4475-189 Maia, Portugal<\/p><p data-start=\"240\" data-end=\"285\">Nuestro sitio web es: <a class=\"decorated-link\" href=\"https:\/\/presshops.com\" target=\"_new\" rel=\"noopener\" data-start=\"262\" data-end=\"283\">https:\/\/presshops.com<\/a><\/p><h6 data-start=\"292\" data-end=\"304\">PRE\u00c1MBULO<\/h6><p data-start=\"306\" data-end=\"760\">Las presentes condiciones generales de venta se celebran entre <strong data-start=\"369\" data-end=\"383\">AJNET, S.A<\/strong>, con domicilio social en Zona Industrial da Maia I, Sector I, Rua de Raimundo Dur\u00e3es Magalh\u00e3es, 203 | 4475-189 Maia, Portugal, n\u00famero de identificaci\u00f3n fiscal 504 592 033, y contacto \u2013 <a class=\"decorated-link cursor-pointer\" rel=\"noopener\" data-start=\"569\" data-end=\"587\">info@presshops.com<\/a>, en adelante denominada <strong data-start=\"612\" data-end=\"628\">\u00abAJNET, S.A\u00bb<\/strong>, y las personas que deseen realizar compras a trav\u00e9s del sitio web <a class=\"decorated-link\" href=\"https:\/\/presshops.com\" target=\"_new\" rel=\"noopener\" data-start=\"696\" data-end=\"717\">https:\/\/presshops.com<\/a>, en adelante denominadas <strong data-start=\"743\" data-end=\"759\">\u00abel Usuario\u00bb<\/strong>.<\/p><p data-start=\"762\" data-end=\"1001\">Las partes acuerdan que las compras realizadas a trav\u00e9s del sitio web <a class=\"decorated-link\" href=\"https:\/\/presshops.com\" target=\"_new\" rel=\"noopener\" data-start=\"832\" data-end=\"853\">https:\/\/presshops.com<\/a> estar\u00e1n reguladas exclusivamente por el presente contrato, con exclusi\u00f3n de cualesquiera otras condiciones previamente disponibles en el sitio web.<\/p><h5 data-start=\"1008\" data-end=\"1030\">ART\u00cdCULO 1 \u2013 OBJETO<\/h5><p data-start=\"1032\" data-end=\"1287\">Las presentes condiciones generales de venta tienen por objeto definir y poner a disposici\u00f3n del Usuario toda la informaci\u00f3n necesaria sobre las modalidades de pedido, venta, pago y prestaci\u00f3n del servicio efectuadas en el sitio web <a class=\"decorated-link\" href=\"https:\/\/presshops.com\" target=\"_new\" rel=\"noopener\" data-start=\"1265\" data-end=\"1286\">https:\/\/presshops.com<\/a>.<\/p><p data-start=\"1289\" data-end=\"1445\">Estas condiciones regulan todas las etapas necesarias para la realizaci\u00f3n de la compra y garantizan el seguimiento de la prestaci\u00f3n del servicio al Usuario.<\/p><h5 data-start=\"1452\" data-end=\"1474\">ART\u00cdCULO 2 \u2013 PEDIDO<\/h5><p data-start=\"1476\" data-end=\"1677\">El Usuario formaliza su pedido mediante la finalizaci\u00f3n del proceso de compra presentado en el sitio web <a class=\"decorated-link\" href=\"https:\/\/presshops.com\" target=\"_new\" rel=\"noopener\" data-start=\"1581\" data-end=\"1602\">https:\/\/presshops.com<\/a>, a\u00f1adiendo al carrito el\/los producto(s) o servicio(s) que desea encargar.<\/p><p data-start=\"1679\" data-end=\"1720\">Para enviar su pedido, el Usuario deber\u00e1:<\/p><p data-start=\"1722\" data-end=\"2222\">a) Registrarse en el sitio web <a class=\"decorated-link\" href=\"https:\/\/presshops.com\" target=\"_new\" rel=\"noopener\" data-start=\"1753\" data-end=\"1774\">https:\/\/presshops.com<\/a>, facilitando la informaci\u00f3n solicitada a tal efecto;<br data-start=\"1827\" data-end=\"1830\" \/>b) Iniciar sesi\u00f3n (\u00ablogin\u00bb) mediante una combinaci\u00f3n de correo electr\u00f3nico y contrase\u00f1a elegidos en el momento del registro;<br data-start=\"1954\" data-end=\"1957\" \/>c) Completar la informaci\u00f3n y seleccionar las opciones disponibles durante el proceso de finalizaci\u00f3n del pedido (direcci\u00f3n de entrega y facturaci\u00f3n, m\u00e9todo de env\u00edo, m\u00e9todo de pago, as\u00ed como el NIF y el nombre que, a efectos fiscales, deban figurar en la factura).<\/p><p data-start=\"2224\" data-end=\"2523\">La confirmaci\u00f3n final del pedido por parte del Usuario implica la aceptaci\u00f3n plena y completa de los precios y de la descripci\u00f3n de los productos\/servicios disponibles para la venta, as\u00ed como de las presentes Condiciones Generales de Venta, que ser\u00e1n las \u00fanicas aplicables al contrato as\u00ed celebrado.<\/p><p data-start=\"2525\" data-end=\"2700\">AJNET, S.A atender\u00e1 los pedidos recibidos en l\u00ednea. En caso de indisponibilidad de la prestaci\u00f3n del servicio, se compromete a informar al Usuario a la mayor brevedad posible.<\/p><p data-start=\"2702\" data-end=\"2846\">Los datos que figuren en la factura son responsabilidad exclusiva del Usuario. Una vez emitida la factura, no podr\u00e1 ser reemitida ni modificada.<\/p><p data-start=\"2848\" data-end=\"3296\">Los pedidos tienen una validez de 5 d\u00edas, salvo que se realicen en el marco de una campa\u00f1a promocional que establezca un plazo diferente. No se garantiza el mantenimiento de precios, descuentos, promociones u ofertas una vez transcurrido dicho plazo. Si el pago no es recibido por nuestros servicios dentro del plazo indicado, el pedido no podr\u00e1 ser validado. Cualquier importe recibido con posterioridad ser\u00e1 devuelto o aplicado a un nuevo pedido.<\/p><h3 data-start=\"3298\" data-end=\"3349\">Cl\u00e1usula de responsabilidad por personalizaci\u00f3n<\/h3><p data-start=\"3351\" data-end=\"3669\">La personalizaci\u00f3n o impresi\u00f3n sobre materiales no suministrados por nuestra empresa implica que el cliente acepta y reconoce que todos los riesgos asociados a dichos materiales, incluyendo su idoneidad para el proceso, as\u00ed como la eventual aparici\u00f3n de da\u00f1os, defectos o p\u00e9rdidas, son de su exclusiva responsabilidad.<\/p><p data-start=\"3671\" data-end=\"3863\">Nuestra empresa queda expresamente exenta de cualquier responsabilidad por tales circunstancias, incluida la necesidad de realizar pruebas o la posible falta de material durante la producci\u00f3n.<\/p><p data-start=\"3865\" data-end=\"4089\">Asimismo, la verificaci\u00f3n de las cantidades de material entregadas para la personalizaci\u00f3n\/impresi\u00f3n y, posteriormente, de las cantidades recogidas tras la finalizaci\u00f3n del servicio, es responsabilidad exclusiva del cliente.<\/p><h5 data-start=\"4096\" data-end=\"4116\">ART\u00cdCULO 3 \u2013 PAGO<\/h5><p data-start=\"4118\" data-end=\"4234\">En el sitio web <a class=\"decorated-link\" href=\"https:\/\/presshops.com\" target=\"_new\" rel=\"noopener\" data-start=\"4134\" data-end=\"4155\">https:\/\/presshops.com<\/a>, AJNET, S.A pone a disposici\u00f3n del Usuario las siguientes modalidades de pago:<\/p><p data-start=\"4236\" data-end=\"4334\">a) Tarjeta de cr\u00e9dito (Visa, Mastercard);<br data-start=\"4277\" data-end=\"4280\" \/>b) Referencia Multibanco;<br data-start=\"4305\" data-end=\"4308\" \/>c) Transferencia bancaria.<\/p><p data-start=\"4336\" data-end=\"4656\">En el caso de pago mediante tarjeta de cr\u00e9dito, el cargo se efectuar\u00e1 inmediatamente tras la confirmaci\u00f3n de la capacidad de prestaci\u00f3n del servicio. Si alguno de los servicios solicitados no pudiera ser prestado, el importe correspondiente ser\u00e1 abonado nuevamente en la tarjeta del Usuario una vez finalizado el pedido.<\/p><h5 data-start=\"4663\" data-end=\"4702\">ART\u00cdCULO 4 \u2013 INTERGA<\/h5><p data-start=\"4704\" data-end=\"4794\">La puesta a disposici\u00f3n del servicio se realizar\u00e1 tras la confirmaci\u00f3n del pago efectuado.<\/p><h5 data-start=\"4801\" data-end=\"4824\">ART\u00cdCULO 5 \u2013 PRECIOS<\/h5><p data-start=\"4826\" data-end=\"4970\">Los precios se entienden expresados en euros, con impuestos y tasas incluidos, teniendo en cuenta el IVA vigente en la fecha de pago del pedido.<\/p><p data-start=\"4972\" data-end=\"5189\">En caso de producirse un aumento del precio de alg\u00fan servicio, el Usuario ser\u00e1 informado de inmediato y podr\u00e1 optar por continuar con el pedido (abonando la diferencia correspondiente) o por proceder a su cancelaci\u00f3n.<\/p><h5 data-start=\"5196\" data-end=\"5235\">ART\u00cdCULO 6 \u2013 CANCELACI\u00d3N Y REEMBOLSO<\/h5><p data-start=\"5237\" data-end=\"5324\">Las solicitudes de cancelaci\u00f3n o reembolso ser\u00e1n tratadas caso por caso por AJNET, S.A.<\/p><p data-start=\"5326\" data-end=\"5601\">La solicitud deber\u00e1 enviarse por escrito al correo electr\u00f3nico <a class=\"decorated-link cursor-pointer\" rel=\"noopener\" data-start=\"5389\" data-end=\"5407\">info@presshops.com<\/a> en un plazo m\u00e1ximo de 10 d\u00edas desde la realizaci\u00f3n del pedido. Las instrucciones relativas a la cancelaci\u00f3n o devoluci\u00f3n del importe abonado ser\u00e1n comunicadas por AJNET, S.A por el mismo medio.<\/p><p data-start=\"5603\" data-end=\"5865\">Siempre que sea posible, el reembolso se efectuar\u00e1 mediante el mismo m\u00e9todo de pago. En caso contrario, el Usuario deber\u00e1 presentar los comprobantes de pago y de titularidad de la cuenta o tarjeta para que el reembolso se realice mediante transferencia bancaria.<\/p><p data-start=\"5867\" data-end=\"5946\">AJNET, S.A se compromete a efectuar el reembolso en un plazo m\u00e1ximo de 30 d\u00edas.<\/p><h5 data-start=\"5953\" data-end=\"5991\">ART\u00cdCULO 7 \u2013 POL\u00cdTICA DE PRIVACIDAD<\/h5><p data-start=\"5993\" data-end=\"6394\">El tratamiento de los datos personales se realiza de conformidad con la legislaci\u00f3n vigente en materia de protecci\u00f3n de datos personales. Los datos facilitados, sometidos a tratamiento inform\u00e1tico, ser\u00e1n incorporados a la(s) base(s) de datos de AJNET, S.A y se destinar\u00e1n al registro, a la presentaci\u00f3n de otros productos y servicios, as\u00ed como a la difusi\u00f3n de informaci\u00f3n institucional de la empresa.<\/p><p data-start=\"6396\" data-end=\"6710\">La facilitaci\u00f3n de dichos datos es voluntaria y se garantiza, en los t\u00e9rminos previstos por la ley, el derecho de acceso, rectificaci\u00f3n y supresi\u00f3n de los datos personales, pudiendo ejercerse dicho derecho de forma personal o por escrito, directamente en la direcci\u00f3n indicada en la p\u00e1gina principal del sitio web.<\/p>\t\t\t\t\t\t\t\t<\/div>\n\t\t<div class=\"elementor-element elementor-element-57c7657 e-con-full e-flex e-con e-child\" data-id=\"57c7657\" data-element_type=\"container\" data-settings=\"{&quot;jet_parallax_layout_list&quot;:[]}\">\n\t\t\t\t<div class=\"elementor-element elementor-element-bfbbbee elementor-widget elementor-widget-image\" data-id=\"bfbbbee\" data-element_type=\"widget\" data-widget_type=\"image.default\">\n\t\t\t\t\t\t\t\t\t\t\t\t\t\t\t<img decoding=\"async\" width=\"191\" height=\"110\" src=\"https:\/\/presshops.com\/es\/wp-content\/uploads\/2025\/12\/1-variante-cc.webp\" class=\"attachment-large size-large wp-image-74102\" alt=\"\" \/>\t\t\t\t\t\t\t\t\t\t\t\t\t\t\t<\/div>\n\t\t\t\t<div class=\"elementor-element elementor-element-86ca1cd elementor-widget elementor-widget-image\" data-id=\"86ca1cd\" data-element_type=\"widget\" data-widget_type=\"image.default\">\n\t\t\t\t\t\t\t\t\t\t\t\t\t\t\t<img decoding=\"async\" width=\"134\" height=\"110\" src=\"https:\/\/presshops.com\/es\/wp-content\/uploads\/2025\/12\/1-variante-mb-1.webp\" class=\"attachment-large size-large wp-image-74103\" alt=\"\" \/>\t\t\t\t\t\t\t\t\t\t\t\t\t\t\t<\/div>\n\t\t\t\t<div class=\"elementor-element elementor-element-ff9ca18 elementor-widget elementor-widget-image\" data-id=\"ff9ca18\" data-element_type=\"widget\" data-widget_type=\"image.default\">\n\t\t\t\t\t\t\t\t\t\t\t\t\t\t\t<img decoding=\"async\" width=\"133\" height=\"110\" src=\"https:\/\/presshops.com\/es\/wp-content\/uploads\/2025\/12\/1-variante-mb.webp\" class=\"attachment-large size-large wp-image-74104\" alt=\"\" \/>\t\t\t\t\t\t\t\t\t\t\t\t\t\t\t<\/div>\n\t\t\t\t<\/div>\n\t\t\t\t<\/div>\n\t\t\t\t<\/div>\n\t\t","protected":false},"excerpt":{"rendered":"<p>T\u00e9rminos y condiciones AJNET, S.A \u2013 Contribuyente n\u00ba 504 592 033Zona Industrial de Maia I, Sector IRua de Raimundo Dur\u00e3es Magalh\u00e3es, 203 | 4475-189 Maia, Portugal Nuestro sitio web es: https:\/\/presshops.com PRE\u00c1MBULO Las presentes condiciones generales de venta se celebran entre AJNET, S.A, con domicilio social en Zona Industrial da Maia I, Sector I, Rua [&hellip;]<\/p>\n","protected":false},"author":64,"featured_media":0,"parent":0,"menu_order":0,"comment_status":"closed","ping_status":"closed","template":"","meta":{"footnotes":""},"class_list":["post-1472","page","type-page","status-publish","hentry"],"yoast_head":"<!-- This site is optimized with the Yoast SEO plugin v23.6 - https:\/\/yoast.com\/wordpress\/plugins\/seo\/ -->\n<title>T\u00e9rminos y condiciones | Presshops<\/title>\n<meta name=\"description\" content=\"Consulta los T\u00e9rminos y Condiciones de Presshops sobre pedidos, pagos, env\u00edos y el uso de nuestro sitio web.\" \/>\n<meta name=\"robots\" content=\"index, follow, max-snippet:-1, max-image-preview:large, max-video-preview:-1\" \/>\n<link rel=\"canonical\" href=\"https:\/\/presshops.com\/es\/terminos_y_condiciones\/\" \/>\n<meta property=\"og:locale\" content=\"es_ES\" \/>\n<meta property=\"og:type\" content=\"article\" \/>\n<meta property=\"og:title\" content=\"T\u00e9rminos y condiciones | Presshops\" \/>\n<meta property=\"og:description\" content=\"Consulta los T\u00e9rminos y Condiciones de Presshops sobre pedidos, pagos, env\u00edos y el uso de nuestro sitio web.\" \/>\n<meta property=\"og:url\" content=\"https:\/\/presshops.com\/es\/terminos_y_condiciones\/\" \/>\n<meta property=\"og:site_name\" content=\"Presshops\" \/>\n<meta property=\"article:publisher\" content=\"https:\/\/www.facebook.com\/privacy\/consent\/?flow=ad_free_subscription&amp;paramsafs_variant=first_time&amp;paramsgcl_experience_id=9a58486a-a682-46d1-ba7f-834b259b0b82&amp;source=ad_free_subscription_blocking_flow\" \/>\n<meta property=\"article:modified_time\" content=\"2026-02-27T16:25:09+00:00\" \/>\n<meta property=\"og:image\" content=\"https:\/\/presshops.com\/es\/wp-content\/uploads\/2025\/12\/1-variante-cc.webp\" \/>\n<meta name=\"twitter:card\" content=\"summary_large_image\" \/>\n<meta name=\"twitter:label1\" content=\"Tiempo de lectura\" \/>\n\t<meta name=\"twitter:data1\" content=\"6 minutos\" \/>\n<script type=\"application\/ld+json\" class=\"yoast-schema-graph\">{\"@context\":\"https:\/\/schema.org\",\"@graph\":[{\"@type\":\"WebPage\",\"@id\":\"https:\/\/presshops.com\/es\/terminos_y_condiciones\/\",\"url\":\"https:\/\/presshops.com\/es\/terminos_y_condiciones\/\",\"name\":\"T\u00e9rminos y condiciones | Presshops\",\"isPartOf\":{\"@id\":\"https:\/\/presshops.com\/es\/#website\"},\"primaryImageOfPage\":{\"@id\":\"https:\/\/presshops.com\/es\/terminos_y_condiciones\/#primaryimage\"},\"image\":{\"@id\":\"https:\/\/presshops.com\/es\/terminos_y_condiciones\/#primaryimage\"},\"thumbnailUrl\":\"https:\/\/presshops.com\/es\/wp-content\/uploads\/2025\/12\/1-variante-cc.webp\",\"datePublished\":\"2025-04-10T08:26:37+00:00\",\"dateModified\":\"2026-02-27T16:25:09+00:00\",\"description\":\"Consulta los T\u00e9rminos y Condiciones de Presshops sobre pedidos, pagos, env\u00edos y el uso de nuestro sitio web.\",\"breadcrumb\":{\"@id\":\"https:\/\/presshops.com\/es\/terminos_y_condiciones\/#breadcrumb\"},\"inLanguage\":\"es\",\"potentialAction\":[{\"@type\":\"ReadAction\",\"target\":[\"https:\/\/presshops.com\/es\/terminos_y_condiciones\/\"]}]},{\"@type\":\"ImageObject\",\"inLanguage\":\"es\",\"@id\":\"https:\/\/presshops.com\/es\/terminos_y_condiciones\/#primaryimage\",\"url\":\"https:\/\/presshops.com\/es\/wp-content\/uploads\/2025\/12\/1-variante-cc.webp\",\"contentUrl\":\"https:\/\/presshops.com\/es\/wp-content\/uploads\/2025\/12\/1-variante-cc.webp\",\"width\":191,\"height\":110},{\"@type\":\"BreadcrumbList\",\"@id\":\"https:\/\/presshops.com\/es\/terminos_y_condiciones\/#breadcrumb\",\"itemListElement\":[{\"@type\":\"ListItem\",\"position\":1,\"name\":\"In\u00edcio\",\"item\":\"https:\/\/presshops.com\/es\/\"},{\"@type\":\"ListItem\",\"position\":2,\"name\":\"Termos e condi\u00e7\u00f5es\"}]},{\"@type\":\"WebSite\",\"@id\":\"https:\/\/presshops.com\/es\/#website\",\"url\":\"https:\/\/presshops.com\/es\/\",\"name\":\"Presshops.com\",\"description\":\"Presshops: gr\u00e1fica online com entregas 24\u201348h. Impress\u00e3o de flyers, cart\u00f5es, roll-ups muito mais.\",\"publisher\":{\"@id\":\"https:\/\/presshops.com\/es\/#organization\"},\"alternateName\":\"Presshops\",\"potentialAction\":[{\"@type\":\"SearchAction\",\"target\":{\"@type\":\"EntryPoint\",\"urlTemplate\":\"https:\/\/presshops.com\/es\/?s={search_term_string}\"},\"query-input\":{\"@type\":\"PropertyValueSpecification\",\"valueRequired\":true,\"valueName\":\"search_term_string\"}}],\"inLanguage\":\"es\"},{\"@type\":\"Organization\",\"@id\":\"https:\/\/presshops.com\/es\/#organization\",\"name\":\"Presshops.com\",\"alternateName\":\"Presshops: gr\u00e1fica online com entregas 24\u201348h. Impress\u00e3o de flyers, cart\u00f5es, roll-ups e mais.\",\"url\":\"https:\/\/presshops.com\/es\/\",\"logo\":{\"@type\":\"ImageObject\",\"inLanguage\":\"es\",\"@id\":\"https:\/\/presshops.com\/es\/#\/schema\/logo\/image\/\",\"url\":\"https:\/\/presshops.com\/es\/wp-content\/uploads\/2023\/05\/Presshop_Logo-scaled.webp\",\"contentUrl\":\"https:\/\/presshops.com\/es\/wp-content\/uploads\/2023\/05\/Presshop_Logo-scaled.webp\",\"width\":2560,\"height\":449,\"caption\":\"Presshops.com\"},\"image\":{\"@id\":\"https:\/\/presshops.com\/es\/#\/schema\/logo\/image\/\"},\"sameAs\":[\"https:\/\/www.facebook.com\/privacy\/consent\/?flow=ad_free_subscription&paramsafs_variant=first_time&paramsgcl_experience_id=9a58486a-a682-46d1-ba7f-834b259b0b82&source=ad_free_subscription_blocking_flow\",\"https:\/\/www.instagram.com\/presshops\/\"]}]}<\/script>\n<!-- \/ Yoast SEO plugin. -->","yoast_head_json":{"title":"T\u00e9rminos y condiciones | Presshops","description":"Consulta los T\u00e9rminos y Condiciones de Presshops sobre pedidos, pagos, env\u00edos y el uso de nuestro sitio web.","robots":{"index":"index","follow":"follow","max-snippet":"max-snippet:-1","max-image-preview":"max-image-preview:large","max-video-preview":"max-video-preview:-1"},"canonical":"https:\/\/presshops.com\/es\/terminos_y_condiciones\/","og_locale":"es_ES","og_type":"article","og_title":"T\u00e9rminos y condiciones | Presshops","og_description":"Consulta los T\u00e9rminos y Condiciones de Presshops sobre pedidos, pagos, env\u00edos y el uso de nuestro sitio web.","og_url":"https:\/\/presshops.com\/es\/terminos_y_condiciones\/","og_site_name":"Presshops","article_publisher":"https:\/\/www.facebook.com\/privacy\/consent\/?flow=ad_free_subscription&paramsafs_variant=first_time&paramsgcl_experience_id=9a58486a-a682-46d1-ba7f-834b259b0b82&source=ad_free_subscription_blocking_flow","article_modified_time":"2026-02-27T16:25:09+00:00","og_image":[{"url":"https:\/\/presshops.com\/es\/wp-content\/uploads\/2025\/12\/1-variante-cc.webp"}],"twitter_card":"summary_large_image","twitter_misc":{"Tiempo de lectura":"6 minutos"},"schema":{"@context":"https:\/\/schema.org","@graph":[{"@type":"WebPage","@id":"https:\/\/presshops.com\/es\/terminos_y_condiciones\/","url":"https:\/\/presshops.com\/es\/terminos_y_condiciones\/","name":"T\u00e9rminos y condiciones | Presshops","isPartOf":{"@id":"https:\/\/presshops.com\/es\/#website"},"primaryImageOfPage":{"@id":"https:\/\/presshops.com\/es\/terminos_y_condiciones\/#primaryimage"},"image":{"@id":"https:\/\/presshops.com\/es\/terminos_y_condiciones\/#primaryimage"},"thumbnailUrl":"https:\/\/presshops.com\/es\/wp-content\/uploads\/2025\/12\/1-variante-cc.webp","datePublished":"2025-04-10T08:26:37+00:00","dateModified":"2026-02-27T16:25:09+00:00","description":"Consulta los T\u00e9rminos y Condiciones de Presshops sobre pedidos, pagos, env\u00edos y el uso de nuestro sitio web.","breadcrumb":{"@id":"https:\/\/presshops.com\/es\/terminos_y_condiciones\/#breadcrumb"},"inLanguage":"es","potentialAction":[{"@type":"ReadAction","target":["https:\/\/presshops.com\/es\/terminos_y_condiciones\/"]}]},{"@type":"ImageObject","inLanguage":"es","@id":"https:\/\/presshops.com\/es\/terminos_y_condiciones\/#primaryimage","url":"https:\/\/presshops.com\/es\/wp-content\/uploads\/2025\/12\/1-variante-cc.webp","contentUrl":"https:\/\/presshops.com\/es\/wp-content\/uploads\/2025\/12\/1-variante-cc.webp","width":191,"height":110},{"@type":"BreadcrumbList","@id":"https:\/\/presshops.com\/es\/terminos_y_condiciones\/#breadcrumb","itemListElement":[{"@type":"ListItem","position":1,"name":"In\u00edcio","item":"https:\/\/presshops.com\/es\/"},{"@type":"ListItem","position":2,"name":"Termos e condi\u00e7\u00f5es"}]},{"@type":"WebSite","@id":"https:\/\/presshops.com\/es\/#website","url":"https:\/\/presshops.com\/es\/","name":"Presshops.com","description":"Presshops: gr\u00e1fica online com entregas 24\u201348h. Impress\u00e3o de flyers, cart\u00f5es, roll-ups muito mais.","publisher":{"@id":"https:\/\/presshops.com\/es\/#organization"},"alternateName":"Presshops","potentialAction":[{"@type":"SearchAction","target":{"@type":"EntryPoint","urlTemplate":"https:\/\/presshops.com\/es\/?s={search_term_string}"},"query-input":{"@type":"PropertyValueSpecification","valueRequired":true,"valueName":"search_term_string"}}],"inLanguage":"es"},{"@type":"Organization","@id":"https:\/\/presshops.com\/es\/#organization","name":"Presshops.com","alternateName":"Presshops: gr\u00e1fica online com entregas 24\u201348h. Impress\u00e3o de flyers, cart\u00f5es, roll-ups e mais.","url":"https:\/\/presshops.com\/es\/","logo":{"@type":"ImageObject","inLanguage":"es","@id":"https:\/\/presshops.com\/es\/#\/schema\/logo\/image\/","url":"https:\/\/presshops.com\/es\/wp-content\/uploads\/2023\/05\/Presshop_Logo-scaled.webp","contentUrl":"https:\/\/presshops.com\/es\/wp-content\/uploads\/2023\/05\/Presshop_Logo-scaled.webp","width":2560,"height":449,"caption":"Presshops.com"},"image":{"@id":"https:\/\/presshops.com\/es\/#\/schema\/logo\/image\/"},"sameAs":["https:\/\/www.facebook.com\/privacy\/consent\/?flow=ad_free_subscription&paramsafs_variant=first_time&paramsgcl_experience_id=9a58486a-a682-46d1-ba7f-834b259b0b82&source=ad_free_subscription_blocking_flow","https:\/\/www.instagram.com\/presshops\/"]}]}},"_links":{"self":[{"href":"https:\/\/presshops.com\/es\/wp-json\/wp\/v2\/pages\/1472","targetHints":{"allow":["GET"]}}],"collection":[{"href":"https:\/\/presshops.com\/es\/wp-json\/wp\/v2\/pages"}],"about":[{"href":"https:\/\/presshops.com\/es\/wp-json\/wp\/v2\/types\/page"}],"author":[{"embeddable":true,"href":"https:\/\/presshops.com\/es\/wp-json\/wp\/v2\/users\/64"}],"replies":[{"embeddable":true,"href":"https:\/\/presshops.com\/es\/wp-json\/wp\/v2\/comments?post=1472"}],"version-history":[{"count":9,"href":"https:\/\/presshops.com\/es\/wp-json\/wp\/v2\/pages\/1472\/revisions"}],"predecessor-version":[{"id":74117,"href":"https:\/\/presshops.com\/es\/wp-json\/wp\/v2\/pages\/1472\/revisions\/74117"}],"wp:attachment":[{"href":"https:\/\/presshops.com\/es\/wp-json\/wp\/v2\/media?parent=1472"}],"curies":[{"name":"wp","href":"https:\/\/api.w.org\/{rel}","templated":true}]}}