{"id":25532,"date":"2025-10-15T12:33:56","date_gmt":"2025-10-15T11:33:56","guid":{"rendered":"https:\/\/presshops.com\/?post_type=product&#038;p=25532"},"modified":"2025-12-19T11:37:58","modified_gmt":"2025-12-19T11:37:58","slug":"revistas","status":"publish","type":"product","link":"https:\/\/presshops.com\/es\/productos\/revistas\/","title":{"rendered":"Revistas"},"content":{"rendered":"","protected":false},"excerpt":{"rendered":"<p>Las revistas personalizadas son el soporte perfecto para mostrar tus productos, art\u00edculos o proyectos corporativos con estilo. En Presshops, imprimimos revistas con acabados profesionales en papeles de alta calidad y con impresi\u00f3n precisa. Ideal para cat\u00e1logos, publicaciones empresariales o revistas de dise\u00f1o, garantizando un resultado limpio y duradero. Producci\u00f3n r\u00e1pida y entrega en 48 h, convirtiendo tus revistas en una herramienta eficaz de comunicaci\u00f3n visual y branding. Tu contenido merece un formato que inspire confianza y profesionalidad.<\/p>\n","protected":false},"featured_media":69317,"template":"","meta":[],"product_brand":[],"product_cat":[301],"product_tag":[],"class_list":{"0":"post-25532","1":"product","2":"type-product","3":"status-publish","4":"has-post-thumbnail","6":"product_cat-revistas","7":"pa_capa-frente","8":"pa_capa-frente-e-verso","9":"pa_cor-cor","10":"pa_cor-preto-e-branco","11":"pa_quantidade-153","12":"pa_quantidade-111","13":"pa_quantidade-112","14":"pa_quantidade-113","15":"pa_quantidade-114","16":"pa_tamanhos-a4","17":"pa_tamanhos-a5","19":"first","20":"instock","21":"taxable","22":"shipping-taxable","23":"purchasable","24":"product-type-variable"},"yoast_head":"<!-- This site is optimized with the Yoast SEO plugin v23.6 - https:\/\/yoast.com\/wordpress\/plugins\/seo\/ -->\n<title>Revistas personalizadas para comunicaci\u00f3n corporativa | Presshops<\/title>\n<meta name=\"description\" content=\"Revistas personalizadas, ideales para comunicaci\u00f3n corporativa, marketing y contenidos editoriales. Impresi\u00f3n profesional de alta calidad.\" \/>\n<meta name=\"robots\" content=\"index, follow, max-snippet:-1, max-image-preview:large, max-video-preview:-1\" \/>\n<link rel=\"canonical\" href=\"https:\/\/presshops.com\/es\/productos\/revistas\/\" \/>\n<meta property=\"og:locale\" content=\"es_ES\" \/>\n<meta property=\"og:type\" content=\"article\" \/>\n<meta property=\"og:title\" content=\"Revistas personalizadas para comunicaci\u00f3n corporativa | Presshops\" \/>\n<meta property=\"og:description\" content=\"Revistas personalizadas, ideales para comunicaci\u00f3n corporativa, marketing y contenidos editoriales. Impresi\u00f3n profesional de alta calidad.\" \/>\n<meta property=\"og:url\" content=\"https:\/\/presshops.com\/es\/productos\/revistas\/\" \/>\n<meta property=\"og:site_name\" content=\"Presshops\" \/>\n<meta property=\"article:publisher\" content=\"https:\/\/www.facebook.com\/privacy\/consent\/?flow=ad_free_subscription&amp;paramsafs_variant=first_time&amp;paramsgcl_experience_id=9a58486a-a682-46d1-ba7f-834b259b0b82&amp;source=ad_free_subscription_blocking_flow\" \/>\n<meta property=\"article:modified_time\" content=\"2025-12-19T11:37:58+00:00\" \/>\n<meta property=\"og:image\" content=\"https:\/\/presshops.com\/es\/wp-content\/uploads\/2025\/10\/revista_2.webp\" \/>\n\t<meta property=\"og:image:width\" content=\"2000\" \/>\n\t<meta property=\"og:image:height\" content=\"2000\" \/>\n\t<meta property=\"og:image:type\" content=\"image\/webp\" \/>\n<meta name=\"twitter:card\" content=\"summary_large_image\" \/>\n<meta name=\"twitter:label1\" content=\"Tiempo de lectura\" \/>\n\t<meta name=\"twitter:data1\" content=\"1 minuto\" \/>\n<script type=\"application\/ld+json\" class=\"yoast-schema-graph\">{\"@context\":\"https:\/\/schema.org\",\"@graph\":[{\"@type\":\"WebPage\",\"@id\":\"https:\/\/presshops.com\/es\/productos\/revistas\/\",\"url\":\"https:\/\/presshops.com\/es\/productos\/revistas\/\",\"name\":\"Revistas personalizadas para comunicaci\u00f3n corporativa | Presshops\",\"isPartOf\":{\"@id\":\"https:\/\/presshops.com\/es\/#website\"},\"primaryImageOfPage\":{\"@id\":\"https:\/\/presshops.com\/es\/productos\/revistas\/#primaryimage\"},\"image\":{\"@id\":\"https:\/\/presshops.com\/es\/productos\/revistas\/#primaryimage\"},\"thumbnailUrl\":\"https:\/\/presshops.com\/es\/wp-content\/uploads\/2025\/10\/revista_2.webp\",\"datePublished\":\"2025-10-15T11:33:56+00:00\",\"dateModified\":\"2025-12-19T11:37:58+00:00\",\"description\":\"Revistas personalizadas, ideales para comunicaci\u00f3n corporativa, marketing y contenidos editoriales. Impresi\u00f3n profesional de alta calidad.\",\"breadcrumb\":{\"@id\":\"https:\/\/presshops.com\/es\/productos\/revistas\/#breadcrumb\"},\"inLanguage\":\"es\",\"potentialAction\":[{\"@type\":\"ReadAction\",\"target\":[\"https:\/\/presshops.com\/es\/productos\/revistas\/\"]}]},{\"@type\":\"ImageObject\",\"inLanguage\":\"es\",\"@id\":\"https:\/\/presshops.com\/es\/productos\/revistas\/#primaryimage\",\"url\":\"https:\/\/presshops.com\/es\/wp-content\/uploads\/2025\/10\/revista_2.webp\",\"contentUrl\":\"https:\/\/presshops.com\/es\/wp-content\/uploads\/2025\/10\/revista_2.webp\",\"width\":2000,\"height\":2000},{\"@type\":\"BreadcrumbList\",\"@id\":\"https:\/\/presshops.com\/es\/productos\/revistas\/#breadcrumb\",\"itemListElement\":[{\"@type\":\"ListItem\",\"position\":1,\"name\":\"In\u00edcio\",\"item\":\"https:\/\/presshops.com\/es\/\"},{\"@type\":\"ListItem\",\"position\":2,\"name\":\"Productos\",\"item\":\"https:\/\/presshops.com\/es\/shop\/\"},{\"@type\":\"ListItem\",\"position\":3,\"name\":\"Revistas\"}]},{\"@type\":\"WebSite\",\"@id\":\"https:\/\/presshops.com\/es\/#website\",\"url\":\"https:\/\/presshops.com\/es\/\",\"name\":\"Presshops.com\",\"description\":\"Presshops: gr\u00e1fica online com entregas 24\u201348h. Impress\u00e3o de flyers, cart\u00f5es, roll-ups muito mais.\",\"publisher\":{\"@id\":\"https:\/\/presshops.com\/es\/#organization\"},\"alternateName\":\"Presshops\",\"potentialAction\":[{\"@type\":\"SearchAction\",\"target\":{\"@type\":\"EntryPoint\",\"urlTemplate\":\"https:\/\/presshops.com\/es\/?s={search_term_string}\"},\"query-input\":{\"@type\":\"PropertyValueSpecification\",\"valueRequired\":true,\"valueName\":\"search_term_string\"}}],\"inLanguage\":\"es\"},{\"@type\":\"Organization\",\"@id\":\"https:\/\/presshops.com\/es\/#organization\",\"name\":\"Presshops.com\",\"alternateName\":\"Presshops: gr\u00e1fica online com entregas 24\u201348h. Impress\u00e3o de flyers, cart\u00f5es, roll-ups e mais.\",\"url\":\"https:\/\/presshops.com\/es\/\",\"logo\":{\"@type\":\"ImageObject\",\"inLanguage\":\"es\",\"@id\":\"https:\/\/presshops.com\/es\/#\/schema\/logo\/image\/\",\"url\":\"https:\/\/presshops.com\/es\/wp-content\/uploads\/2023\/05\/Presshop_Logo-scaled.webp\",\"contentUrl\":\"https:\/\/presshops.com\/es\/wp-content\/uploads\/2023\/05\/Presshop_Logo-scaled.webp\",\"width\":2560,\"height\":449,\"caption\":\"Presshops.com\"},\"image\":{\"@id\":\"https:\/\/presshops.com\/es\/#\/schema\/logo\/image\/\"},\"sameAs\":[\"https:\/\/www.facebook.com\/privacy\/consent\/?flow=ad_free_subscription&paramsafs_variant=first_time&paramsgcl_experience_id=9a58486a-a682-46d1-ba7f-834b259b0b82&source=ad_free_subscription_blocking_flow\",\"https:\/\/www.instagram.com\/presshops\/\"]}]}<\/script>\n<!-- \/ Yoast SEO plugin. -->","yoast_head_json":{"title":"Revistas personalizadas para comunicaci\u00f3n corporativa | Presshops","description":"Revistas personalizadas, ideales para comunicaci\u00f3n corporativa, marketing y contenidos editoriales. Impresi\u00f3n profesional de alta calidad.","robots":{"index":"index","follow":"follow","max-snippet":"max-snippet:-1","max-image-preview":"max-image-preview:large","max-video-preview":"max-video-preview:-1"},"canonical":"https:\/\/presshops.com\/es\/productos\/revistas\/","og_locale":"es_ES","og_type":"article","og_title":"Revistas personalizadas para comunicaci\u00f3n corporativa | Presshops","og_description":"Revistas personalizadas, ideales para comunicaci\u00f3n corporativa, marketing y contenidos editoriales. Impresi\u00f3n profesional de alta calidad.","og_url":"https:\/\/presshops.com\/es\/productos\/revistas\/","og_site_name":"Presshops","article_publisher":"https:\/\/www.facebook.com\/privacy\/consent\/?flow=ad_free_subscription&paramsafs_variant=first_time&paramsgcl_experience_id=9a58486a-a682-46d1-ba7f-834b259b0b82&source=ad_free_subscription_blocking_flow","article_modified_time":"2025-12-19T11:37:58+00:00","og_image":[{"width":2000,"height":2000,"url":"https:\/\/presshops.com\/es\/wp-content\/uploads\/2025\/10\/revista_2.webp","type":"image\/webp"}],"twitter_card":"summary_large_image","twitter_misc":{"Tiempo de lectura":"1 minuto"},"schema":{"@context":"https:\/\/schema.org","@graph":[{"@type":"WebPage","@id":"https:\/\/presshops.com\/es\/productos\/revistas\/","url":"https:\/\/presshops.com\/es\/productos\/revistas\/","name":"Revistas personalizadas para comunicaci\u00f3n corporativa | Presshops","isPartOf":{"@id":"https:\/\/presshops.com\/es\/#website"},"primaryImageOfPage":{"@id":"https:\/\/presshops.com\/es\/productos\/revistas\/#primaryimage"},"image":{"@id":"https:\/\/presshops.com\/es\/productos\/revistas\/#primaryimage"},"thumbnailUrl":"https:\/\/presshops.com\/es\/wp-content\/uploads\/2025\/10\/revista_2.webp","datePublished":"2025-10-15T11:33:56+00:00","dateModified":"2025-12-19T11:37:58+00:00","description":"Revistas personalizadas, ideales para comunicaci\u00f3n corporativa, marketing y contenidos editoriales. Impresi\u00f3n profesional de alta calidad.","breadcrumb":{"@id":"https:\/\/presshops.com\/es\/productos\/revistas\/#breadcrumb"},"inLanguage":"es","potentialAction":[{"@type":"ReadAction","target":["https:\/\/presshops.com\/es\/productos\/revistas\/"]}]},{"@type":"ImageObject","inLanguage":"es","@id":"https:\/\/presshops.com\/es\/productos\/revistas\/#primaryimage","url":"https:\/\/presshops.com\/es\/wp-content\/uploads\/2025\/10\/revista_2.webp","contentUrl":"https:\/\/presshops.com\/es\/wp-content\/uploads\/2025\/10\/revista_2.webp","width":2000,"height":2000},{"@type":"BreadcrumbList","@id":"https:\/\/presshops.com\/es\/productos\/revistas\/#breadcrumb","itemListElement":[{"@type":"ListItem","position":1,"name":"In\u00edcio","item":"https:\/\/presshops.com\/es\/"},{"@type":"ListItem","position":2,"name":"Productos","item":"https:\/\/presshops.com\/es\/shop\/"},{"@type":"ListItem","position":3,"name":"Revistas"}]},{"@type":"WebSite","@id":"https:\/\/presshops.com\/es\/#website","url":"https:\/\/presshops.com\/es\/","name":"Presshops.com","description":"Presshops: gr\u00e1fica online com entregas 24\u201348h. Impress\u00e3o de flyers, cart\u00f5es, roll-ups muito mais.","publisher":{"@id":"https:\/\/presshops.com\/es\/#organization"},"alternateName":"Presshops","potentialAction":[{"@type":"SearchAction","target":{"@type":"EntryPoint","urlTemplate":"https:\/\/presshops.com\/es\/?s={search_term_string}"},"query-input":{"@type":"PropertyValueSpecification","valueRequired":true,"valueName":"search_term_string"}}],"inLanguage":"es"},{"@type":"Organization","@id":"https:\/\/presshops.com\/es\/#organization","name":"Presshops.com","alternateName":"Presshops: gr\u00e1fica online com entregas 24\u201348h. Impress\u00e3o de flyers, cart\u00f5es, roll-ups e mais.","url":"https:\/\/presshops.com\/es\/","logo":{"@type":"ImageObject","inLanguage":"es","@id":"https:\/\/presshops.com\/es\/#\/schema\/logo\/image\/","url":"https:\/\/presshops.com\/es\/wp-content\/uploads\/2023\/05\/Presshop_Logo-scaled.webp","contentUrl":"https:\/\/presshops.com\/es\/wp-content\/uploads\/2023\/05\/Presshop_Logo-scaled.webp","width":2560,"height":449,"caption":"Presshops.com"},"image":{"@id":"https:\/\/presshops.com\/es\/#\/schema\/logo\/image\/"},"sameAs":["https:\/\/www.facebook.com\/privacy\/consent\/?flow=ad_free_subscription&paramsafs_variant=first_time&paramsgcl_experience_id=9a58486a-a682-46d1-ba7f-834b259b0b82&source=ad_free_subscription_blocking_flow","https:\/\/www.instagram.com\/presshops\/"]}]}},"_links":{"self":[{"href":"https:\/\/presshops.com\/es\/wp-json\/wp\/v2\/product\/25532","targetHints":{"allow":["GET"]}}],"collection":[{"href":"https:\/\/presshops.com\/es\/wp-json\/wp\/v2\/product"}],"about":[{"href":"https:\/\/presshops.com\/es\/wp-json\/wp\/v2\/types\/product"}],"wp:featuredmedia":[{"embeddable":true,"href":"https:\/\/presshops.com\/es\/wp-json\/wp\/v2\/media\/69317"}],"wp:attachment":[{"href":"https:\/\/presshops.com\/es\/wp-json\/wp\/v2\/media?parent=25532"}],"wp:term":[{"taxonomy":"product_brand","embeddable":true,"href":"https:\/\/presshops.com\/es\/wp-json\/wp\/v2\/product_brand?post=25532"},{"taxonomy":"product_cat","embeddable":true,"href":"https:\/\/presshops.com\/es\/wp-json\/wp\/v2\/product_cat?post=25532"},{"taxonomy":"product_tag","embeddable":true,"href":"https:\/\/presshops.com\/es\/wp-json\/wp\/v2\/product_tag?post=25532"}],"curies":[{"name":"wp","href":"https:\/\/api.w.org\/{rel}","templated":true}]}}