{"id":4404,"date":"2025-09-15T15:20:43","date_gmt":"2025-09-15T14:20:43","guid":{"rendered":"https:\/\/presshops.ajnet.info\/?post_type=product&#038;p=4404"},"modified":"2025-12-19T09:38:20","modified_gmt":"2025-12-19T09:38:20","slug":"cartoes-de-visita","status":"publish","type":"product","link":"https:\/\/presshops.com\/es\/productos\/cartoes-de-visita\/","title":{"rendered":"Tarjetas de visita"},"content":{"rendered":"","protected":false},"excerpt":{"rendered":"<p>La tarjeta de visita sigue siendo una herramienta esencial para cualquier empresa o profesional. En Presshops, imprimimos tarjetas con acabados de alta calidad, en papeles gruesos y con opciones premium: mate, brillante, terciopelo e incluso con barniz localizado. Dise\u00f1a tu tarjeta para reflejar tu identidad y causar una impresi\u00f3n memorable. Perfectas para eventos, reuniones o acciones promocionales, nuestras tarjetas combinan elegancia, profesionalidad y precisi\u00f3n.<\/p>\n","protected":false},"featured_media":51496,"template":"","meta":[],"product_brand":[],"product_cat":[95],"product_tag":[],"class_list":{"0":"post-4404","1":"product","2":"type-product","3":"status-publish","4":"has-post-thumbnail","6":"product_cat-cartoes","7":"pa_capa-frente","8":"pa_capa-frente-e-verso","9":"pa_cor-cor","10":"pa_cor-preto-e-branco","11":"pa_quantidade-153","12":"pa_quantidade-111","13":"pa_quantidade-112","14":"pa_quantidade-113","15":"pa_quantidade-114","16":"pa_quantidade-115","17":"pa_quantidade-116","19":"first","20":"instock","21":"taxable","22":"shipping-taxable","23":"purchasable","24":"product-type-variable"},"yoast_head":"<!-- This site is optimized with the Yoast SEO plugin v23.6 - https:\/\/yoast.com\/wordpress\/plugins\/seo\/ -->\n<title>Tarjetas de visita personalizadas para empresas | Presshops<\/title>\n<meta name=\"description\" content=\"Tarjetas de visita personalizadas, ideales para empresas y profesionales que buscan una imagen s\u00f3lida y profesional. Impresi\u00f3n de alta calidad.\" \/>\n<meta name=\"robots\" content=\"index, follow, max-snippet:-1, max-image-preview:large, max-video-preview:-1\" \/>\n<link rel=\"canonical\" href=\"https:\/\/presshops.com\/es\/productos\/cartoes-de-visita\/\" \/>\n<meta property=\"og:locale\" content=\"es_ES\" \/>\n<meta property=\"og:type\" content=\"article\" \/>\n<meta property=\"og:title\" content=\"Tarjetas de visita personalizadas para empresas | Presshops\" \/>\n<meta property=\"og:description\" content=\"Tarjetas de visita personalizadas, ideales para empresas y profesionales que buscan una imagen s\u00f3lida y profesional. Impresi\u00f3n de alta calidad.\" \/>\n<meta property=\"og:url\" content=\"https:\/\/presshops.com\/es\/productos\/cartoes-de-visita\/\" \/>\n<meta property=\"og:site_name\" content=\"Presshops\" \/>\n<meta property=\"article:publisher\" content=\"https:\/\/www.facebook.com\/privacy\/consent\/?flow=ad_free_subscription&amp;paramsafs_variant=first_time&amp;paramsgcl_experience_id=9a58486a-a682-46d1-ba7f-834b259b0b82&amp;source=ad_free_subscription_blocking_flow\" \/>\n<meta property=\"article:modified_time\" content=\"2025-12-19T09:38:20+00:00\" \/>\n<meta property=\"og:image\" content=\"https:\/\/presshops.com\/es\/wp-content\/uploads\/2025\/09\/cartao_visita_4.webp\" \/>\n\t<meta property=\"og:image:width\" content=\"2000\" \/>\n\t<meta property=\"og:image:height\" content=\"2000\" \/>\n\t<meta property=\"og:image:type\" content=\"image\/webp\" \/>\n<meta name=\"twitter:card\" content=\"summary_large_image\" \/>\n<meta name=\"twitter:label1\" content=\"Tiempo de lectura\" \/>\n\t<meta name=\"twitter:data1\" content=\"1 minuto\" \/>\n<script type=\"application\/ld+json\" class=\"yoast-schema-graph\">{\"@context\":\"https:\/\/schema.org\",\"@graph\":[{\"@type\":\"WebPage\",\"@id\":\"https:\/\/presshops.com\/es\/productos\/cartoes-de-visita\/\",\"url\":\"https:\/\/presshops.com\/es\/productos\/cartoes-de-visita\/\",\"name\":\"Tarjetas de visita personalizadas para empresas | Presshops\",\"isPartOf\":{\"@id\":\"https:\/\/presshops.com\/es\/#website\"},\"primaryImageOfPage\":{\"@id\":\"https:\/\/presshops.com\/es\/productos\/cartoes-de-visita\/#primaryimage\"},\"image\":{\"@id\":\"https:\/\/presshops.com\/es\/productos\/cartoes-de-visita\/#primaryimage\"},\"thumbnailUrl\":\"https:\/\/presshops.com\/es\/wp-content\/uploads\/2025\/09\/cartao_visita_4.webp\",\"datePublished\":\"2025-09-15T14:20:43+00:00\",\"dateModified\":\"2025-12-19T09:38:20+00:00\",\"description\":\"Tarjetas de visita personalizadas, ideales para empresas y profesionales que buscan una imagen s\u00f3lida y profesional. Impresi\u00f3n de alta calidad.\",\"breadcrumb\":{\"@id\":\"https:\/\/presshops.com\/es\/productos\/cartoes-de-visita\/#breadcrumb\"},\"inLanguage\":\"es\",\"potentialAction\":[{\"@type\":\"ReadAction\",\"target\":[\"https:\/\/presshops.com\/es\/productos\/cartoes-de-visita\/\"]}]},{\"@type\":\"ImageObject\",\"inLanguage\":\"es\",\"@id\":\"https:\/\/presshops.com\/es\/productos\/cartoes-de-visita\/#primaryimage\",\"url\":\"https:\/\/presshops.com\/es\/wp-content\/uploads\/2025\/09\/cartao_visita_4.webp\",\"contentUrl\":\"https:\/\/presshops.com\/es\/wp-content\/uploads\/2025\/09\/cartao_visita_4.webp\",\"width\":2000,\"height\":2000,\"caption\":\"Cart\u00f5es de visita Presshops com design azul geom\u00e9trico moderno, impressos com log\u00f3tipo personalizado para uso profissiona\"},{\"@type\":\"BreadcrumbList\",\"@id\":\"https:\/\/presshops.com\/es\/productos\/cartoes-de-visita\/#breadcrumb\",\"itemListElement\":[{\"@type\":\"ListItem\",\"position\":1,\"name\":\"In\u00edcio\",\"item\":\"https:\/\/presshops.com\/es\/\"},{\"@type\":\"ListItem\",\"position\":2,\"name\":\"Productos\",\"item\":\"https:\/\/presshops.com\/es\/shop\/\"},{\"@type\":\"ListItem\",\"position\":3,\"name\":\"Tarjetas de visita\"}]},{\"@type\":\"WebSite\",\"@id\":\"https:\/\/presshops.com\/es\/#website\",\"url\":\"https:\/\/presshops.com\/es\/\",\"name\":\"Presshops.com\",\"description\":\"Presshops: gr\u00e1fica online com entregas 24\u201348h. Impress\u00e3o de flyers, cart\u00f5es, roll-ups muito mais.\",\"publisher\":{\"@id\":\"https:\/\/presshops.com\/es\/#organization\"},\"alternateName\":\"Presshops\",\"potentialAction\":[{\"@type\":\"SearchAction\",\"target\":{\"@type\":\"EntryPoint\",\"urlTemplate\":\"https:\/\/presshops.com\/es\/?s={search_term_string}\"},\"query-input\":{\"@type\":\"PropertyValueSpecification\",\"valueRequired\":true,\"valueName\":\"search_term_string\"}}],\"inLanguage\":\"es\"},{\"@type\":\"Organization\",\"@id\":\"https:\/\/presshops.com\/es\/#organization\",\"name\":\"Presshops.com\",\"alternateName\":\"Presshops: gr\u00e1fica online com entregas 24\u201348h. Impress\u00e3o de flyers, cart\u00f5es, roll-ups e mais.\",\"url\":\"https:\/\/presshops.com\/es\/\",\"logo\":{\"@type\":\"ImageObject\",\"inLanguage\":\"es\",\"@id\":\"https:\/\/presshops.com\/es\/#\/schema\/logo\/image\/\",\"url\":\"https:\/\/presshops.com\/es\/wp-content\/uploads\/2023\/05\/Presshop_Logo-scaled.webp\",\"contentUrl\":\"https:\/\/presshops.com\/es\/wp-content\/uploads\/2023\/05\/Presshop_Logo-scaled.webp\",\"width\":2560,\"height\":449,\"caption\":\"Presshops.com\"},\"image\":{\"@id\":\"https:\/\/presshops.com\/es\/#\/schema\/logo\/image\/\"},\"sameAs\":[\"https:\/\/www.facebook.com\/privacy\/consent\/?flow=ad_free_subscription&paramsafs_variant=first_time&paramsgcl_experience_id=9a58486a-a682-46d1-ba7f-834b259b0b82&source=ad_free_subscription_blocking_flow\",\"https:\/\/www.instagram.com\/presshops\/\"]}]}<\/script>\n<!-- \/ Yoast SEO plugin. -->","yoast_head_json":{"title":"Tarjetas de visita personalizadas para empresas | Presshops","description":"Tarjetas de visita personalizadas, ideales para empresas y profesionales que buscan una imagen s\u00f3lida y profesional. Impresi\u00f3n de alta calidad.","robots":{"index":"index","follow":"follow","max-snippet":"max-snippet:-1","max-image-preview":"max-image-preview:large","max-video-preview":"max-video-preview:-1"},"canonical":"https:\/\/presshops.com\/es\/productos\/cartoes-de-visita\/","og_locale":"es_ES","og_type":"article","og_title":"Tarjetas de visita personalizadas para empresas | Presshops","og_description":"Tarjetas de visita personalizadas, ideales para empresas y profesionales que buscan una imagen s\u00f3lida y profesional. Impresi\u00f3n de alta calidad.","og_url":"https:\/\/presshops.com\/es\/productos\/cartoes-de-visita\/","og_site_name":"Presshops","article_publisher":"https:\/\/www.facebook.com\/privacy\/consent\/?flow=ad_free_subscription&paramsafs_variant=first_time&paramsgcl_experience_id=9a58486a-a682-46d1-ba7f-834b259b0b82&source=ad_free_subscription_blocking_flow","article_modified_time":"2025-12-19T09:38:20+00:00","og_image":[{"width":2000,"height":2000,"url":"https:\/\/presshops.com\/es\/wp-content\/uploads\/2025\/09\/cartao_visita_4.webp","type":"image\/webp"}],"twitter_card":"summary_large_image","twitter_misc":{"Tiempo de lectura":"1 minuto"},"schema":{"@context":"https:\/\/schema.org","@graph":[{"@type":"WebPage","@id":"https:\/\/presshops.com\/es\/productos\/cartoes-de-visita\/","url":"https:\/\/presshops.com\/es\/productos\/cartoes-de-visita\/","name":"Tarjetas de visita personalizadas para empresas | Presshops","isPartOf":{"@id":"https:\/\/presshops.com\/es\/#website"},"primaryImageOfPage":{"@id":"https:\/\/presshops.com\/es\/productos\/cartoes-de-visita\/#primaryimage"},"image":{"@id":"https:\/\/presshops.com\/es\/productos\/cartoes-de-visita\/#primaryimage"},"thumbnailUrl":"https:\/\/presshops.com\/es\/wp-content\/uploads\/2025\/09\/cartao_visita_4.webp","datePublished":"2025-09-15T14:20:43+00:00","dateModified":"2025-12-19T09:38:20+00:00","description":"Tarjetas de visita personalizadas, ideales para empresas y profesionales que buscan una imagen s\u00f3lida y profesional. Impresi\u00f3n de alta calidad.","breadcrumb":{"@id":"https:\/\/presshops.com\/es\/productos\/cartoes-de-visita\/#breadcrumb"},"inLanguage":"es","potentialAction":[{"@type":"ReadAction","target":["https:\/\/presshops.com\/es\/productos\/cartoes-de-visita\/"]}]},{"@type":"ImageObject","inLanguage":"es","@id":"https:\/\/presshops.com\/es\/productos\/cartoes-de-visita\/#primaryimage","url":"https:\/\/presshops.com\/es\/wp-content\/uploads\/2025\/09\/cartao_visita_4.webp","contentUrl":"https:\/\/presshops.com\/es\/wp-content\/uploads\/2025\/09\/cartao_visita_4.webp","width":2000,"height":2000,"caption":"Cart\u00f5es de visita Presshops com design azul geom\u00e9trico moderno, impressos com log\u00f3tipo personalizado para uso profissiona"},{"@type":"BreadcrumbList","@id":"https:\/\/presshops.com\/es\/productos\/cartoes-de-visita\/#breadcrumb","itemListElement":[{"@type":"ListItem","position":1,"name":"In\u00edcio","item":"https:\/\/presshops.com\/es\/"},{"@type":"ListItem","position":2,"name":"Productos","item":"https:\/\/presshops.com\/es\/shop\/"},{"@type":"ListItem","position":3,"name":"Tarjetas de visita"}]},{"@type":"WebSite","@id":"https:\/\/presshops.com\/es\/#website","url":"https:\/\/presshops.com\/es\/","name":"Presshops.com","description":"Presshops: gr\u00e1fica online com entregas 24\u201348h. Impress\u00e3o de flyers, cart\u00f5es, roll-ups muito mais.","publisher":{"@id":"https:\/\/presshops.com\/es\/#organization"},"alternateName":"Presshops","potentialAction":[{"@type":"SearchAction","target":{"@type":"EntryPoint","urlTemplate":"https:\/\/presshops.com\/es\/?s={search_term_string}"},"query-input":{"@type":"PropertyValueSpecification","valueRequired":true,"valueName":"search_term_string"}}],"inLanguage":"es"},{"@type":"Organization","@id":"https:\/\/presshops.com\/es\/#organization","name":"Presshops.com","alternateName":"Presshops: gr\u00e1fica online com entregas 24\u201348h. Impress\u00e3o de flyers, cart\u00f5es, roll-ups e mais.","url":"https:\/\/presshops.com\/es\/","logo":{"@type":"ImageObject","inLanguage":"es","@id":"https:\/\/presshops.com\/es\/#\/schema\/logo\/image\/","url":"https:\/\/presshops.com\/es\/wp-content\/uploads\/2023\/05\/Presshop_Logo-scaled.webp","contentUrl":"https:\/\/presshops.com\/es\/wp-content\/uploads\/2023\/05\/Presshop_Logo-scaled.webp","width":2560,"height":449,"caption":"Presshops.com"},"image":{"@id":"https:\/\/presshops.com\/es\/#\/schema\/logo\/image\/"},"sameAs":["https:\/\/www.facebook.com\/privacy\/consent\/?flow=ad_free_subscription&paramsafs_variant=first_time&paramsgcl_experience_id=9a58486a-a682-46d1-ba7f-834b259b0b82&source=ad_free_subscription_blocking_flow","https:\/\/www.instagram.com\/presshops\/"]}]}},"_links":{"self":[{"href":"https:\/\/presshops.com\/es\/wp-json\/wp\/v2\/product\/4404","targetHints":{"allow":["GET"]}}],"collection":[{"href":"https:\/\/presshops.com\/es\/wp-json\/wp\/v2\/product"}],"about":[{"href":"https:\/\/presshops.com\/es\/wp-json\/wp\/v2\/types\/product"}],"wp:featuredmedia":[{"embeddable":true,"href":"https:\/\/presshops.com\/es\/wp-json\/wp\/v2\/media\/51496"}],"wp:attachment":[{"href":"https:\/\/presshops.com\/es\/wp-json\/wp\/v2\/media?parent=4404"}],"wp:term":[{"taxonomy":"product_brand","embeddable":true,"href":"https:\/\/presshops.com\/es\/wp-json\/wp\/v2\/product_brand?post=4404"},{"taxonomy":"product_cat","embeddable":true,"href":"https:\/\/presshops.com\/es\/wp-json\/wp\/v2\/product_cat?post=4404"},{"taxonomy":"product_tag","embeddable":true,"href":"https:\/\/presshops.com\/es\/wp-json\/wp\/v2\/product_tag?post=4404"}],"curies":[{"name":"wp","href":"https:\/\/api.w.org\/{rel}","templated":true}]}}