{"id":1442,"date":"2025-04-03T13:03:51","date_gmt":"2025-04-03T12:03:51","guid":{"rendered":"https:\/\/presshops.ajnet.info\/?page_id=1442"},"modified":"2026-02-27T12:27:27","modified_gmt":"2026-02-27T11:27:27","slug":"politique_de_confidentialite","status":"publish","type":"page","link":"https:\/\/presshops.com\/fr\/politique_de_confidentialite\/","title":{"rendered":"Pol\u00edtica de Privacidade"},"content":{"rendered":"\t\t<div data-elementor-type=\"wp-page\" data-elementor-id=\"1442\" class=\"elementor elementor-1442\" data-elementor-post-type=\"page\">\n\t\t\t\t<div class=\"elementor-element elementor-element-614d645 e-con-full e-flex e-con e-parent\" data-id=\"614d645\" data-element_type=\"container\" data-settings=\"{&quot;jet_parallax_layout_list&quot;:[]}\">\n\t\t\t\t<div class=\"elementor-element elementor-element-99ed821 elementor-widget elementor-widget-heading\" data-id=\"99ed821\" data-element_type=\"widget\" data-widget_type=\"heading.default\">\n\t\t\t\t\t<h1 class=\"elementor-heading-title elementor-size-default\">Politique de confidentialit\u00e9\n<\/h1>\t\t\t\t<\/div>\n\t\t\t\t<div class=\"elementor-element elementor-element-dab8119 elementor-widget elementor-widget-text-editor\" data-id=\"dab8119\" data-element_type=\"widget\" data-widget_type=\"text-editor.default\">\n\t\t\t\t\t\t\t\t\t<p data-start=\"423\" data-end=\"456\">\u00a0<strong data-start=\"458\" data-end=\"491\">AJNET, S.A. \u2013 NIF 504 592 033<\/strong><br data-start=\"491\" data-end=\"494\" \/>Zone Industrielle de Maia I, Secteur I<br data-start=\"528\" data-end=\"531\" \/>Rua de Raimundo Dur\u00e3es Magalh\u00e3es, 203 | 4475-189 Maia, Portugal<\/p><p><strong data-start=\"596\" data-end=\"608\">Website:<\/strong> <a class=\"decorated-link\" href=\"https:\/\/presshops.com\/fr\" target=\"_new\" rel=\"noopener\" data-start=\"609\" data-end=\"638\">https:\/\/presshops.com\/fr<\/a><\/p><p><strong>Donn\u00e9es personnelles collect\u00e9es et utilisation<\/strong><\/p><p>Formulaires<\/p><ul><li data-start=\"702\" data-end=\"826\">Lorsque vous remplissez un formulaire de contact, nous collectons votre <strong data-start=\"767\" data-end=\"775\">nom<\/strong> et votre <strong data-start=\"778\" data-end=\"788\">adresse e-mail<\/strong> afin de pouvoir vous r\u00e9pondre.<\/li><li data-start=\"702\" data-end=\"826\">Lorsque vous remplissez un formulaire pour <strong data-start=\"861\" data-end=\"893\">l\u2019ouverture d\u2019un compte client<\/strong>, les donn\u00e9es sont utilis\u00e9es <strong data-start=\"931\" data-end=\"944\">uniquement \u00e0 des fins de facturation<\/strong>.<\/li><li style=\"list-style-type: none;\">\u00a0<\/li><\/ul><ul data-start=\"700\" data-end=\"945\"><li style=\"list-style-type: none;\">\u00a0<\/li><\/ul><p data-start=\"947\" data-end=\"967\"><strong>Google Analytics<\/strong><\/p><p>Nous utilisons Google Analytics pour analyser les visites du site.<br \/>Google Analytics utilise <strong data-start=\"1056\" data-end=\"1067\">des cookies<\/strong> pour recueillir des donn\u00e9es anonymes.<br \/><br data-start=\"1088\" data-end=\"1091\" \/>Afin de respecter la r\u00e9glementation en vigueur, les param\u00e8tres de confidentialit\u00e9 sont activ\u00e9s :<\/p><ul><li>Les donn\u00e9es sont<strong data-start=\"1201\" data-end=\"1230\"> trait\u00e9es de mani\u00e8re anonyme.<\/strong><\/li><li>Le partage de donn\u00e9es avec Google est<strong> d\u00e9sactiv\u00e9.<\/strong><\/li><li>Aucun autre service Google n\u2019est utilis\u00e9 conjointement avec ces cookies.<\/li><\/ul><p>\u00a0<\/p><p><strong>Multim\u00e9dia<\/strong><\/p><p>Si vous t\u00e9l\u00e9versez des images sur le site, \u00e9vitez les fichiers contenant des <strong data-start=\"1374\" data-end=\"1412\">donn\u00e9es de localisation (EXIF\/GPS)<\/strong>.<br data-start=\"1413\" data-end=\"1416\" \/>Les visiteurs peuvent t\u00e9l\u00e9charger et extraire ces informations \u00e0 partir des images publi\u00e9es.<\/p><p><strong>Cookies<\/strong><\/p><p>Un <strong data-start=\"1534\" data-end=\"1544\">cookie<\/strong> est un petit fichier stock\u00e9 sur votre appareil lorsque vous visitez un site web, lisez un e-mail ou utilisez une application.<br data-start=\"1670\" data-end=\"1673\" \/>Les cookies utilis\u00e9s sur ce site ont diff\u00e9rentes finalit\u00e9s.<br data-start=\"1732\" data-end=\"1735\" \/>Vous pouvez <strong data-start=\"1747\" data-end=\"1777\">accepter, refuser ou g\u00e9rer<\/strong> leur stockage \u00e0 tout moment dans les param\u00e8tres de votre navigateur.<\/p><p><strong>Gestion des cookies selon le navigateur :<\/strong><\/p><p>La configuration d\u00e9taill\u00e9e se trouve dans le menu d\u2019aide de votre navigateur. Exemples :<\/p><p><strong data-start=\"2084\" data-end=\"2105\">Internet Explorer<\/strong><\/p><ol data-start=\"2108\" data-end=\"2342\"><li data-start=\"2108\" data-end=\"2179\"><p data-start=\"2111\" data-end=\"2179\">Menu \u00ab Options Internet \u00bb \u2192 onglet \u00ab Confidentialit\u00e9 \u00bb \u2192 \u00ab Avanc\u00e9 \u00bb<\/p><\/li><li data-start=\"2180\" data-end=\"2238\"><p data-start=\"2183\" data-end=\"2238\">Cochez \u00ab Ignorer la gestion automatique des cookies \u00bb<\/p><\/li><li data-start=\"2239\" data-end=\"2322\"><p data-start=\"2242\" data-end=\"2322\">Acceptez les cookies internes et refusez les cookies tiers<\/p><\/li><li data-start=\"2323\" data-end=\"2342\"><p data-start=\"2326\" data-end=\"2342\">Cliquez sur \u00ab OK \u00bb<\/p><\/li><\/ol><p data-start=\"2344\" data-end=\"2356\"><strong data-start=\"2344\" data-end=\"2354\">Safari<\/strong><\/p><ol data-start=\"2357\" data-end=\"2473\"><li data-start=\"2357\" data-end=\"2406\"><p data-start=\"2360\" data-end=\"2406\">Menu \u00ab Pr\u00e9f\u00e9rences \u00bb \u2192 onglet \u00ab S\u00e9curit\u00e9 \u00bb<\/p><\/li><li data-start=\"2407\" data-end=\"2473\"><p data-start=\"2410\" data-end=\"2473\">Dans \u00ab Accepter les cookies \u00bb, s\u00e9lectionnez \u00ab Uniquement des sites visit\u00e9s \u00bb<\/p><\/li><\/ol><p data-start=\"2475\" data-end=\"2487\"><strong data-start=\"2475\" data-end=\"2485\">Chrome<\/strong><\/p><ol data-start=\"2488\" data-end=\"2650\"><li data-start=\"2488\" data-end=\"2511\"><p data-start=\"2491\" data-end=\"2511\">Menu \u00ab Param\u00e8tres \u00bb<\/p><\/li><li data-start=\"2512\" data-end=\"2578\"><p data-start=\"2515\" data-end=\"2578\">\u00ab Confidentialit\u00e9 et s\u00e9curit\u00e9 \u00bb \u2192 \u00ab Cookies et autres donn\u00e9es de site \u00bb<\/p><\/li><li data-start=\"2579\" data-end=\"2638\"><p data-start=\"2582\" data-end=\"2638\">Activez l\u2019option pour bloquer les cookies tiers<\/p><\/li><li data-start=\"2639\" data-end=\"2650\"><p data-start=\"2642\" data-end=\"2650\">Enregistrer<\/p><\/li><\/ol><p data-start=\"2652\" data-end=\"2665\"><strong data-start=\"2652\" data-end=\"2663\">Firefox<\/strong><\/p><ol data-start=\"2666\" data-end=\"2852\"><li data-start=\"2666\" data-end=\"2712\"><p data-start=\"2669\" data-end=\"2712\">Menu \u00ab Param\u00e8tres \u00bb \u2192 \u00ab Vie priv\u00e9e et s\u00e9curit\u00e9 \u00bb<\/p><\/li><li data-start=\"2713\" data-end=\"2780\"><p data-start=\"2716\" data-end=\"2780\">Sous \u00ab Historique \u00bb, s\u00e9lectionnez \u00ab Utiliser des param\u00e8tres personnalis\u00e9s \u00bb<\/p><\/li><li data-start=\"2781\" data-end=\"2840\"><p data-start=\"2784\" data-end=\"2840\">Dans \u00ab Accepter les cookies tiers \u00bb, choisissez \u00ab Jamais \u00bb<\/p><\/li><li data-start=\"2841\" data-end=\"2852\"><p data-start=\"2844\" data-end=\"2852\">Enregistrer<\/p><\/li><\/ol><p data-start=\"2854\" data-end=\"2938\">Pour tout autre navigateur, consultez la documentation du fabricant.<\/p><p><strong>Contenus int\u00e9gr\u00e9s provenant d\u2019autres sites<\/strong><\/p><p>Les articles ou pages de ce site peuvent inclure des contenus int\u00e9gr\u00e9s (vid\u00e9os, images, articles, etc.).<br data-start=\"2893\" data-end=\"2896\" \/>Ces contenus se comportent comme si le visiteur consultait le site source et peuvent donc collecter des donn\u00e9es, utiliser des cookies ou suivre vos interactions.<\/p><p><strong>Partage de donn\u00e9es<\/strong><\/p><p data-start=\"3091\" data-end=\"3134\">Vos donn\u00e9es peuvent \u00eatre partag\u00e9es avec :<\/p><ul data-start=\"3135\" data-end=\"3521\"><li data-start=\"3135\" data-end=\"3231\"><p data-start=\"3137\" data-end=\"3231\">Des <strong data-start=\"3141\" data-end=\"3169\">prestataires de services<\/strong> (comptabilit\u00e9, transport, facturation) mandat\u00e9s par AJNET ;<\/p><\/li><li data-start=\"3232\" data-end=\"3375\"><p data-start=\"3234\" data-end=\"3375\">Des <strong data-start=\"3238\" data-end=\"3258\">organismes tiers<\/strong> traitant les donn\u00e9es de mani\u00e8re ind\u00e9pendante, uniquement pour les besoins pour lesquels elles ont \u00e9t\u00e9 collect\u00e9es ;<\/p><\/li><li data-start=\"3376\" data-end=\"3463\"><p data-start=\"3378\" data-end=\"3463\">Les autorit\u00e9s l\u00e9gales, si la loi l\u2019exige ou en r\u00e9ponse \u00e0 une proc\u00e9dure judiciaire ;<\/p><\/li><li data-start=\"3464\" data-end=\"3521\"><p data-start=\"3466\" data-end=\"3521\">Pour la <strong data-start=\"3474\" data-end=\"3512\">protection des droits ou des biens<\/strong> d\u2019AJNET.<\/p><\/li><\/ul><p><strong>Dur\u00e9e de conservation<\/strong><\/p><ul><li><strong data-start=\"3560\" data-end=\"3578\">Commentaires :<\/strong> conserv\u00e9s ind\u00e9finiment afin de reconna\u00eetre les commentaires ult\u00e9rieurs automatiquement.<\/li><li><strong data-start=\"3671\" data-end=\"3697\">Comptes utilisateurs :<\/strong> les informations du profil sont conserv\u00e9es jusqu\u2019\u00e0 suppression manuelle par l\u2019utilisateur ou un administrateur.<\/li><\/ul><p data-start=\"4275\" data-end=\"4294\">\u00a0<\/p><p data-start=\"4275\" data-end=\"4294\"><strong>Vos droits<\/strong><\/p><p data-start=\"3835\" data-end=\"3910\">Si vous poss\u00e9dez un compte ou avez laiss\u00e9 des commentaires, vous pouvez :<\/p><ul data-start=\"3911\" data-end=\"4111\"><li data-start=\"3911\" data-end=\"3981\"><p data-start=\"3913\" data-end=\"3981\">Demander un <strong data-start=\"3925\" data-end=\"3950\">fichier d\u2019exportation<\/strong> de vos donn\u00e9es personnelles.<\/p><\/li><li data-start=\"3982\" data-end=\"4111\"><p data-start=\"3984\" data-end=\"4111\">Demander la <strong data-start=\"3996\" data-end=\"4011\">suppression<\/strong> de vos donn\u00e9es (sauf celles n\u00e9cessaires \u00e0 des obligations l\u00e9gales, administratives ou de s\u00e9curit\u00e9).<\/p><\/li><\/ul><p>Destination des donn\u00e9es<\/p><p>Les commentaires des visiteurs peuvent \u00eatre v\u00e9rifi\u00e9s via un <strong data-start=\"4210\" data-end=\"4253\">service automatis\u00e9 de d\u00e9tection de spam<\/strong>.<\/p><p><strong>Contact<\/strong><\/p><p>Pour toute question : <a href=\"mailto:info@ajnet.net\">info@ajnet.net<\/a><\/p>\t\t\t\t\t\t\t\t<\/div>\n\t\t\t\t<\/div>\n\t\t<div class=\"elementor-element elementor-element-a2f5fb0 e-con-full e-flex e-con e-parent\" data-id=\"a2f5fb0\" data-element_type=\"container\" data-settings=\"{&quot;jet_parallax_layout_list&quot;:[]}\">\n\t\t\t\t<div class=\"elementor-element elementor-element-5d0d918 elementor-widget elementor-widget-heading\" data-id=\"5d0d918\" data-element_type=\"widget\" data-widget_type=\"heading.default\">\n\t\t\t\t\t<h2 class=\"elementor-heading-title elementor-size-default\">D\u00e9claration de consentement des donn\u00e9es personnelles<\/h2>\t\t\t\t<\/div>\n\t\t\t\t<div class=\"elementor-element elementor-element-72f1c51 elementor-widget elementor-widget-text-editor\" data-id=\"72f1c51\" data-element_type=\"widget\" data-widget_type=\"text-editor.default\">\n\t\t\t\t\t\t\t\t\t<strong>AJNET, S.A.<\/strong> accorde une grande importance \u00e0 la protection des donn\u00e9es personnelles. Par cons\u00e9quent, elle collecte, traite et utilise ces donn\u00e9es conform\u00e9ment au R\u00e8glement G\u00e9n\u00e9ral sur la Protection des Donn\u00e9es (R\u00e8glement UE 2016\/679 du 27 avril) et selon les principes \u00e9nonc\u00e9s ci-dessous.\n<ol>\n \t<li>Les donn\u00e9es personnelles du Client sont trait\u00e9es dans le strict respect de l\u2019ensemble des obligations contractuelles et l\u00e9gales de <strong>AJNET, S.A.<\/strong>, les finalit\u00e9s de ce traitement \u00e9tant essentiellement les suivantes :<\/li>\n<\/ol>\n<ul>\n \t<li>Traitement de la facturation, y compris la facturation \u00e9lectronique ;<\/li>\n \t<li>Archivage papier et num\u00e9rique des documents ;<\/li>\n \t<li>Gestion des encaissements et des paiements ;<\/li>\n \t<li>Autres finalit\u00e9s ind\u00e9pendantes qui pourront \u00eatre communiqu\u00e9es ult\u00e9rieurement.<\/li>\n<\/ul>\n<ol start=\"2\">\n \t<li>Le Client est inform\u00e9 que ses donn\u00e9es personnelles seront conserv\u00e9es pendant une dur\u00e9e d\u2019un (1) an apr\u00e8s la fin de la relation contractuelle, sans pr\u00e9judice de l\u2019\u00e9ventuelle prolongation de ce d\u00e9lai en cas de proc\u00e9dure judiciaire, administrative ou des obligations l\u00e9gales de conservation, notamment en mati\u00e8re de droit du travail, fiscalit\u00e9 et s\u00e9curit\u00e9 sociale.<\/li>\n \t<li>Le Client est inform\u00e9 qu\u2019il dispose du droit d\u2019acc\u00e9der \u00e0 ses donn\u00e9es personnelles, de les rectifier ou de les supprimer. Il peut \u00e9galement demander la limitation de leur traitement ou exercer son droit d\u2019opposition \u00e0 la portabilit\u00e9 des donn\u00e9es.<\/li>\n \t<li>Le Client a le droit d\u2019introduire une r\u00e9clamation aupr\u00e8s de l\u2019autorit\u00e9 nationale de contr\u00f4le : la Commission Nationale de Protection des Donn\u00e9es.<\/li>\n \t<li>Sans pr\u00e9judice des autres conditions et bases l\u00e9gales applicables, le Client autorise l\u2019enregistrement, l\u2019organisation, la conservation, la consultation, l\u2019utilisation et la communication de ses donn\u00e9es personnelles par <strong>AJNET, S.A.<\/strong>.<\/li>\n \t<li>Le Client est inform\u00e9 de son droit de retirer son consentement \u00e0 tout moment, sans compromettre la lic\u00e9it\u00e9 du traitement effectu\u00e9 sur la base du consentement pr\u00e9alable donn\u00e9 pour une finalit\u00e9 sp\u00e9cifique.<\/li>\n \t<li>Pour toute demande de modification des autorisations, le Client doit utiliser l\u2019adresse e-mail suivante : <a href=\"mailto:info@ajnet.net\"><span style=\"text-decoration: underline;\"><strong>info@ajnet.net<\/strong><\/span><\/a>.<\/li>\n \t<li>Le Client d\u00e9clare reconna\u00eetre et accepter, en s\u2019engageant \u00e0 les respecter, toutes les r\u00e8gles de fonctionnement interne et politiques en vigueur, approuv\u00e9es par <strong>AJNET, S.A.<\/strong>.<\/li>\n \t<li>Enfin, il est pr\u00e9cis\u00e9 que <strong>AJNET, S.A.<\/strong> a mis en place une signature \u00e9lectronique certifi\u00e9e ; par cons\u00e9quent, tous les documents sont sign\u00e9s num\u00e9riquement avec une signature qualifi\u00e9e.<\/li>\n<\/ol>\t\t\t\t\t\t\t\t<\/div>\n\t\t\t\t<\/div>\n\t\t<div class=\"elementor-element elementor-element-3b66c00 e-flex e-con-boxed e-con e-parent\" data-id=\"3b66c00\" data-element_type=\"container\" data-settings=\"{&quot;jet_parallax_layout_list&quot;:[]}\">\n\t\t\t\t\t<div class=\"e-con-inner\">\n\t\t\t\t\t<\/div>\n\t\t\t\t<\/div>\n\t\t\t\t<\/div>\n\t\t","protected":false},"excerpt":{"rendered":"<p>Politique de confidentialit\u00e9 \u00a0AJNET, S.A. \u2013 NIF 504 592 033Zone Industrielle de Maia I, Secteur IRua de Raimundo Dur\u00e3es Magalh\u00e3es, 203 | 4475-189 Maia, Portugal Website: https:\/\/presshops.com\/fr Donn\u00e9es personnelles collect\u00e9es et utilisation Formulaires Lorsque vous remplissez un formulaire de contact, nous collectons votre nom et votre adresse e-mail afin de pouvoir vous r\u00e9pondre. Lorsque vous [&hellip;]<\/p>\n","protected":false},"author":64,"featured_media":0,"parent":0,"menu_order":0,"comment_status":"closed","ping_status":"closed","template":"","meta":{"footnotes":""},"class_list":["post-1442","page","type-page","status-publish","hentry"],"yoast_head":"<!-- This site is optimized with the Yoast SEO plugin v23.6 - https:\/\/yoast.com\/wordpress\/plugins\/seo\/ -->\n<title>Politique de confidentialit\u00e9 | Presshops<\/title>\n<meta name=\"description\" content=\"Consultez la politique de confidentialit\u00e9 de Presshops pour comprendre comment nous collectons et prot\u00e9geons vos donn\u00e9es personnelles.\" \/>\n<meta name=\"robots\" content=\"index, follow, max-snippet:-1, max-image-preview:large, max-video-preview:-1\" \/>\n<link rel=\"canonical\" href=\"https:\/\/presshops.com\/fr\/politique_de_confidentialite\/\" \/>\n<meta property=\"og:locale\" content=\"fr_FR\" \/>\n<meta property=\"og:type\" content=\"article\" \/>\n<meta property=\"og:title\" content=\"Politique de confidentialit\u00e9 | Presshops\" \/>\n<meta property=\"og:description\" content=\"Consultez la politique de confidentialit\u00e9 de Presshops pour comprendre comment nous collectons et prot\u00e9geons vos donn\u00e9es personnelles.\" \/>\n<meta property=\"og:url\" content=\"https:\/\/presshops.com\/fr\/politique_de_confidentialite\/\" \/>\n<meta property=\"og:site_name\" content=\"Presshops\" \/>\n<meta property=\"article:publisher\" content=\"https:\/\/www.facebook.com\/privacy\/consent\/?flow=ad_free_subscription&amp;paramsafs_variant=first_time&amp;paramsgcl_experience_id=9a58486a-a682-46d1-ba7f-834b259b0b82&amp;source=ad_free_subscription_blocking_flow\" \/>\n<meta property=\"article:modified_time\" content=\"2026-02-27T11:27:27+00:00\" \/>\n<meta property=\"og:image\" content=\"https:\/\/presshops.com\/fr\/wp-content\/uploads\/2023\/05\/Presshop_Logo-scaled.webp\" \/>\n\t<meta property=\"og:image:width\" content=\"2560\" \/>\n\t<meta property=\"og:image:height\" content=\"449\" \/>\n\t<meta property=\"og:image:type\" content=\"image\/webp\" \/>\n<meta name=\"twitter:card\" content=\"summary_large_image\" \/>\n<meta name=\"twitter:label1\" content=\"Dur\u00e9e de lecture estim\u00e9e\" \/>\n\t<meta name=\"twitter:data1\" content=\"5 minutes\" \/>\n<script type=\"application\/ld+json\" class=\"yoast-schema-graph\">{\"@context\":\"https:\/\/schema.org\",\"@graph\":[{\"@type\":\"WebPage\",\"@id\":\"https:\/\/presshops.com\/fr\/politique_de_confidentialite\/\",\"url\":\"https:\/\/presshops.com\/fr\/politique_de_confidentialite\/\",\"name\":\"Politique de confidentialit\u00e9 | Presshops\",\"isPartOf\":{\"@id\":\"https:\/\/presshops.com\/fr\/#website\"},\"datePublished\":\"2025-04-03T12:03:51+00:00\",\"dateModified\":\"2026-02-27T11:27:27+00:00\",\"description\":\"Consultez la politique de confidentialit\u00e9 de Presshops pour comprendre comment nous collectons et prot\u00e9geons vos donn\u00e9es personnelles.\",\"breadcrumb\":{\"@id\":\"https:\/\/presshops.com\/fr\/politique_de_confidentialite\/#breadcrumb\"},\"inLanguage\":\"fr-FR\",\"potentialAction\":[{\"@type\":\"ReadAction\",\"target\":[\"https:\/\/presshops.com\/fr\/politique_de_confidentialite\/\"]}]},{\"@type\":\"BreadcrumbList\",\"@id\":\"https:\/\/presshops.com\/fr\/politique_de_confidentialite\/#breadcrumb\",\"itemListElement\":[{\"@type\":\"ListItem\",\"position\":1,\"name\":\"In\u00edcio\",\"item\":\"https:\/\/presshops.com\/fr\/\"},{\"@type\":\"ListItem\",\"position\":2,\"name\":\"Pol\u00edtica de Privacidade\"}]},{\"@type\":\"WebSite\",\"@id\":\"https:\/\/presshops.com\/fr\/#website\",\"url\":\"https:\/\/presshops.com\/fr\/\",\"name\":\"Presshops.com\",\"description\":\"Presshops \u2013 Imprimerie en ligne avec livraison en 24\u201348h. Flyers, cartes, roll-ups et bien plus.\",\"publisher\":{\"@id\":\"https:\/\/presshops.com\/fr\/#organization\"},\"alternateName\":\"Presshops\",\"potentialAction\":[{\"@type\":\"SearchAction\",\"target\":{\"@type\":\"EntryPoint\",\"urlTemplate\":\"https:\/\/presshops.com\/fr\/?s={search_term_string}\"},\"query-input\":{\"@type\":\"PropertyValueSpecification\",\"valueRequired\":true,\"valueName\":\"search_term_string\"}}],\"inLanguage\":\"fr-FR\"},{\"@type\":\"Organization\",\"@id\":\"https:\/\/presshops.com\/fr\/#organization\",\"name\":\"Presshops.com\",\"alternateName\":\"Presshops: gr\u00e1fica online com entregas 24\u201348h. Impress\u00e3o de flyers, cart\u00f5es, roll-ups e mais.\",\"url\":\"https:\/\/presshops.com\/fr\/\",\"logo\":{\"@type\":\"ImageObject\",\"inLanguage\":\"fr-FR\",\"@id\":\"https:\/\/presshops.com\/fr\/#\/schema\/logo\/image\/\",\"url\":\"https:\/\/presshops.com\/fr\/wp-content\/uploads\/2023\/05\/Presshop_Logo-scaled.webp\",\"contentUrl\":\"https:\/\/presshops.com\/fr\/wp-content\/uploads\/2023\/05\/Presshop_Logo-scaled.webp\",\"width\":2560,\"height\":449,\"caption\":\"Presshops.com\"},\"image\":{\"@id\":\"https:\/\/presshops.com\/fr\/#\/schema\/logo\/image\/\"},\"sameAs\":[\"https:\/\/www.facebook.com\/privacy\/consent\/?flow=ad_free_subscription&paramsafs_variant=first_time&paramsgcl_experience_id=9a58486a-a682-46d1-ba7f-834b259b0b82&source=ad_free_subscription_blocking_flow\",\"https:\/\/www.instagram.com\/presshops\/\"]}]}<\/script>\n<!-- \/ Yoast SEO plugin. -->","yoast_head_json":{"title":"Politique de confidentialit\u00e9 | Presshops","description":"Consultez la politique de confidentialit\u00e9 de Presshops pour comprendre comment nous collectons et prot\u00e9geons vos donn\u00e9es personnelles.","robots":{"index":"index","follow":"follow","max-snippet":"max-snippet:-1","max-image-preview":"max-image-preview:large","max-video-preview":"max-video-preview:-1"},"canonical":"https:\/\/presshops.com\/fr\/politique_de_confidentialite\/","og_locale":"fr_FR","og_type":"article","og_title":"Politique de confidentialit\u00e9 | Presshops","og_description":"Consultez la politique de confidentialit\u00e9 de Presshops pour comprendre comment nous collectons et prot\u00e9geons vos donn\u00e9es personnelles.","og_url":"https:\/\/presshops.com\/fr\/politique_de_confidentialite\/","og_site_name":"Presshops","article_publisher":"https:\/\/www.facebook.com\/privacy\/consent\/?flow=ad_free_subscription&paramsafs_variant=first_time&paramsgcl_experience_id=9a58486a-a682-46d1-ba7f-834b259b0b82&source=ad_free_subscription_blocking_flow","article_modified_time":"2026-02-27T11:27:27+00:00","og_image":[{"width":2560,"height":449,"url":"https:\/\/presshops.com\/fr\/wp-content\/uploads\/2023\/05\/Presshop_Logo-scaled.webp","type":"image\/webp"}],"twitter_card":"summary_large_image","twitter_misc":{"Dur\u00e9e de lecture estim\u00e9e":"5 minutes"},"schema":{"@context":"https:\/\/schema.org","@graph":[{"@type":"WebPage","@id":"https:\/\/presshops.com\/fr\/politique_de_confidentialite\/","url":"https:\/\/presshops.com\/fr\/politique_de_confidentialite\/","name":"Politique de confidentialit\u00e9 | Presshops","isPartOf":{"@id":"https:\/\/presshops.com\/fr\/#website"},"datePublished":"2025-04-03T12:03:51+00:00","dateModified":"2026-02-27T11:27:27+00:00","description":"Consultez la politique de confidentialit\u00e9 de Presshops pour comprendre comment nous collectons et prot\u00e9geons vos donn\u00e9es personnelles.","breadcrumb":{"@id":"https:\/\/presshops.com\/fr\/politique_de_confidentialite\/#breadcrumb"},"inLanguage":"fr-FR","potentialAction":[{"@type":"ReadAction","target":["https:\/\/presshops.com\/fr\/politique_de_confidentialite\/"]}]},{"@type":"BreadcrumbList","@id":"https:\/\/presshops.com\/fr\/politique_de_confidentialite\/#breadcrumb","itemListElement":[{"@type":"ListItem","position":1,"name":"In\u00edcio","item":"https:\/\/presshops.com\/fr\/"},{"@type":"ListItem","position":2,"name":"Pol\u00edtica de Privacidade"}]},{"@type":"WebSite","@id":"https:\/\/presshops.com\/fr\/#website","url":"https:\/\/presshops.com\/fr\/","name":"Presshops.com","description":"Presshops \u2013 Imprimerie en ligne avec livraison en 24\u201348h. Flyers, cartes, roll-ups et bien plus.","publisher":{"@id":"https:\/\/presshops.com\/fr\/#organization"},"alternateName":"Presshops","potentialAction":[{"@type":"SearchAction","target":{"@type":"EntryPoint","urlTemplate":"https:\/\/presshops.com\/fr\/?s={search_term_string}"},"query-input":{"@type":"PropertyValueSpecification","valueRequired":true,"valueName":"search_term_string"}}],"inLanguage":"fr-FR"},{"@type":"Organization","@id":"https:\/\/presshops.com\/fr\/#organization","name":"Presshops.com","alternateName":"Presshops: gr\u00e1fica online com entregas 24\u201348h. Impress\u00e3o de flyers, cart\u00f5es, roll-ups e mais.","url":"https:\/\/presshops.com\/fr\/","logo":{"@type":"ImageObject","inLanguage":"fr-FR","@id":"https:\/\/presshops.com\/fr\/#\/schema\/logo\/image\/","url":"https:\/\/presshops.com\/fr\/wp-content\/uploads\/2023\/05\/Presshop_Logo-scaled.webp","contentUrl":"https:\/\/presshops.com\/fr\/wp-content\/uploads\/2023\/05\/Presshop_Logo-scaled.webp","width":2560,"height":449,"caption":"Presshops.com"},"image":{"@id":"https:\/\/presshops.com\/fr\/#\/schema\/logo\/image\/"},"sameAs":["https:\/\/www.facebook.com\/privacy\/consent\/?flow=ad_free_subscription&paramsafs_variant=first_time&paramsgcl_experience_id=9a58486a-a682-46d1-ba7f-834b259b0b82&source=ad_free_subscription_blocking_flow","https:\/\/www.instagram.com\/presshops\/"]}]}},"_links":{"self":[{"href":"https:\/\/presshops.com\/fr\/wp-json\/wp\/v2\/pages\/1442","targetHints":{"allow":["GET"]}}],"collection":[{"href":"https:\/\/presshops.com\/fr\/wp-json\/wp\/v2\/pages"}],"about":[{"href":"https:\/\/presshops.com\/fr\/wp-json\/wp\/v2\/types\/page"}],"author":[{"embeddable":true,"href":"https:\/\/presshops.com\/fr\/wp-json\/wp\/v2\/users\/64"}],"replies":[{"embeddable":true,"href":"https:\/\/presshops.com\/fr\/wp-json\/wp\/v2\/comments?post=1442"}],"version-history":[{"count":18,"href":"https:\/\/presshops.com\/fr\/wp-json\/wp\/v2\/pages\/1442\/revisions"}],"predecessor-version":[{"id":73397,"href":"https:\/\/presshops.com\/fr\/wp-json\/wp\/v2\/pages\/1442\/revisions\/73397"}],"wp:attachment":[{"href":"https:\/\/presshops.com\/fr\/wp-json\/wp\/v2\/media?parent=1442"}],"curies":[{"name":"wp","href":"https:\/\/api.w.org\/{rel}","templated":true}]}}