{"id":1472,"date":"2025-04-10T09:26:37","date_gmt":"2025-04-10T08:26:37","guid":{"rendered":"https:\/\/presshops.ajnet.info\/?page_id=1472"},"modified":"2026-02-26T18:22:30","modified_gmt":"2026-02-26T17:22:30","slug":"conditions_generales","status":"publish","type":"page","link":"https:\/\/presshops.com\/fr\/conditions_generales\/","title":{"rendered":"Termos e condi\u00e7\u00f5es"},"content":{"rendered":"\t\t<div data-elementor-type=\"wp-page\" data-elementor-id=\"1472\" class=\"elementor elementor-1472\" data-elementor-post-type=\"page\">\n\t\t\t\t<div class=\"elementor-element elementor-element-ed51c13 e-con-full e-flex e-con e-parent\" data-id=\"ed51c13\" data-element_type=\"container\" data-settings=\"{&quot;jet_parallax_layout_list&quot;:[]}\">\n\t\t\t\t<div class=\"elementor-element elementor-element-c870ec2 elementor-widget elementor-widget-heading\" data-id=\"c870ec2\" data-element_type=\"widget\" data-widget_type=\"heading.default\">\n\t\t\t\t\t<h2 class=\"elementor-heading-title elementor-size-default\">Conditions g\u00e9n\u00e9rales<\/h2>\t\t\t\t<\/div>\n\t\t\t\t<div class=\"elementor-element elementor-element-56fb66e elementor-widget elementor-widget-text-editor\" data-id=\"56fb66e\" data-element_type=\"widget\" data-widget_type=\"text-editor.default\">\n\t\t\t\t\t\t\t\t\t<p>AJNET, SA \u2013 Num\u00e9ro d\u2019identification fiscale 504 592 033,<br \/>Zone Industrielle de Maia I, Secteur I,<br \/>Rua de Raimundo Dur\u00e3es Magalh\u00e3es, 203 | 4475-189 Maia, Portugal<\/p><p>Notre site web est : <a href=\"https:\/\/presshops.com\/\">https:\/\/presshops.com<\/a><\/p><p>PR\u00c9AMBULE<br \/>Les pr\u00e9sentes conditions g\u00e9n\u00e9rales de vente sont conclues entre AJNET, SA, dont le si\u00e8ge social est situ\u00e9 \u00e0 Zona Industrial da Maia I, Sector I, Rua de Raimundo Dur\u00e3es Magalh\u00e3es, 203 | 4475-189 Maia, Portugal, num\u00e9ro d\u2019identification fiscale 504 592 033, contact \u2013 <a href=\"mailto:info@presshops.com\">info@presshops.com<\/a>, ci-apr\u00e8s d\u00e9nomm\u00e9e \u00ab AJNET, SA \u00bb, et toute personne souhaitant effectuer des achats via le site <a href=\"https:\/\/presshops.com\/\">https:\/\/presshops.com<\/a>, ci-apr\u00e8s d\u00e9nomm\u00e9e \u00ab l\u2019Utilisateur \u00bb.<\/p><p>Les parties conviennent que les achats effectu\u00e9s via le site <a href=\"https:\/\/presshops.com\/\">https:\/\/presshops.com<\/a> sont exclusivement r\u00e9gis par le pr\u00e9sent contrat, \u00e0 l\u2019exclusion de toute autre condition \u00e9ventuellement disponible sur le site.<\/p><p>ARTICLE 1 \u2013 OBJET<br \/>Les pr\u00e9sentes conditions g\u00e9n\u00e9rales de vente ont pour objet de d\u00e9finir et de mettre \u00e0 la disposition de l\u2019Utilisateur toutes les informations n\u00e9cessaires relatives aux modalit\u00e9s de commande, de vente, de paiement et de prestation de services r\u00e9alis\u00e9es sur le site <a href=\"https:\/\/presshops.com\/\">https:\/\/presshops.com<\/a>.<\/p><p>Ces conditions r\u00e9gissent toutes les \u00e9tapes n\u00e9cessaires \u00e0 la r\u00e9alisation de l\u2019achat et garantissent le suivi du service fourni \u00e0 l\u2019Utilisateur.<\/p><p>ARTICLE 2 \u2013 COMMANDE<br \/>L\u2019Utilisateur valide sa commande en compl\u00e9tant le processus d\u2019achat pr\u00e9sent\u00e9 sur le site <a href=\"https:\/\/presshops.com\/\">https:\/\/presshops.com<\/a>, en ajoutant au panier le(s) produit(s) ou service(s) qu\u2019il souhaite commander.<\/p><p>Pour passer commande, l\u2019Utilisateur doit :<\/p><p>a) S\u2019inscrire sur le site <a href=\"https:\/\/presshops.com\/\">https:\/\/presshops.com<\/a> en fournissant les informations demand\u00e9es \u00e0 cet effet ;<br \/>b) Se connecter (\u00ab login \u00bb) en utilisant la combinaison d\u2019une adresse e-mail et d\u2019un mot de passe choisis lors de l\u2019inscription ;<br \/>c) Compl\u00e9ter les informations et choisir les options propos\u00e9es tout au long du processus de finalisation de la commande (adresse de livraison et de facturation, mode d\u2019exp\u00e9dition, mode de paiement, ainsi que le num\u00e9ro d\u2019identification fiscale (NIF) et le nom \u00e0 faire figurer sur la facture \u00e0 des fins fiscales).<\/p><p>La confirmation finale de la commande par l\u2019Utilisateur constitue une acceptation pleine et enti\u00e8re des prix et de la description des produits\/services propos\u00e9s \u00e0 la vente, ainsi que des pr\u00e9sentes Conditions G\u00e9n\u00e9rales de Vente, qui sont les seules applicables au contrat ainsi conclu.<\/p><p>AJNET, SA honorera les commandes re\u00e7ues en ligne. En cas d\u2019indisponibilit\u00e9 du service, l\u2019Utilisateur en sera inform\u00e9 dans les plus brefs d\u00e9lais.<\/p><p>Les informations figurant sur la facture rel\u00e8vent de la seule responsabilit\u00e9 de l\u2019Utilisateur. Une fois la facture \u00e9mise, aucune modification ne pourra \u00eatre effectu\u00e9e.<\/p><p>Les commandes sont valables pendant 5 jours, sauf si elles sont pass\u00e9es dans le cadre d\u2019une campagne promotionnelle avec un d\u00e9lai diff\u00e9rent. Pass\u00e9 ce d\u00e9lai, les prix, remises, promotions et offres ne peuvent \u00eatre garantis. Si le paiement n\u2019est pas re\u00e7u dans ce d\u00e9lai, la commande ne pourra pas \u00eatre trait\u00e9e. Tout montant re\u00e7u apr\u00e8s cette date sera rembours\u00e9 ou cr\u00e9dit\u00e9 sur une nouvelle commande.<\/p><p>Clause de non-responsabilit\u00e9 concernant la personnalisation<br \/>La personnalisation ou l\u2019impression sur des supports non fournis par notre soci\u00e9t\u00e9 implique que le client accepte et reconna\u00eet que tous les risques associ\u00e9s \u00e0 ces supports, y compris leur ad\u00e9quation au processus, ainsi que tout dommage, d\u00e9faut ou perte, rel\u00e8vent exclusivement de sa responsabilit\u00e9.<\/p><p>Notre soci\u00e9t\u00e9 est express\u00e9ment d\u00e9gag\u00e9e de toute responsabilit\u00e9 \u00e0 cet \u00e9gard, notamment en ce qui concerne la n\u00e9cessit\u00e9 d\u2019effectuer des tests ou toute \u00e9ventuelle inad\u00e9quation des mat\u00e9riaux durant la production.<\/p><p>En outre, la v\u00e9rification des quantit\u00e9s de mat\u00e9riel livr\u00e9es pour personnalisation\/impression, ainsi que des quantit\u00e9s r\u00e9cup\u00e9r\u00e9es apr\u00e8s l\u2019ach\u00e8vement du service, rel\u00e8ve de la seule responsabilit\u00e9 du client.<\/p><p>ARTICLE 3 \u2013 PAIEMENT<br \/>Sur le site <a href=\"https:\/\/presshops.com\/\">https:\/\/presshops.com<\/a>, AJNET, SA propose \u00e0 l\u2019Utilisateur les modes de paiement suivants :<\/p><p>a) Carte bancaire (Visa, Mastercard) ;<br \/>b) R\u00e9f\u00e9rence Multibanco ;<br \/>c) Virement bancaire.<\/p><p>Pour les paiements par carte bancaire, le d\u00e9bit sera effectu\u00e9 imm\u00e9diatement apr\u00e8s confirmation que le service peut \u00eatre fourni. Si l\u2019un des services command\u00e9s ne peut \u00eatre fourni, le montant correspondant sera rembours\u00e9 sur la carte de l\u2019Utilisateur apr\u00e8s cl\u00f4ture de la commande.<\/p><p>ARTICLE 4 \u2013 LIVRAISON<br \/>Le service sera mis \u00e0 disposition apr\u00e8s confirmation du paiement.<\/p><p>ARTICLE 5 \u2013 PRIX<br \/>Les prix sont indiqu\u00e9s en euros, toutes taxes et charges comprises, en tenant compte du taux de TVA en vigueur \u00e0 la date du paiement de la commande.<\/p><p>En cas d\u2019augmentation du prix d\u2019un service, l\u2019Utilisateur en sera inform\u00e9 imm\u00e9diatement et pourra choisir soit de poursuivre sa commande (en payant la diff\u00e9rence), soit de l\u2019annuler.<\/p><p>ARTICLE 6 \u2013 ANNULATION ET REMBOURSEMENT<br \/>Les demandes d\u2019annulation ou de remboursement sont trait\u00e9es au cas par cas par AJNET, SA.<\/p><p>Toutes les demandes doivent \u00eatre soumises par \u00e9crit \u00e0 <a href=\"mailto:info@presshops.com\">info@presshops.com<\/a> dans un d\u00e9lai de 10 jours \u00e0 compter de la date de la commande. Les instructions relatives \u00e0 l\u2019annulation ou au remboursement seront communiqu\u00e9es par AJNET, SA via la m\u00eame adresse e-mail.<\/p><p>Dans la mesure du possible, le remboursement sera effectu\u00e9 via le m\u00eame mode de paiement. Si cela n\u2019est pas possible, l\u2019Utilisateur devra fournir un justificatif de paiement ainsi qu\u2019une preuve de titularit\u00e9 du compte ou de la carte afin que le remboursement puisse \u00eatre effectu\u00e9 par virement bancaire.<\/p><p>AJNET, SA s\u2019engage \u00e0 effectuer le remboursement dans un d\u00e9lai maximum de 30 jours.<\/p><p>ARTICLE 7 \u2013 POLITIQUE DE CONFIDENTIALIT\u00c9<br \/>Le traitement des donn\u00e9es personnelles est effectu\u00e9 conform\u00e9ment \u00e0 la l\u00e9gislation en vigueur relative \u00e0 la protection des donn\u00e9es personnelles. Les donn\u00e9es fournies, faisant l\u2019objet d\u2019un traitement informatique, seront int\u00e9gr\u00e9es dans la\/les base(s) de donn\u00e9es de AJNET, SA et destin\u00e9es \u00e0 l\u2019enregistrement, \u00e0 la pr\u00e9sentation d\u2019autres produits et services, ainsi qu\u2019\u00e0 la diffusion d\u2019informations institutionnelles concernant la soci\u00e9t\u00e9.<\/p><p>La fourniture de ces donn\u00e9es est facultative, et le droit d\u2019acc\u00e8s, de rectification et de suppression des donn\u00e9es personnelles est garanti conform\u00e9ment \u00e0 la loi. Ce droit peut \u00eatre exerc\u00e9 en personne ou par \u00e9crit, directement \u00e0 l\u2019adresse indiqu\u00e9e sur la page d\u2019accueil du site.<\/p>\t\t\t\t\t\t\t\t<\/div>\n\t\t\t\t<\/div>\n\t\t<div class=\"elementor-element elementor-element-ae0dcfb e-con-full e-flex e-con e-child\" data-id=\"ae0dcfb\" data-element_type=\"container\" data-settings=\"{&quot;jet_parallax_layout_list&quot;:[]}\">\n\t\t\t\t<div class=\"elementor-element elementor-element-75efbdd elementor-widget elementor-widget-image\" data-id=\"75efbdd\" data-element_type=\"widget\" data-widget_type=\"image.default\">\n\t\t\t\t\t\t\t\t\t\t\t\t\t\t\t<img decoding=\"async\" width=\"191\" height=\"110\" src=\"https:\/\/presshops.com\/fr\/wp-content\/uploads\/2025\/12\/1-variante-cc.webp\" class=\"attachment-large size-large wp-image-73919\" alt=\"\" \/>\t\t\t\t\t\t\t\t\t\t\t\t\t\t\t<\/div>\n\t\t\t\t<div class=\"elementor-element elementor-element-658ddb7 elementor-widget elementor-widget-image\" data-id=\"658ddb7\" data-element_type=\"widget\" data-widget_type=\"image.default\">\n\t\t\t\t\t\t\t\t\t\t\t\t\t\t\t<img decoding=\"async\" width=\"134\" height=\"110\" src=\"https:\/\/presshops.com\/fr\/wp-content\/uploads\/2025\/12\/1-variante-mb-1.webp\" class=\"attachment-large size-large wp-image-73920\" alt=\"\" \/>\t\t\t\t\t\t\t\t\t\t\t\t\t\t\t<\/div>\n\t\t\t\t<div class=\"elementor-element elementor-element-9c28911 elementor-widget elementor-widget-image\" data-id=\"9c28911\" data-element_type=\"widget\" data-widget_type=\"image.default\">\n\t\t\t\t\t\t\t\t\t\t\t\t\t\t\t<img decoding=\"async\" width=\"133\" height=\"110\" src=\"https:\/\/presshops.com\/fr\/wp-content\/uploads\/2025\/12\/1-variante-mb.webp\" class=\"attachment-large size-large wp-image-73921\" alt=\"\" \/>\t\t\t\t\t\t\t\t\t\t\t\t\t\t\t<\/div>\n\t\t\t\t<\/div>\n\t\t\t\t<\/div>\n\t\t","protected":false},"excerpt":{"rendered":"<p>Conditions g\u00e9n\u00e9rales AJNET, SA \u2013 Num\u00e9ro d\u2019identification fiscale 504 592 033,Zone Industrielle de Maia I, Secteur I,Rua de Raimundo Dur\u00e3es Magalh\u00e3es, 203 | 4475-189 Maia, Portugal Notre site web est : https:\/\/presshops.com PR\u00c9AMBULELes pr\u00e9sentes conditions g\u00e9n\u00e9rales de vente sont conclues entre AJNET, SA, dont le si\u00e8ge social est situ\u00e9 \u00e0 Zona Industrial da Maia I, [&hellip;]<\/p>\n","protected":false},"author":64,"featured_media":0,"parent":0,"menu_order":0,"comment_status":"closed","ping_status":"closed","template":"","meta":{"footnotes":""},"class_list":["post-1472","page","type-page","status-publish","hentry"],"yoast_head":"<!-- This site is optimized with the Yoast SEO plugin v23.6 - https:\/\/yoast.com\/wordpress\/plugins\/seo\/ -->\n<title>Conditions g\u00e9n\u00e9rales | Presshops<\/title>\n<meta name=\"description\" content=\"Consultez les conditions g\u00e9n\u00e9rales de Presshops concernant les commandes, paiements, livraisons et l\u2019utilisation du site.\" \/>\n<meta name=\"robots\" content=\"index, follow, max-snippet:-1, max-image-preview:large, max-video-preview:-1\" \/>\n<link rel=\"canonical\" href=\"https:\/\/presshops.com\/fr\/conditions_generales\/\" \/>\n<meta property=\"og:locale\" content=\"fr_FR\" \/>\n<meta property=\"og:type\" content=\"article\" \/>\n<meta property=\"og:title\" content=\"Conditions g\u00e9n\u00e9rales | Presshops\" \/>\n<meta property=\"og:description\" content=\"Consultez les conditions g\u00e9n\u00e9rales de Presshops concernant les commandes, paiements, livraisons et l\u2019utilisation du site.\" \/>\n<meta property=\"og:url\" content=\"https:\/\/presshops.com\/fr\/conditions_generales\/\" \/>\n<meta property=\"og:site_name\" content=\"Presshops\" \/>\n<meta property=\"article:publisher\" content=\"https:\/\/www.facebook.com\/privacy\/consent\/?flow=ad_free_subscription&amp;paramsafs_variant=first_time&amp;paramsgcl_experience_id=9a58486a-a682-46d1-ba7f-834b259b0b82&amp;source=ad_free_subscription_blocking_flow\" \/>\n<meta property=\"article:modified_time\" content=\"2026-02-26T17:22:30+00:00\" \/>\n<meta property=\"og:image\" content=\"https:\/\/presshops.com\/fr\/wp-content\/uploads\/2025\/12\/1-variante-cc.webp\" \/>\n\t<meta property=\"og:image:width\" content=\"191\" \/>\n\t<meta property=\"og:image:height\" content=\"110\" \/>\n\t<meta property=\"og:image:type\" content=\"image\/webp\" \/>\n<meta name=\"twitter:card\" content=\"summary_large_image\" \/>\n<script type=\"application\/ld+json\" class=\"yoast-schema-graph\">{\"@context\":\"https:\/\/schema.org\",\"@graph\":[{\"@type\":\"WebPage\",\"@id\":\"https:\/\/presshops.com\/fr\/conditions_generales\/\",\"url\":\"https:\/\/presshops.com\/fr\/conditions_generales\/\",\"name\":\"Conditions g\u00e9n\u00e9rales | Presshops\",\"isPartOf\":{\"@id\":\"https:\/\/presshops.com\/fr\/#website\"},\"primaryImageOfPage\":{\"@id\":\"https:\/\/presshops.com\/fr\/conditions_generales\/#primaryimage\"},\"image\":{\"@id\":\"https:\/\/presshops.com\/fr\/conditions_generales\/#primaryimage\"},\"thumbnailUrl\":\"https:\/\/presshops.com\/fr\/wp-content\/uploads\/2025\/12\/1-variante-cc.webp\",\"datePublished\":\"2025-04-10T08:26:37+00:00\",\"dateModified\":\"2026-02-26T17:22:30+00:00\",\"description\":\"Consultez les conditions g\u00e9n\u00e9rales de Presshops concernant les commandes, paiements, livraisons et l\u2019utilisation du site.\",\"breadcrumb\":{\"@id\":\"https:\/\/presshops.com\/fr\/conditions_generales\/#breadcrumb\"},\"inLanguage\":\"fr-FR\",\"potentialAction\":[{\"@type\":\"ReadAction\",\"target\":[\"https:\/\/presshops.com\/fr\/conditions_generales\/\"]}]},{\"@type\":\"ImageObject\",\"inLanguage\":\"fr-FR\",\"@id\":\"https:\/\/presshops.com\/fr\/conditions_generales\/#primaryimage\",\"url\":\"https:\/\/presshops.com\/fr\/wp-content\/uploads\/2025\/12\/1-variante-cc.webp\",\"contentUrl\":\"https:\/\/presshops.com\/fr\/wp-content\/uploads\/2025\/12\/1-variante-cc.webp\",\"width\":191,\"height\":110},{\"@type\":\"BreadcrumbList\",\"@id\":\"https:\/\/presshops.com\/fr\/conditions_generales\/#breadcrumb\",\"itemListElement\":[{\"@type\":\"ListItem\",\"position\":1,\"name\":\"In\u00edcio\",\"item\":\"https:\/\/presshops.com\/fr\/\"},{\"@type\":\"ListItem\",\"position\":2,\"name\":\"Termos e condi\u00e7\u00f5es\"}]},{\"@type\":\"WebSite\",\"@id\":\"https:\/\/presshops.com\/fr\/#website\",\"url\":\"https:\/\/presshops.com\/fr\/\",\"name\":\"Presshops.com\",\"description\":\"Presshops \u2013 Imprimerie en ligne avec livraison en 24\u201348h. Flyers, cartes, roll-ups et bien plus.\",\"publisher\":{\"@id\":\"https:\/\/presshops.com\/fr\/#organization\"},\"alternateName\":\"Presshops\",\"potentialAction\":[{\"@type\":\"SearchAction\",\"target\":{\"@type\":\"EntryPoint\",\"urlTemplate\":\"https:\/\/presshops.com\/fr\/?s={search_term_string}\"},\"query-input\":{\"@type\":\"PropertyValueSpecification\",\"valueRequired\":true,\"valueName\":\"search_term_string\"}}],\"inLanguage\":\"fr-FR\"},{\"@type\":\"Organization\",\"@id\":\"https:\/\/presshops.com\/fr\/#organization\",\"name\":\"Presshops.com\",\"alternateName\":\"Presshops: gr\u00e1fica online com entregas 24\u201348h. Impress\u00e3o de flyers, cart\u00f5es, roll-ups e mais.\",\"url\":\"https:\/\/presshops.com\/fr\/\",\"logo\":{\"@type\":\"ImageObject\",\"inLanguage\":\"fr-FR\",\"@id\":\"https:\/\/presshops.com\/fr\/#\/schema\/logo\/image\/\",\"url\":\"https:\/\/presshops.com\/fr\/wp-content\/uploads\/2023\/05\/Presshop_Logo-scaled.webp\",\"contentUrl\":\"https:\/\/presshops.com\/fr\/wp-content\/uploads\/2023\/05\/Presshop_Logo-scaled.webp\",\"width\":2560,\"height\":449,\"caption\":\"Presshops.com\"},\"image\":{\"@id\":\"https:\/\/presshops.com\/fr\/#\/schema\/logo\/image\/\"},\"sameAs\":[\"https:\/\/www.facebook.com\/privacy\/consent\/?flow=ad_free_subscription&paramsafs_variant=first_time&paramsgcl_experience_id=9a58486a-a682-46d1-ba7f-834b259b0b82&source=ad_free_subscription_blocking_flow\",\"https:\/\/www.instagram.com\/presshops\/\"]}]}<\/script>\n<!-- \/ Yoast SEO plugin. -->","yoast_head_json":{"title":"Conditions g\u00e9n\u00e9rales | Presshops","description":"Consultez les conditions g\u00e9n\u00e9rales de Presshops concernant les commandes, paiements, livraisons et l\u2019utilisation du site.","robots":{"index":"index","follow":"follow","max-snippet":"max-snippet:-1","max-image-preview":"max-image-preview:large","max-video-preview":"max-video-preview:-1"},"canonical":"https:\/\/presshops.com\/fr\/conditions_generales\/","og_locale":"fr_FR","og_type":"article","og_title":"Conditions g\u00e9n\u00e9rales | Presshops","og_description":"Consultez les conditions g\u00e9n\u00e9rales de Presshops concernant les commandes, paiements, livraisons et l\u2019utilisation du site.","og_url":"https:\/\/presshops.com\/fr\/conditions_generales\/","og_site_name":"Presshops","article_publisher":"https:\/\/www.facebook.com\/privacy\/consent\/?flow=ad_free_subscription&paramsafs_variant=first_time&paramsgcl_experience_id=9a58486a-a682-46d1-ba7f-834b259b0b82&source=ad_free_subscription_blocking_flow","article_modified_time":"2026-02-26T17:22:30+00:00","og_image":[{"width":191,"height":110,"url":"https:\/\/presshops.com\/fr\/wp-content\/uploads\/2025\/12\/1-variante-cc.webp","type":"image\/webp"}],"twitter_card":"summary_large_image","schema":{"@context":"https:\/\/schema.org","@graph":[{"@type":"WebPage","@id":"https:\/\/presshops.com\/fr\/conditions_generales\/","url":"https:\/\/presshops.com\/fr\/conditions_generales\/","name":"Conditions g\u00e9n\u00e9rales | Presshops","isPartOf":{"@id":"https:\/\/presshops.com\/fr\/#website"},"primaryImageOfPage":{"@id":"https:\/\/presshops.com\/fr\/conditions_generales\/#primaryimage"},"image":{"@id":"https:\/\/presshops.com\/fr\/conditions_generales\/#primaryimage"},"thumbnailUrl":"https:\/\/presshops.com\/fr\/wp-content\/uploads\/2025\/12\/1-variante-cc.webp","datePublished":"2025-04-10T08:26:37+00:00","dateModified":"2026-02-26T17:22:30+00:00","description":"Consultez les conditions g\u00e9n\u00e9rales de Presshops concernant les commandes, paiements, livraisons et l\u2019utilisation du site.","breadcrumb":{"@id":"https:\/\/presshops.com\/fr\/conditions_generales\/#breadcrumb"},"inLanguage":"fr-FR","potentialAction":[{"@type":"ReadAction","target":["https:\/\/presshops.com\/fr\/conditions_generales\/"]}]},{"@type":"ImageObject","inLanguage":"fr-FR","@id":"https:\/\/presshops.com\/fr\/conditions_generales\/#primaryimage","url":"https:\/\/presshops.com\/fr\/wp-content\/uploads\/2025\/12\/1-variante-cc.webp","contentUrl":"https:\/\/presshops.com\/fr\/wp-content\/uploads\/2025\/12\/1-variante-cc.webp","width":191,"height":110},{"@type":"BreadcrumbList","@id":"https:\/\/presshops.com\/fr\/conditions_generales\/#breadcrumb","itemListElement":[{"@type":"ListItem","position":1,"name":"In\u00edcio","item":"https:\/\/presshops.com\/fr\/"},{"@type":"ListItem","position":2,"name":"Termos e condi\u00e7\u00f5es"}]},{"@type":"WebSite","@id":"https:\/\/presshops.com\/fr\/#website","url":"https:\/\/presshops.com\/fr\/","name":"Presshops.com","description":"Presshops \u2013 Imprimerie en ligne avec livraison en 24\u201348h. Flyers, cartes, roll-ups et bien plus.","publisher":{"@id":"https:\/\/presshops.com\/fr\/#organization"},"alternateName":"Presshops","potentialAction":[{"@type":"SearchAction","target":{"@type":"EntryPoint","urlTemplate":"https:\/\/presshops.com\/fr\/?s={search_term_string}"},"query-input":{"@type":"PropertyValueSpecification","valueRequired":true,"valueName":"search_term_string"}}],"inLanguage":"fr-FR"},{"@type":"Organization","@id":"https:\/\/presshops.com\/fr\/#organization","name":"Presshops.com","alternateName":"Presshops: gr\u00e1fica online com entregas 24\u201348h. Impress\u00e3o de flyers, cart\u00f5es, roll-ups e mais.","url":"https:\/\/presshops.com\/fr\/","logo":{"@type":"ImageObject","inLanguage":"fr-FR","@id":"https:\/\/presshops.com\/fr\/#\/schema\/logo\/image\/","url":"https:\/\/presshops.com\/fr\/wp-content\/uploads\/2023\/05\/Presshop_Logo-scaled.webp","contentUrl":"https:\/\/presshops.com\/fr\/wp-content\/uploads\/2023\/05\/Presshop_Logo-scaled.webp","width":2560,"height":449,"caption":"Presshops.com"},"image":{"@id":"https:\/\/presshops.com\/fr\/#\/schema\/logo\/image\/"},"sameAs":["https:\/\/www.facebook.com\/privacy\/consent\/?flow=ad_free_subscription&paramsafs_variant=first_time&paramsgcl_experience_id=9a58486a-a682-46d1-ba7f-834b259b0b82&source=ad_free_subscription_blocking_flow","https:\/\/www.instagram.com\/presshops\/"]}]}},"_links":{"self":[{"href":"https:\/\/presshops.com\/fr\/wp-json\/wp\/v2\/pages\/1472","targetHints":{"allow":["GET"]}}],"collection":[{"href":"https:\/\/presshops.com\/fr\/wp-json\/wp\/v2\/pages"}],"about":[{"href":"https:\/\/presshops.com\/fr\/wp-json\/wp\/v2\/types\/page"}],"author":[{"embeddable":true,"href":"https:\/\/presshops.com\/fr\/wp-json\/wp\/v2\/users\/64"}],"replies":[{"embeddable":true,"href":"https:\/\/presshops.com\/fr\/wp-json\/wp\/v2\/comments?post=1472"}],"version-history":[{"count":18,"href":"https:\/\/presshops.com\/fr\/wp-json\/wp\/v2\/pages\/1472\/revisions"}],"predecessor-version":[{"id":73995,"href":"https:\/\/presshops.com\/fr\/wp-json\/wp\/v2\/pages\/1472\/revisions\/73995"}],"wp:attachment":[{"href":"https:\/\/presshops.com\/fr\/wp-json\/wp\/v2\/media?parent=1472"}],"curies":[{"name":"wp","href":"https:\/\/api.w.org\/{rel}","templated":true}]}}