{"id":10603,"date":"2025-10-10T16:45:10","date_gmt":"2025-10-10T15:45:10","guid":{"rendered":"https:\/\/presshops.ajnet.info\/?post_type=product&#038;p=10603"},"modified":"2025-12-18T18:57:59","modified_gmt":"2025-12-18T17:57:59","slug":"flyers","status":"publish","type":"product","link":"https:\/\/presshops.com\/fr\/produits\/flyers\/","title":{"rendered":"D\u00e9pliants"},"content":{"rendered":"","protected":false},"excerpt":{"rendered":"<p>Les d\u00e9pliants sont l\u2019un des supports de communication les plus efficaces pour pr\u00e9senter vos produits, services ou \u00e9v\u00e9nements. Chez Presshops, nous imprimons vos d\u00e9pliants avec une qualit\u00e9 professionnelle haut de gamme, sur diff\u00e9rents formats (A3, A4, A5, A6, A7, pli simple ou accord\u00e9on). Gr\u00e2ce \u00e0 nos options de papier et de finition personnalis\u00e9es, vous pouvez cr\u00e9er un support \u00e0 votre image : mat, brillant, avec pelliculage ou vernis s\u00e9lectif.<br \/>\nId\u00e9al pour les salons, campagnes publicitaires ou envois postaux, le d\u00e9pliant est un outil marketing essentiel pour attirer l\u2019attention et transmettre vos messages de mani\u00e8re claire et \u00e9l\u00e9gante. Impression rapide, livraison sous 48 heures.<\/p>\n","protected":false},"featured_media":51509,"template":"","meta":[],"product_brand":[],"product_cat":[241],"product_tag":[],"class_list":{"0":"post-10603","1":"product","2":"type-product","3":"status-publish","4":"has-post-thumbnail","6":"product_cat-flyers","7":"pa_capa-frente","8":"pa_capa-frente-e-verso","9":"pa_cor-azul","10":"pa_cor-cor","11":"pa_cor-preto","12":"pa_cor-preto-e-branco","13":"pa_papel-cla","14":"pa_papel-couche","15":"pa_quantidade-166","16":"pa_quantidade-167","17":"pa_quantidade-168","18":"pa_quantidade-169","19":"pa_quantidade-170","20":"pa_quantidade-171","21":"pa_quantidade-172","22":"pa_quantidade-153","23":"pa_quantidade-111","24":"pa_quantidade-112","25":"pa_quantidade-113","26":"pa_quantidade-114","27":"pa_quantidade-115","28":"pa_quantidade-116","29":"pa_quantidade-155","30":"pa_tamanhos-200x210mm","31":"pa_tamanhos-210x210mm","32":"pa_tamanhos-450x210mm","33":"pa_tamanhos-630x297mm","34":"pa_tamanhos-a3","35":"pa_tamanhos-a4","36":"pa_tamanhos-a5","37":"pa_tamanhos-a6","38":"pa_tamanhos-a7","39":"pa_tamanhos-dl","41":"first","42":"instock","43":"taxable","44":"shipping-taxable","45":"purchasable","46":"product-type-variable"},"yoast_head":"<!-- This site is optimized with the Yoast SEO plugin v23.6 - https:\/\/yoast.com\/wordpress\/plugins\/seo\/ -->\n<title>D\u00e9pliants et flyers personnalis\u00e9s | Presshops<\/title>\n<meta name=\"description\" content=\"D\u00e9pliants et flyers personnalis\u00e9s, id\u00e9als pour campagnes promotionnelles, \u00e9v\u00e9nements et communication efficace de votre marque.\" \/>\n<meta name=\"robots\" content=\"index, follow, max-snippet:-1, max-image-preview:large, max-video-preview:-1\" \/>\n<link rel=\"canonical\" href=\"https:\/\/presshops.com\/fr\/produits\/flyers\/\" \/>\n<meta property=\"og:locale\" content=\"fr_FR\" \/>\n<meta property=\"og:type\" content=\"article\" \/>\n<meta property=\"og:title\" content=\"D\u00e9pliants et flyers personnalis\u00e9s | Presshops\" \/>\n<meta property=\"og:description\" content=\"D\u00e9pliants et flyers personnalis\u00e9s, id\u00e9als pour campagnes promotionnelles, \u00e9v\u00e9nements et communication efficace de votre marque.\" \/>\n<meta property=\"og:url\" content=\"https:\/\/presshops.com\/fr\/produits\/flyers\/\" \/>\n<meta property=\"og:site_name\" content=\"Presshops\" \/>\n<meta property=\"article:publisher\" content=\"https:\/\/www.facebook.com\/privacy\/consent\/?flow=ad_free_subscription&amp;paramsafs_variant=first_time&amp;paramsgcl_experience_id=9a58486a-a682-46d1-ba7f-834b259b0b82&amp;source=ad_free_subscription_blocking_flow\" \/>\n<meta property=\"article:modified_time\" content=\"2025-12-18T17:57:59+00:00\" \/>\n<meta property=\"og:image\" content=\"https:\/\/presshops.com\/fr\/wp-content\/uploads\/2025\/10\/flyer_3.webp\" \/>\n\t<meta property=\"og:image:width\" content=\"2000\" \/>\n\t<meta property=\"og:image:height\" content=\"2000\" \/>\n\t<meta property=\"og:image:type\" content=\"image\/webp\" \/>\n<meta name=\"twitter:card\" content=\"summary_large_image\" \/>\n<meta name=\"twitter:label1\" content=\"Dur\u00e9e de lecture estim\u00e9e\" \/>\n\t<meta name=\"twitter:data1\" content=\"1 minute\" \/>\n<script type=\"application\/ld+json\" class=\"yoast-schema-graph\">{\"@context\":\"https:\/\/schema.org\",\"@graph\":[{\"@type\":\"WebPage\",\"@id\":\"https:\/\/presshops.com\/fr\/produits\/flyers\/\",\"url\":\"https:\/\/presshops.com\/fr\/produits\/flyers\/\",\"name\":\"D\u00e9pliants et flyers personnalis\u00e9s | Presshops\",\"isPartOf\":{\"@id\":\"https:\/\/presshops.com\/fr\/#website\"},\"primaryImageOfPage\":{\"@id\":\"https:\/\/presshops.com\/fr\/produits\/flyers\/#primaryimage\"},\"image\":{\"@id\":\"https:\/\/presshops.com\/fr\/produits\/flyers\/#primaryimage\"},\"thumbnailUrl\":\"https:\/\/presshops.com\/fr\/wp-content\/uploads\/2025\/10\/flyer_3.webp\",\"datePublished\":\"2025-10-10T15:45:10+00:00\",\"dateModified\":\"2025-12-18T17:57:59+00:00\",\"description\":\"D\u00e9pliants et flyers personnalis\u00e9s, id\u00e9als pour campagnes promotionnelles, \u00e9v\u00e9nements et communication efficace de votre marque.\",\"breadcrumb\":{\"@id\":\"https:\/\/presshops.com\/fr\/produits\/flyers\/#breadcrumb\"},\"inLanguage\":\"fr-FR\",\"potentialAction\":[{\"@type\":\"ReadAction\",\"target\":[\"https:\/\/presshops.com\/fr\/produits\/flyers\/\"]}]},{\"@type\":\"ImageObject\",\"inLanguage\":\"fr-FR\",\"@id\":\"https:\/\/presshops.com\/fr\/produits\/flyers\/#primaryimage\",\"url\":\"https:\/\/presshops.com\/fr\/wp-content\/uploads\/2025\/10\/flyer_3.webp\",\"contentUrl\":\"https:\/\/presshops.com\/fr\/wp-content\/uploads\/2025\/10\/flyer_3.webp\",\"width\":2000,\"height\":2000,\"caption\":\"Impress\u00e3o de flyers com qualidade profissional e cores vivas. Papel premium, prazos r\u00e1pidos e revis\u00e3o de ficheiros. Encomende online na Presshops.\"},{\"@type\":\"BreadcrumbList\",\"@id\":\"https:\/\/presshops.com\/fr\/produits\/flyers\/#breadcrumb\",\"itemListElement\":[{\"@type\":\"ListItem\",\"position\":1,\"name\":\"In\u00edcio\",\"item\":\"https:\/\/presshops.com\/fr\/\"},{\"@type\":\"ListItem\",\"position\":2,\"name\":\"Produtos\",\"item\":\"https:\/\/presshops.com\/fr\/shop\/\"},{\"@type\":\"ListItem\",\"position\":3,\"name\":\"D\u00e9pliants\"}]},{\"@type\":\"WebSite\",\"@id\":\"https:\/\/presshops.com\/fr\/#website\",\"url\":\"https:\/\/presshops.com\/fr\/\",\"name\":\"Presshops.com\",\"description\":\"Presshops \u2013 Imprimerie en ligne avec livraison en 24\u201348h. Flyers, cartes, roll-ups et bien plus.\",\"publisher\":{\"@id\":\"https:\/\/presshops.com\/fr\/#organization\"},\"alternateName\":\"Presshops\",\"potentialAction\":[{\"@type\":\"SearchAction\",\"target\":{\"@type\":\"EntryPoint\",\"urlTemplate\":\"https:\/\/presshops.com\/fr\/?s={search_term_string}\"},\"query-input\":{\"@type\":\"PropertyValueSpecification\",\"valueRequired\":true,\"valueName\":\"search_term_string\"}}],\"inLanguage\":\"fr-FR\"},{\"@type\":\"Organization\",\"@id\":\"https:\/\/presshops.com\/fr\/#organization\",\"name\":\"Presshops.com\",\"alternateName\":\"Presshops: gr\u00e1fica online com entregas 24\u201348h. Impress\u00e3o de flyers, cart\u00f5es, roll-ups e mais.\",\"url\":\"https:\/\/presshops.com\/fr\/\",\"logo\":{\"@type\":\"ImageObject\",\"inLanguage\":\"fr-FR\",\"@id\":\"https:\/\/presshops.com\/fr\/#\/schema\/logo\/image\/\",\"url\":\"https:\/\/presshops.com\/fr\/wp-content\/uploads\/2023\/05\/Presshop_Logo-scaled.webp\",\"contentUrl\":\"https:\/\/presshops.com\/fr\/wp-content\/uploads\/2023\/05\/Presshop_Logo-scaled.webp\",\"width\":2560,\"height\":449,\"caption\":\"Presshops.com\"},\"image\":{\"@id\":\"https:\/\/presshops.com\/fr\/#\/schema\/logo\/image\/\"},\"sameAs\":[\"https:\/\/www.facebook.com\/privacy\/consent\/?flow=ad_free_subscription&paramsafs_variant=first_time&paramsgcl_experience_id=9a58486a-a682-46d1-ba7f-834b259b0b82&source=ad_free_subscription_blocking_flow\",\"https:\/\/www.instagram.com\/presshops\/\"]}]}<\/script>\n<!-- \/ Yoast SEO plugin. -->","yoast_head_json":{"title":"D\u00e9pliants et flyers personnalis\u00e9s | Presshops","description":"D\u00e9pliants et flyers personnalis\u00e9s, id\u00e9als pour campagnes promotionnelles, \u00e9v\u00e9nements et communication efficace de votre marque.","robots":{"index":"index","follow":"follow","max-snippet":"max-snippet:-1","max-image-preview":"max-image-preview:large","max-video-preview":"max-video-preview:-1"},"canonical":"https:\/\/presshops.com\/fr\/produits\/flyers\/","og_locale":"fr_FR","og_type":"article","og_title":"D\u00e9pliants et flyers personnalis\u00e9s | Presshops","og_description":"D\u00e9pliants et flyers personnalis\u00e9s, id\u00e9als pour campagnes promotionnelles, \u00e9v\u00e9nements et communication efficace de votre marque.","og_url":"https:\/\/presshops.com\/fr\/produits\/flyers\/","og_site_name":"Presshops","article_publisher":"https:\/\/www.facebook.com\/privacy\/consent\/?flow=ad_free_subscription&paramsafs_variant=first_time&paramsgcl_experience_id=9a58486a-a682-46d1-ba7f-834b259b0b82&source=ad_free_subscription_blocking_flow","article_modified_time":"2025-12-18T17:57:59+00:00","og_image":[{"width":2000,"height":2000,"url":"https:\/\/presshops.com\/fr\/wp-content\/uploads\/2025\/10\/flyer_3.webp","type":"image\/webp"}],"twitter_card":"summary_large_image","twitter_misc":{"Dur\u00e9e de lecture estim\u00e9e":"1 minute"},"schema":{"@context":"https:\/\/schema.org","@graph":[{"@type":"WebPage","@id":"https:\/\/presshops.com\/fr\/produits\/flyers\/","url":"https:\/\/presshops.com\/fr\/produits\/flyers\/","name":"D\u00e9pliants et flyers personnalis\u00e9s | Presshops","isPartOf":{"@id":"https:\/\/presshops.com\/fr\/#website"},"primaryImageOfPage":{"@id":"https:\/\/presshops.com\/fr\/produits\/flyers\/#primaryimage"},"image":{"@id":"https:\/\/presshops.com\/fr\/produits\/flyers\/#primaryimage"},"thumbnailUrl":"https:\/\/presshops.com\/fr\/wp-content\/uploads\/2025\/10\/flyer_3.webp","datePublished":"2025-10-10T15:45:10+00:00","dateModified":"2025-12-18T17:57:59+00:00","description":"D\u00e9pliants et flyers personnalis\u00e9s, id\u00e9als pour campagnes promotionnelles, \u00e9v\u00e9nements et communication efficace de votre marque.","breadcrumb":{"@id":"https:\/\/presshops.com\/fr\/produits\/flyers\/#breadcrumb"},"inLanguage":"fr-FR","potentialAction":[{"@type":"ReadAction","target":["https:\/\/presshops.com\/fr\/produits\/flyers\/"]}]},{"@type":"ImageObject","inLanguage":"fr-FR","@id":"https:\/\/presshops.com\/fr\/produits\/flyers\/#primaryimage","url":"https:\/\/presshops.com\/fr\/wp-content\/uploads\/2025\/10\/flyer_3.webp","contentUrl":"https:\/\/presshops.com\/fr\/wp-content\/uploads\/2025\/10\/flyer_3.webp","width":2000,"height":2000,"caption":"Impress\u00e3o de flyers com qualidade profissional e cores vivas. Papel premium, prazos r\u00e1pidos e revis\u00e3o de ficheiros. Encomende online na Presshops."},{"@type":"BreadcrumbList","@id":"https:\/\/presshops.com\/fr\/produits\/flyers\/#breadcrumb","itemListElement":[{"@type":"ListItem","position":1,"name":"In\u00edcio","item":"https:\/\/presshops.com\/fr\/"},{"@type":"ListItem","position":2,"name":"Produtos","item":"https:\/\/presshops.com\/fr\/shop\/"},{"@type":"ListItem","position":3,"name":"D\u00e9pliants"}]},{"@type":"WebSite","@id":"https:\/\/presshops.com\/fr\/#website","url":"https:\/\/presshops.com\/fr\/","name":"Presshops.com","description":"Presshops \u2013 Imprimerie en ligne avec livraison en 24\u201348h. Flyers, cartes, roll-ups et bien plus.","publisher":{"@id":"https:\/\/presshops.com\/fr\/#organization"},"alternateName":"Presshops","potentialAction":[{"@type":"SearchAction","target":{"@type":"EntryPoint","urlTemplate":"https:\/\/presshops.com\/fr\/?s={search_term_string}"},"query-input":{"@type":"PropertyValueSpecification","valueRequired":true,"valueName":"search_term_string"}}],"inLanguage":"fr-FR"},{"@type":"Organization","@id":"https:\/\/presshops.com\/fr\/#organization","name":"Presshops.com","alternateName":"Presshops: gr\u00e1fica online com entregas 24\u201348h. Impress\u00e3o de flyers, cart\u00f5es, roll-ups e mais.","url":"https:\/\/presshops.com\/fr\/","logo":{"@type":"ImageObject","inLanguage":"fr-FR","@id":"https:\/\/presshops.com\/fr\/#\/schema\/logo\/image\/","url":"https:\/\/presshops.com\/fr\/wp-content\/uploads\/2023\/05\/Presshop_Logo-scaled.webp","contentUrl":"https:\/\/presshops.com\/fr\/wp-content\/uploads\/2023\/05\/Presshop_Logo-scaled.webp","width":2560,"height":449,"caption":"Presshops.com"},"image":{"@id":"https:\/\/presshops.com\/fr\/#\/schema\/logo\/image\/"},"sameAs":["https:\/\/www.facebook.com\/privacy\/consent\/?flow=ad_free_subscription&paramsafs_variant=first_time&paramsgcl_experience_id=9a58486a-a682-46d1-ba7f-834b259b0b82&source=ad_free_subscription_blocking_flow","https:\/\/www.instagram.com\/presshops\/"]}]}},"_links":{"self":[{"href":"https:\/\/presshops.com\/fr\/wp-json\/wp\/v2\/product\/10603","targetHints":{"allow":["GET"]}}],"collection":[{"href":"https:\/\/presshops.com\/fr\/wp-json\/wp\/v2\/product"}],"about":[{"href":"https:\/\/presshops.com\/fr\/wp-json\/wp\/v2\/types\/product"}],"wp:featuredmedia":[{"embeddable":true,"href":"https:\/\/presshops.com\/fr\/wp-json\/wp\/v2\/media\/51509"}],"wp:attachment":[{"href":"https:\/\/presshops.com\/fr\/wp-json\/wp\/v2\/media?parent=10603"}],"wp:term":[{"taxonomy":"product_brand","embeddable":true,"href":"https:\/\/presshops.com\/fr\/wp-json\/wp\/v2\/product_brand?post=10603"},{"taxonomy":"product_cat","embeddable":true,"href":"https:\/\/presshops.com\/fr\/wp-json\/wp\/v2\/product_cat?post=10603"},{"taxonomy":"product_tag","embeddable":true,"href":"https:\/\/presshops.com\/fr\/wp-json\/wp\/v2\/product_tag?post=10603"}],"curies":[{"name":"wp","href":"https:\/\/api.w.org\/{rel}","templated":true}]}}