{"id":51508,"date":"2025-10-16T13:33:41","date_gmt":"2025-10-16T12:33:41","guid":{"rendered":"https:\/\/presshops.com\/?post_type=product&#038;p=51508"},"modified":"2025-12-19T12:50:35","modified_gmt":"2025-12-19T11:50:35","slug":"cartazes","status":"publish","type":"product","link":"https:\/\/presshops.com\/fr\/produits\/cartazes\/","title":{"rendered":"Affiches"},"content":{"rendered":"","protected":false},"excerpt":{"rendered":"<p>Les affiches publicitaires sont un support incontournable pour attirer l\u2019attention et promouvoir efficacement vos produits, \u00e9v\u00e9nements ou services. Chez Presshops, nous imprimons vos affiches en haute r\u00e9solution, sur diff\u00e9rents formats et papiers adapt\u00e9s \u00e0 tous les usages : vitrines, salons, campagnes d\u2019affichage ou d\u00e9coration int\u00e9rieure. Gr\u00e2ce \u00e0 une impression vibrante et durable, vos visuels gagnent en impact et en visibilit\u00e9. Personnalisez enti\u00e8rement votre design et profitez d\u2019une production rapide et premium. L\u2019affiche Presshops, c\u2019est le format id\u00e9al pour faire passer votre message avec puissance et \u00e9l\u00e9gance.<\/p>\n","protected":false},"featured_media":52182,"template":"","meta":[],"product_brand":[],"product_cat":[256],"product_tag":[],"class_list":{"0":"post-51508","1":"product","2":"type-product","3":"status-publish","4":"has-post-thumbnail","6":"product_cat-catcartazes","7":"pa_capa-frente","8":"pa_capa-frente-e-verso","9":"pa_cor-cor","10":"pa_cor-preto-e-branco","11":"pa_quantidade-166","12":"pa_quantidade-167","13":"pa_quantidade-168","14":"pa_quantidade-169","15":"pa_quantidade-170","16":"pa_quantidade-171","17":"pa_quantidade-172","18":"pa_quantidade-153","19":"pa_quantidade-111","20":"pa_tamanhos-1000x700mm","21":"pa_tamanhos-120x175mm","22":"pa_tamanhos-485x680mm","23":"pa_tamanhos-500x700mm","24":"pa_tamanhos-a1","25":"pa_tamanhos-a2","26":"pa_tamanhos-a3","27":"pa_tamanhos-a4","29":"first","30":"instock","31":"taxable","32":"shipping-taxable","33":"purchasable","34":"product-type-variable"},"yoast_head":"<!-- This site is optimized with the Yoast SEO plugin v23.6 - https:\/\/yoast.com\/wordpress\/plugins\/seo\/ -->\n<title>Affiches personnalis\u00e9es pour promotion et \u00e9v\u00e9nements | Presshops<\/title>\n<meta name=\"description\" content=\"Affiches personnalis\u00e9es, id\u00e9ales pour promotion, \u00e9v\u00e9nements et communication visuelle. Impression professionnelle en plusieurs formats.\" \/>\n<meta name=\"robots\" content=\"index, follow, max-snippet:-1, max-image-preview:large, max-video-preview:-1\" \/>\n<link rel=\"canonical\" href=\"https:\/\/presshops.com\/fr\/produits\/cartazes\/\" \/>\n<meta property=\"og:locale\" content=\"fr_FR\" \/>\n<meta property=\"og:type\" content=\"article\" \/>\n<meta property=\"og:title\" content=\"Affiches personnalis\u00e9es pour promotion et \u00e9v\u00e9nements | Presshops\" \/>\n<meta property=\"og:description\" content=\"Affiches personnalis\u00e9es, id\u00e9ales pour promotion, \u00e9v\u00e9nements et communication visuelle. Impression professionnelle en plusieurs formats.\" \/>\n<meta property=\"og:url\" content=\"https:\/\/presshops.com\/fr\/produits\/cartazes\/\" \/>\n<meta property=\"og:site_name\" content=\"Presshops\" \/>\n<meta property=\"article:publisher\" content=\"https:\/\/www.facebook.com\/privacy\/consent\/?flow=ad_free_subscription&amp;paramsafs_variant=first_time&amp;paramsgcl_experience_id=9a58486a-a682-46d1-ba7f-834b259b0b82&amp;source=ad_free_subscription_blocking_flow\" \/>\n<meta property=\"article:modified_time\" content=\"2025-12-19T11:50:35+00:00\" \/>\n<meta property=\"og:image\" content=\"https:\/\/presshops.com\/fr\/wp-content\/uploads\/2025\/10\/cartaz_5.webp\" \/>\n\t<meta property=\"og:image:width\" content=\"2000\" \/>\n\t<meta property=\"og:image:height\" content=\"2000\" \/>\n\t<meta property=\"og:image:type\" content=\"image\/webp\" \/>\n<meta name=\"twitter:card\" content=\"summary_large_image\" \/>\n<meta name=\"twitter:label1\" content=\"Dur\u00e9e de lecture estim\u00e9e\" \/>\n\t<meta name=\"twitter:data1\" content=\"1 minute\" \/>\n<script type=\"application\/ld+json\" class=\"yoast-schema-graph\">{\"@context\":\"https:\/\/schema.org\",\"@graph\":[{\"@type\":\"WebPage\",\"@id\":\"https:\/\/presshops.com\/fr\/produits\/cartazes\/\",\"url\":\"https:\/\/presshops.com\/fr\/produits\/cartazes\/\",\"name\":\"Affiches personnalis\u00e9es pour promotion et \u00e9v\u00e9nements | Presshops\",\"isPartOf\":{\"@id\":\"https:\/\/presshops.com\/fr\/#website\"},\"primaryImageOfPage\":{\"@id\":\"https:\/\/presshops.com\/fr\/produits\/cartazes\/#primaryimage\"},\"image\":{\"@id\":\"https:\/\/presshops.com\/fr\/produits\/cartazes\/#primaryimage\"},\"thumbnailUrl\":\"https:\/\/presshops.com\/fr\/wp-content\/uploads\/2025\/10\/cartaz_5.webp\",\"datePublished\":\"2025-10-16T12:33:41+00:00\",\"dateModified\":\"2025-12-19T11:50:35+00:00\",\"description\":\"Affiches personnalis\u00e9es, id\u00e9ales pour promotion, \u00e9v\u00e9nements et communication visuelle. Impression professionnelle en plusieurs formats.\",\"breadcrumb\":{\"@id\":\"https:\/\/presshops.com\/fr\/produits\/cartazes\/#breadcrumb\"},\"inLanguage\":\"fr-FR\",\"potentialAction\":[{\"@type\":\"ReadAction\",\"target\":[\"https:\/\/presshops.com\/fr\/produits\/cartazes\/\"]}]},{\"@type\":\"ImageObject\",\"inLanguage\":\"fr-FR\",\"@id\":\"https:\/\/presshops.com\/fr\/produits\/cartazes\/#primaryimage\",\"url\":\"https:\/\/presshops.com\/fr\/wp-content\/uploads\/2025\/10\/cartaz_5.webp\",\"contentUrl\":\"https:\/\/presshops.com\/fr\/wp-content\/uploads\/2025\/10\/cartaz_5.webp\",\"width\":2000,\"height\":2000,\"caption\":\"Cartazes personalizados para eventos, impress\u00e3o profissional\"},{\"@type\":\"BreadcrumbList\",\"@id\":\"https:\/\/presshops.com\/fr\/produits\/cartazes\/#breadcrumb\",\"itemListElement\":[{\"@type\":\"ListItem\",\"position\":1,\"name\":\"In\u00edcio\",\"item\":\"https:\/\/presshops.com\/fr\/\"},{\"@type\":\"ListItem\",\"position\":2,\"name\":\"Produtos\",\"item\":\"https:\/\/presshops.com\/fr\/shop\/\"},{\"@type\":\"ListItem\",\"position\":3,\"name\":\"Affiches\"}]},{\"@type\":\"WebSite\",\"@id\":\"https:\/\/presshops.com\/fr\/#website\",\"url\":\"https:\/\/presshops.com\/fr\/\",\"name\":\"Presshops.com\",\"description\":\"Presshops \u2013 Imprimerie en ligne avec livraison en 24\u201348h. Flyers, cartes, roll-ups et bien plus.\",\"publisher\":{\"@id\":\"https:\/\/presshops.com\/fr\/#organization\"},\"alternateName\":\"Presshops\",\"potentialAction\":[{\"@type\":\"SearchAction\",\"target\":{\"@type\":\"EntryPoint\",\"urlTemplate\":\"https:\/\/presshops.com\/fr\/?s={search_term_string}\"},\"query-input\":{\"@type\":\"PropertyValueSpecification\",\"valueRequired\":true,\"valueName\":\"search_term_string\"}}],\"inLanguage\":\"fr-FR\"},{\"@type\":\"Organization\",\"@id\":\"https:\/\/presshops.com\/fr\/#organization\",\"name\":\"Presshops.com\",\"alternateName\":\"Presshops: gr\u00e1fica online com entregas 24\u201348h. Impress\u00e3o de flyers, cart\u00f5es, roll-ups e mais.\",\"url\":\"https:\/\/presshops.com\/fr\/\",\"logo\":{\"@type\":\"ImageObject\",\"inLanguage\":\"fr-FR\",\"@id\":\"https:\/\/presshops.com\/fr\/#\/schema\/logo\/image\/\",\"url\":\"https:\/\/presshops.com\/fr\/wp-content\/uploads\/2023\/05\/Presshop_Logo-scaled.webp\",\"contentUrl\":\"https:\/\/presshops.com\/fr\/wp-content\/uploads\/2023\/05\/Presshop_Logo-scaled.webp\",\"width\":2560,\"height\":449,\"caption\":\"Presshops.com\"},\"image\":{\"@id\":\"https:\/\/presshops.com\/fr\/#\/schema\/logo\/image\/\"},\"sameAs\":[\"https:\/\/www.facebook.com\/privacy\/consent\/?flow=ad_free_subscription&paramsafs_variant=first_time&paramsgcl_experience_id=9a58486a-a682-46d1-ba7f-834b259b0b82&source=ad_free_subscription_blocking_flow\",\"https:\/\/www.instagram.com\/presshops\/\"]}]}<\/script>\n<!-- \/ Yoast SEO plugin. -->","yoast_head_json":{"title":"Affiches personnalis\u00e9es pour promotion et \u00e9v\u00e9nements | Presshops","description":"Affiches personnalis\u00e9es, id\u00e9ales pour promotion, \u00e9v\u00e9nements et communication visuelle. Impression professionnelle en plusieurs formats.","robots":{"index":"index","follow":"follow","max-snippet":"max-snippet:-1","max-image-preview":"max-image-preview:large","max-video-preview":"max-video-preview:-1"},"canonical":"https:\/\/presshops.com\/fr\/produits\/cartazes\/","og_locale":"fr_FR","og_type":"article","og_title":"Affiches personnalis\u00e9es pour promotion et \u00e9v\u00e9nements | Presshops","og_description":"Affiches personnalis\u00e9es, id\u00e9ales pour promotion, \u00e9v\u00e9nements et communication visuelle. Impression professionnelle en plusieurs formats.","og_url":"https:\/\/presshops.com\/fr\/produits\/cartazes\/","og_site_name":"Presshops","article_publisher":"https:\/\/www.facebook.com\/privacy\/consent\/?flow=ad_free_subscription&paramsafs_variant=first_time&paramsgcl_experience_id=9a58486a-a682-46d1-ba7f-834b259b0b82&source=ad_free_subscription_blocking_flow","article_modified_time":"2025-12-19T11:50:35+00:00","og_image":[{"width":2000,"height":2000,"url":"https:\/\/presshops.com\/fr\/wp-content\/uploads\/2025\/10\/cartaz_5.webp","type":"image\/webp"}],"twitter_card":"summary_large_image","twitter_misc":{"Dur\u00e9e de lecture estim\u00e9e":"1 minute"},"schema":{"@context":"https:\/\/schema.org","@graph":[{"@type":"WebPage","@id":"https:\/\/presshops.com\/fr\/produits\/cartazes\/","url":"https:\/\/presshops.com\/fr\/produits\/cartazes\/","name":"Affiches personnalis\u00e9es pour promotion et \u00e9v\u00e9nements | Presshops","isPartOf":{"@id":"https:\/\/presshops.com\/fr\/#website"},"primaryImageOfPage":{"@id":"https:\/\/presshops.com\/fr\/produits\/cartazes\/#primaryimage"},"image":{"@id":"https:\/\/presshops.com\/fr\/produits\/cartazes\/#primaryimage"},"thumbnailUrl":"https:\/\/presshops.com\/fr\/wp-content\/uploads\/2025\/10\/cartaz_5.webp","datePublished":"2025-10-16T12:33:41+00:00","dateModified":"2025-12-19T11:50:35+00:00","description":"Affiches personnalis\u00e9es, id\u00e9ales pour promotion, \u00e9v\u00e9nements et communication visuelle. Impression professionnelle en plusieurs formats.","breadcrumb":{"@id":"https:\/\/presshops.com\/fr\/produits\/cartazes\/#breadcrumb"},"inLanguage":"fr-FR","potentialAction":[{"@type":"ReadAction","target":["https:\/\/presshops.com\/fr\/produits\/cartazes\/"]}]},{"@type":"ImageObject","inLanguage":"fr-FR","@id":"https:\/\/presshops.com\/fr\/produits\/cartazes\/#primaryimage","url":"https:\/\/presshops.com\/fr\/wp-content\/uploads\/2025\/10\/cartaz_5.webp","contentUrl":"https:\/\/presshops.com\/fr\/wp-content\/uploads\/2025\/10\/cartaz_5.webp","width":2000,"height":2000,"caption":"Cartazes personalizados para eventos, impress\u00e3o profissional"},{"@type":"BreadcrumbList","@id":"https:\/\/presshops.com\/fr\/produits\/cartazes\/#breadcrumb","itemListElement":[{"@type":"ListItem","position":1,"name":"In\u00edcio","item":"https:\/\/presshops.com\/fr\/"},{"@type":"ListItem","position":2,"name":"Produtos","item":"https:\/\/presshops.com\/fr\/shop\/"},{"@type":"ListItem","position":3,"name":"Affiches"}]},{"@type":"WebSite","@id":"https:\/\/presshops.com\/fr\/#website","url":"https:\/\/presshops.com\/fr\/","name":"Presshops.com","description":"Presshops \u2013 Imprimerie en ligne avec livraison en 24\u201348h. Flyers, cartes, roll-ups et bien plus.","publisher":{"@id":"https:\/\/presshops.com\/fr\/#organization"},"alternateName":"Presshops","potentialAction":[{"@type":"SearchAction","target":{"@type":"EntryPoint","urlTemplate":"https:\/\/presshops.com\/fr\/?s={search_term_string}"},"query-input":{"@type":"PropertyValueSpecification","valueRequired":true,"valueName":"search_term_string"}}],"inLanguage":"fr-FR"},{"@type":"Organization","@id":"https:\/\/presshops.com\/fr\/#organization","name":"Presshops.com","alternateName":"Presshops: gr\u00e1fica online com entregas 24\u201348h. Impress\u00e3o de flyers, cart\u00f5es, roll-ups e mais.","url":"https:\/\/presshops.com\/fr\/","logo":{"@type":"ImageObject","inLanguage":"fr-FR","@id":"https:\/\/presshops.com\/fr\/#\/schema\/logo\/image\/","url":"https:\/\/presshops.com\/fr\/wp-content\/uploads\/2023\/05\/Presshop_Logo-scaled.webp","contentUrl":"https:\/\/presshops.com\/fr\/wp-content\/uploads\/2023\/05\/Presshop_Logo-scaled.webp","width":2560,"height":449,"caption":"Presshops.com"},"image":{"@id":"https:\/\/presshops.com\/fr\/#\/schema\/logo\/image\/"},"sameAs":["https:\/\/www.facebook.com\/privacy\/consent\/?flow=ad_free_subscription&paramsafs_variant=first_time&paramsgcl_experience_id=9a58486a-a682-46d1-ba7f-834b259b0b82&source=ad_free_subscription_blocking_flow","https:\/\/www.instagram.com\/presshops\/"]}]}},"_links":{"self":[{"href":"https:\/\/presshops.com\/fr\/wp-json\/wp\/v2\/product\/51508","targetHints":{"allow":["GET"]}}],"collection":[{"href":"https:\/\/presshops.com\/fr\/wp-json\/wp\/v2\/product"}],"about":[{"href":"https:\/\/presshops.com\/fr\/wp-json\/wp\/v2\/types\/product"}],"wp:featuredmedia":[{"embeddable":true,"href":"https:\/\/presshops.com\/fr\/wp-json\/wp\/v2\/media\/52182"}],"wp:attachment":[{"href":"https:\/\/presshops.com\/fr\/wp-json\/wp\/v2\/media?parent=51508"}],"wp:term":[{"taxonomy":"product_brand","embeddable":true,"href":"https:\/\/presshops.com\/fr\/wp-json\/wp\/v2\/product_brand?post=51508"},{"taxonomy":"product_cat","embeddable":true,"href":"https:\/\/presshops.com\/fr\/wp-json\/wp\/v2\/product_cat?post=51508"},{"taxonomy":"product_tag","embeddable":true,"href":"https:\/\/presshops.com\/fr\/wp-json\/wp\/v2\/product_tag?post=51508"}],"curies":[{"name":"wp","href":"https:\/\/api.w.org\/{rel}","templated":true}]}}