{"id":51829,"date":"2025-10-16T16:01:19","date_gmt":"2025-10-16T15:01:19","guid":{"rendered":"https:\/\/presshops.com\/?post_type=product&#038;p=51829"},"modified":"2025-12-17T17:09:28","modified_gmt":"2025-12-17T16:09:28","slug":"x-banners","status":"publish","type":"product","link":"https:\/\/presshops.com\/fr\/produits\/x-banners\/","title":{"rendered":"Banni\u00e8res X"},"content":{"rendered":"","protected":false},"excerpt":{"rendered":"<p>La banni\u00e8re X est un support de communication l\u00e9ger, stable et<br \/>\n\u00e9conomique, parfait pour vos \u00e9v\u00e9nements, salons ou points de vente.<br \/>\nChez Presshops, nous imprimons vos visuels en haute r\u00e9solution sur une<br \/>\nb\u00e2che r\u00e9sistante, mont\u00e9e sur une structure en forme de X, facile \u00e0 assembler<br \/>\net \u00e0 transporter.<br \/>\nId\u00e9ale pour pr\u00e9senter vos produits, services ou promotions, elle offre une<br \/>\ngrande surface d\u2019affichage \u00e0 fort impact visuel.<br \/>\nR\u00e9utilisable, durable et livr\u00e9e en 48 h, le x-banner est un outil publicitaire<br \/>\nincontournable pour toute entreprise souhaitant attirer l\u2019attention avec<br \/>\nprofessionnalisme et efficacit\u00e9.<\/p>\n","protected":false},"featured_media":52390,"template":"","meta":[],"product_brand":[],"product_cat":[266],"product_tag":[],"class_list":{"0":"post-51829","1":"product","2":"type-product","3":"status-publish","4":"has-post-thumbnail","6":"product_cat-x-banners","7":"pa_quantidade-166","8":"pa_quantidade-167","9":"pa_quantidade-168","10":"pa_quantidade-169","11":"pa_quantidade-171","13":"first","14":"instock","15":"taxable","16":"shipping-taxable","17":"purchasable","18":"product-type-variable"},"yoast_head":"<!-- This site is optimized with the Yoast SEO plugin v23.6 - https:\/\/yoast.com\/wordpress\/plugins\/seo\/ -->\n<title>X-banner publicitaire personnalis\u00e9 | PressHops<\/title>\n<meta name=\"description\" content=\"X-banner publicitaire personnalis\u00e9 pour salons, \u00e9v\u00e9nements et points de vente. Structure l\u00e9g\u00e8re, impression de qualit\u00e9 et installation facile.\" \/>\n<meta name=\"robots\" content=\"index, follow, max-snippet:-1, max-image-preview:large, max-video-preview:-1\" \/>\n<link rel=\"canonical\" href=\"https:\/\/presshops.com\/fr\/produits\/x-banners\/\" \/>\n<meta property=\"og:locale\" content=\"fr_FR\" \/>\n<meta property=\"og:type\" content=\"article\" \/>\n<meta property=\"og:title\" content=\"X-banner publicitaire personnalis\u00e9 | PressHops\" \/>\n<meta property=\"og:description\" content=\"X-banner publicitaire personnalis\u00e9 pour salons, \u00e9v\u00e9nements et points de vente. Structure l\u00e9g\u00e8re, impression de qualit\u00e9 et installation facile.\" \/>\n<meta property=\"og:url\" content=\"https:\/\/presshops.com\/fr\/produits\/x-banners\/\" \/>\n<meta property=\"og:site_name\" content=\"Presshops\" \/>\n<meta property=\"article:publisher\" content=\"https:\/\/www.facebook.com\/privacy\/consent\/?flow=ad_free_subscription&amp;paramsafs_variant=first_time&amp;paramsgcl_experience_id=9a58486a-a682-46d1-ba7f-834b259b0b82&amp;source=ad_free_subscription_blocking_flow\" \/>\n<meta property=\"article:modified_time\" content=\"2025-12-17T16:09:28+00:00\" \/>\n<meta property=\"og:image\" content=\"https:\/\/presshops.com\/fr\/wp-content\/uploads\/2025\/10\/x_banner_2.webp\" \/>\n\t<meta property=\"og:image:width\" content=\"2000\" \/>\n\t<meta property=\"og:image:height\" content=\"2000\" \/>\n\t<meta property=\"og:image:type\" content=\"image\/webp\" \/>\n<meta name=\"twitter:card\" content=\"summary_large_image\" \/>\n<meta name=\"twitter:label1\" content=\"Dur\u00e9e de lecture estim\u00e9e\" \/>\n\t<meta name=\"twitter:data1\" content=\"1 minute\" \/>\n<script type=\"application\/ld+json\" class=\"yoast-schema-graph\">{\"@context\":\"https:\/\/schema.org\",\"@graph\":[{\"@type\":\"WebPage\",\"@id\":\"https:\/\/presshops.com\/fr\/produits\/x-banners\/\",\"url\":\"https:\/\/presshops.com\/fr\/produits\/x-banners\/\",\"name\":\"X-banner publicitaire personnalis\u00e9 | PressHops\",\"isPartOf\":{\"@id\":\"https:\/\/presshops.com\/fr\/#website\"},\"primaryImageOfPage\":{\"@id\":\"https:\/\/presshops.com\/fr\/produits\/x-banners\/#primaryimage\"},\"image\":{\"@id\":\"https:\/\/presshops.com\/fr\/produits\/x-banners\/#primaryimage\"},\"thumbnailUrl\":\"https:\/\/presshops.com\/fr\/wp-content\/uploads\/2025\/10\/x_banner_2.webp\",\"datePublished\":\"2025-10-16T15:01:19+00:00\",\"dateModified\":\"2025-12-17T16:09:28+00:00\",\"description\":\"X-banner publicitaire personnalis\u00e9 pour salons, \u00e9v\u00e9nements et points de vente. Structure l\u00e9g\u00e8re, impression de qualit\u00e9 et installation facile.\",\"breadcrumb\":{\"@id\":\"https:\/\/presshops.com\/fr\/produits\/x-banners\/#breadcrumb\"},\"inLanguage\":\"fr-FR\",\"potentialAction\":[{\"@type\":\"ReadAction\",\"target\":[\"https:\/\/presshops.com\/fr\/produits\/x-banners\/\"]}]},{\"@type\":\"ImageObject\",\"inLanguage\":\"fr-FR\",\"@id\":\"https:\/\/presshops.com\/fr\/produits\/x-banners\/#primaryimage\",\"url\":\"https:\/\/presshops.com\/fr\/wp-content\/uploads\/2025\/10\/x_banner_2.webp\",\"contentUrl\":\"https:\/\/presshops.com\/fr\/wp-content\/uploads\/2025\/10\/x_banner_2.webp\",\"width\":2000,\"height\":2000,\"caption\":\"X-Banner personalizado com impress\u00e3o de alta qualidade. Estrutura leve, montagem r\u00e1pida e transporte f\u00e1cil. Encomende online na Presshops.\"},{\"@type\":\"BreadcrumbList\",\"@id\":\"https:\/\/presshops.com\/fr\/produits\/x-banners\/#breadcrumb\",\"itemListElement\":[{\"@type\":\"ListItem\",\"position\":1,\"name\":\"In\u00edcio\",\"item\":\"https:\/\/presshops.com\/fr\/\"},{\"@type\":\"ListItem\",\"position\":2,\"name\":\"Produtos\",\"item\":\"https:\/\/presshops.com\/fr\/shop\/\"},{\"@type\":\"ListItem\",\"position\":3,\"name\":\"Banni\u00e8res X\"}]},{\"@type\":\"WebSite\",\"@id\":\"https:\/\/presshops.com\/fr\/#website\",\"url\":\"https:\/\/presshops.com\/fr\/\",\"name\":\"Presshops.com\",\"description\":\"Presshops \u2013 Imprimerie en ligne avec livraison en 24\u201348h. Flyers, cartes, roll-ups et bien plus.\",\"publisher\":{\"@id\":\"https:\/\/presshops.com\/fr\/#organization\"},\"alternateName\":\"Presshops\",\"potentialAction\":[{\"@type\":\"SearchAction\",\"target\":{\"@type\":\"EntryPoint\",\"urlTemplate\":\"https:\/\/presshops.com\/fr\/?s={search_term_string}\"},\"query-input\":{\"@type\":\"PropertyValueSpecification\",\"valueRequired\":true,\"valueName\":\"search_term_string\"}}],\"inLanguage\":\"fr-FR\"},{\"@type\":\"Organization\",\"@id\":\"https:\/\/presshops.com\/fr\/#organization\",\"name\":\"Presshops.com\",\"alternateName\":\"Presshops: gr\u00e1fica online com entregas 24\u201348h. Impress\u00e3o de flyers, cart\u00f5es, roll-ups e mais.\",\"url\":\"https:\/\/presshops.com\/fr\/\",\"logo\":{\"@type\":\"ImageObject\",\"inLanguage\":\"fr-FR\",\"@id\":\"https:\/\/presshops.com\/fr\/#\/schema\/logo\/image\/\",\"url\":\"https:\/\/presshops.com\/fr\/wp-content\/uploads\/2023\/05\/Presshop_Logo-scaled.webp\",\"contentUrl\":\"https:\/\/presshops.com\/fr\/wp-content\/uploads\/2023\/05\/Presshop_Logo-scaled.webp\",\"width\":2560,\"height\":449,\"caption\":\"Presshops.com\"},\"image\":{\"@id\":\"https:\/\/presshops.com\/fr\/#\/schema\/logo\/image\/\"},\"sameAs\":[\"https:\/\/www.facebook.com\/privacy\/consent\/?flow=ad_free_subscription&paramsafs_variant=first_time&paramsgcl_experience_id=9a58486a-a682-46d1-ba7f-834b259b0b82&source=ad_free_subscription_blocking_flow\",\"https:\/\/www.instagram.com\/presshops\/\"]}]}<\/script>\n<!-- \/ Yoast SEO plugin. -->","yoast_head_json":{"title":"X-banner publicitaire personnalis\u00e9 | PressHops","description":"X-banner publicitaire personnalis\u00e9 pour salons, \u00e9v\u00e9nements et points de vente. Structure l\u00e9g\u00e8re, impression de qualit\u00e9 et installation facile.","robots":{"index":"index","follow":"follow","max-snippet":"max-snippet:-1","max-image-preview":"max-image-preview:large","max-video-preview":"max-video-preview:-1"},"canonical":"https:\/\/presshops.com\/fr\/produits\/x-banners\/","og_locale":"fr_FR","og_type":"article","og_title":"X-banner publicitaire personnalis\u00e9 | PressHops","og_description":"X-banner publicitaire personnalis\u00e9 pour salons, \u00e9v\u00e9nements et points de vente. Structure l\u00e9g\u00e8re, impression de qualit\u00e9 et installation facile.","og_url":"https:\/\/presshops.com\/fr\/produits\/x-banners\/","og_site_name":"Presshops","article_publisher":"https:\/\/www.facebook.com\/privacy\/consent\/?flow=ad_free_subscription&paramsafs_variant=first_time&paramsgcl_experience_id=9a58486a-a682-46d1-ba7f-834b259b0b82&source=ad_free_subscription_blocking_flow","article_modified_time":"2025-12-17T16:09:28+00:00","og_image":[{"width":2000,"height":2000,"url":"https:\/\/presshops.com\/fr\/wp-content\/uploads\/2025\/10\/x_banner_2.webp","type":"image\/webp"}],"twitter_card":"summary_large_image","twitter_misc":{"Dur\u00e9e de lecture estim\u00e9e":"1 minute"},"schema":{"@context":"https:\/\/schema.org","@graph":[{"@type":"WebPage","@id":"https:\/\/presshops.com\/fr\/produits\/x-banners\/","url":"https:\/\/presshops.com\/fr\/produits\/x-banners\/","name":"X-banner publicitaire personnalis\u00e9 | PressHops","isPartOf":{"@id":"https:\/\/presshops.com\/fr\/#website"},"primaryImageOfPage":{"@id":"https:\/\/presshops.com\/fr\/produits\/x-banners\/#primaryimage"},"image":{"@id":"https:\/\/presshops.com\/fr\/produits\/x-banners\/#primaryimage"},"thumbnailUrl":"https:\/\/presshops.com\/fr\/wp-content\/uploads\/2025\/10\/x_banner_2.webp","datePublished":"2025-10-16T15:01:19+00:00","dateModified":"2025-12-17T16:09:28+00:00","description":"X-banner publicitaire personnalis\u00e9 pour salons, \u00e9v\u00e9nements et points de vente. Structure l\u00e9g\u00e8re, impression de qualit\u00e9 et installation facile.","breadcrumb":{"@id":"https:\/\/presshops.com\/fr\/produits\/x-banners\/#breadcrumb"},"inLanguage":"fr-FR","potentialAction":[{"@type":"ReadAction","target":["https:\/\/presshops.com\/fr\/produits\/x-banners\/"]}]},{"@type":"ImageObject","inLanguage":"fr-FR","@id":"https:\/\/presshops.com\/fr\/produits\/x-banners\/#primaryimage","url":"https:\/\/presshops.com\/fr\/wp-content\/uploads\/2025\/10\/x_banner_2.webp","contentUrl":"https:\/\/presshops.com\/fr\/wp-content\/uploads\/2025\/10\/x_banner_2.webp","width":2000,"height":2000,"caption":"X-Banner personalizado com impress\u00e3o de alta qualidade. Estrutura leve, montagem r\u00e1pida e transporte f\u00e1cil. Encomende online na Presshops."},{"@type":"BreadcrumbList","@id":"https:\/\/presshops.com\/fr\/produits\/x-banners\/#breadcrumb","itemListElement":[{"@type":"ListItem","position":1,"name":"In\u00edcio","item":"https:\/\/presshops.com\/fr\/"},{"@type":"ListItem","position":2,"name":"Produtos","item":"https:\/\/presshops.com\/fr\/shop\/"},{"@type":"ListItem","position":3,"name":"Banni\u00e8res X"}]},{"@type":"WebSite","@id":"https:\/\/presshops.com\/fr\/#website","url":"https:\/\/presshops.com\/fr\/","name":"Presshops.com","description":"Presshops \u2013 Imprimerie en ligne avec livraison en 24\u201348h. Flyers, cartes, roll-ups et bien plus.","publisher":{"@id":"https:\/\/presshops.com\/fr\/#organization"},"alternateName":"Presshops","potentialAction":[{"@type":"SearchAction","target":{"@type":"EntryPoint","urlTemplate":"https:\/\/presshops.com\/fr\/?s={search_term_string}"},"query-input":{"@type":"PropertyValueSpecification","valueRequired":true,"valueName":"search_term_string"}}],"inLanguage":"fr-FR"},{"@type":"Organization","@id":"https:\/\/presshops.com\/fr\/#organization","name":"Presshops.com","alternateName":"Presshops: gr\u00e1fica online com entregas 24\u201348h. Impress\u00e3o de flyers, cart\u00f5es, roll-ups e mais.","url":"https:\/\/presshops.com\/fr\/","logo":{"@type":"ImageObject","inLanguage":"fr-FR","@id":"https:\/\/presshops.com\/fr\/#\/schema\/logo\/image\/","url":"https:\/\/presshops.com\/fr\/wp-content\/uploads\/2023\/05\/Presshop_Logo-scaled.webp","contentUrl":"https:\/\/presshops.com\/fr\/wp-content\/uploads\/2023\/05\/Presshop_Logo-scaled.webp","width":2560,"height":449,"caption":"Presshops.com"},"image":{"@id":"https:\/\/presshops.com\/fr\/#\/schema\/logo\/image\/"},"sameAs":["https:\/\/www.facebook.com\/privacy\/consent\/?flow=ad_free_subscription&paramsafs_variant=first_time&paramsgcl_experience_id=9a58486a-a682-46d1-ba7f-834b259b0b82&source=ad_free_subscription_blocking_flow","https:\/\/www.instagram.com\/presshops\/"]}]}},"_links":{"self":[{"href":"https:\/\/presshops.com\/fr\/wp-json\/wp\/v2\/product\/51829","targetHints":{"allow":["GET"]}}],"collection":[{"href":"https:\/\/presshops.com\/fr\/wp-json\/wp\/v2\/product"}],"about":[{"href":"https:\/\/presshops.com\/fr\/wp-json\/wp\/v2\/types\/product"}],"wp:featuredmedia":[{"embeddable":true,"href":"https:\/\/presshops.com\/fr\/wp-json\/wp\/v2\/media\/52390"}],"wp:attachment":[{"href":"https:\/\/presshops.com\/fr\/wp-json\/wp\/v2\/media?parent=51829"}],"wp:term":[{"taxonomy":"product_brand","embeddable":true,"href":"https:\/\/presshops.com\/fr\/wp-json\/wp\/v2\/product_brand?post=51829"},{"taxonomy":"product_cat","embeddable":true,"href":"https:\/\/presshops.com\/fr\/wp-json\/wp\/v2\/product_cat?post=51829"},{"taxonomy":"product_tag","embeddable":true,"href":"https:\/\/presshops.com\/fr\/wp-json\/wp\/v2\/product_tag?post=51829"}],"curies":[{"name":"wp","href":"https:\/\/api.w.org\/{rel}","templated":true}]}}