{"id":51892,"date":"2025-10-16T16:51:46","date_gmt":"2025-10-16T15:51:46","guid":{"rendered":"https:\/\/presshops.com\/?post_type=product&#038;p=51892"},"modified":"2025-12-18T18:32:25","modified_gmt":"2025-12-18T17:32:25","slug":"saco-kaiba-mk1819-cores-180g","status":"publish","type":"product","link":"https:\/\/presshops.com\/fr\/produits\/saco-kaiba-mk1819-cores-180g\/","title":{"rendered":"Sac Kaiba"},"content":{"rendered":"","protected":false},"excerpt":{"rendered":"<p>Le tote bag Kaiba personnalis\u00e9 est le choix parfait pour allier style, durabilit\u00e9 et visibilit\u00e9.<br \/>\nCon\u00e7u \u00e0 partir de mat\u00e9riaux solides et r\u00e9utilisables, il est id\u00e9al pour les salons, les \u00e9v\u00e9nements, les boutiques ou les cadeaux d\u2019entreprise.<br \/>\nChez Presshops, nous imprimons votre logo en haute qualit\u00e9 pour un rendu net et professionnel.<br \/>\nUtilisez-le comme goodie publicitaire \u00e9cologique ou comme emballage valorisant votre marque : un support pratique qui prolonge la visibilit\u00e9 de votre entreprise bien au-del\u00e0 de l\u2019\u00e9v\u00e9nement.<\/p>\n","protected":false},"featured_media":52511,"template":"","meta":[],"product_brand":[],"product_cat":[203],"product_tag":[],"class_list":{"0":"post-51892","1":"product","2":"type-product","3":"status-publish","4":"has-post-thumbnail","6":"product_cat-sacolas-personalizadas","7":"pa_quantidade-153","8":"pa_quantidade-111","9":"pa_quantidade-112","10":"pa_quantidade-113","11":"pa_quantidade-114","13":"first","14":"instock","15":"taxable","16":"shipping-taxable","17":"purchasable","18":"product-type-variable"},"yoast_head":"<!-- This site is optimized with the Yoast SEO plugin v23.6 - https:\/\/yoast.com\/wordpress\/plugins\/seo\/ -->\n<title>Sac Kaiba personnalis\u00e9 en tissu | Presshops<\/title>\n<meta name=\"description\" content=\"Sac Kaiba r\u00e9sistant et r\u00e9utilisable, id\u00e9al pour \u00e9v\u00e9nements, salons et usage quotidien. Personnalisation pour valoriser votre marque.\" \/>\n<meta name=\"robots\" content=\"index, follow, max-snippet:-1, max-image-preview:large, max-video-preview:-1\" \/>\n<link rel=\"canonical\" href=\"https:\/\/presshops.com\/fr\/produits\/saco-kaiba-mk1819-cores-180g\/\" \/>\n<meta property=\"og:locale\" content=\"fr_FR\" \/>\n<meta property=\"og:type\" content=\"article\" \/>\n<meta property=\"og:title\" content=\"Sac Kaiba personnalis\u00e9 en tissu | Presshops\" \/>\n<meta property=\"og:description\" content=\"Sac Kaiba r\u00e9sistant et r\u00e9utilisable, id\u00e9al pour \u00e9v\u00e9nements, salons et usage quotidien. Personnalisation pour valoriser votre marque.\" \/>\n<meta property=\"og:url\" content=\"https:\/\/presshops.com\/fr\/produits\/saco-kaiba-mk1819-cores-180g\/\" \/>\n<meta property=\"og:site_name\" content=\"Presshops\" \/>\n<meta property=\"article:publisher\" content=\"https:\/\/www.facebook.com\/privacy\/consent\/?flow=ad_free_subscription&amp;paramsafs_variant=first_time&amp;paramsgcl_experience_id=9a58486a-a682-46d1-ba7f-834b259b0b82&amp;source=ad_free_subscription_blocking_flow\" \/>\n<meta property=\"article:modified_time\" content=\"2025-12-18T17:32:25+00:00\" \/>\n<meta property=\"og:image\" content=\"https:\/\/presshops.com\/fr\/wp-content\/uploads\/2025\/10\/totebag_kaiba_2-1.webp\" \/>\n\t<meta property=\"og:image:width\" content=\"2000\" \/>\n\t<meta property=\"og:image:height\" content=\"2000\" \/>\n\t<meta property=\"og:image:type\" content=\"image\/webp\" \/>\n<meta name=\"twitter:card\" content=\"summary_large_image\" \/>\n<meta name=\"twitter:label1\" content=\"Dur\u00e9e de lecture estim\u00e9e\" \/>\n\t<meta name=\"twitter:data1\" content=\"1 minute\" \/>\n<script type=\"application\/ld+json\" class=\"yoast-schema-graph\">{\"@context\":\"https:\/\/schema.org\",\"@graph\":[{\"@type\":\"WebPage\",\"@id\":\"https:\/\/presshops.com\/fr\/produits\/saco-kaiba-mk1819-cores-180g\/\",\"url\":\"https:\/\/presshops.com\/fr\/produits\/saco-kaiba-mk1819-cores-180g\/\",\"name\":\"Sac Kaiba personnalis\u00e9 en tissu | Presshops\",\"isPartOf\":{\"@id\":\"https:\/\/presshops.com\/fr\/#website\"},\"primaryImageOfPage\":{\"@id\":\"https:\/\/presshops.com\/fr\/produits\/saco-kaiba-mk1819-cores-180g\/#primaryimage\"},\"image\":{\"@id\":\"https:\/\/presshops.com\/fr\/produits\/saco-kaiba-mk1819-cores-180g\/#primaryimage\"},\"thumbnailUrl\":\"https:\/\/presshops.com\/fr\/wp-content\/uploads\/2025\/10\/totebag_kaiba_2-1.webp\",\"datePublished\":\"2025-10-16T15:51:46+00:00\",\"dateModified\":\"2025-12-18T17:32:25+00:00\",\"description\":\"Sac Kaiba r\u00e9sistant et r\u00e9utilisable, id\u00e9al pour \u00e9v\u00e9nements, salons et usage quotidien. Personnalisation pour valoriser votre marque.\",\"breadcrumb\":{\"@id\":\"https:\/\/presshops.com\/fr\/produits\/saco-kaiba-mk1819-cores-180g\/#breadcrumb\"},\"inLanguage\":\"fr-FR\",\"potentialAction\":[{\"@type\":\"ReadAction\",\"target\":[\"https:\/\/presshops.com\/fr\/produits\/saco-kaiba-mk1819-cores-180g\/\"]}]},{\"@type\":\"ImageObject\",\"inLanguage\":\"fr-FR\",\"@id\":\"https:\/\/presshops.com\/fr\/produits\/saco-kaiba-mk1819-cores-180g\/#primaryimage\",\"url\":\"https:\/\/presshops.com\/fr\/wp-content\/uploads\/2025\/10\/totebag_kaiba_2-1.webp\",\"contentUrl\":\"https:\/\/presshops.com\/fr\/wp-content\/uploads\/2025\/10\/totebag_kaiba_2-1.webp\",\"width\":2000,\"height\":2000,\"caption\":\"Saco Kaiba leve e resistente, formato tote com grande capacidade. Ideal para eventos, brindes e uso di\u00e1rio. Encomende online na Presshops.\"},{\"@type\":\"BreadcrumbList\",\"@id\":\"https:\/\/presshops.com\/fr\/produits\/saco-kaiba-mk1819-cores-180g\/#breadcrumb\",\"itemListElement\":[{\"@type\":\"ListItem\",\"position\":1,\"name\":\"In\u00edcio\",\"item\":\"https:\/\/presshops.com\/fr\/\"},{\"@type\":\"ListItem\",\"position\":2,\"name\":\"Produtos\",\"item\":\"https:\/\/presshops.com\/fr\/shop\/\"},{\"@type\":\"ListItem\",\"position\":3,\"name\":\"Sac Kaiba\"}]},{\"@type\":\"WebSite\",\"@id\":\"https:\/\/presshops.com\/fr\/#website\",\"url\":\"https:\/\/presshops.com\/fr\/\",\"name\":\"Presshops.com\",\"description\":\"Presshops \u2013 Imprimerie en ligne avec livraison en 24\u201348h. Flyers, cartes, roll-ups et bien plus.\",\"publisher\":{\"@id\":\"https:\/\/presshops.com\/fr\/#organization\"},\"alternateName\":\"Presshops\",\"potentialAction\":[{\"@type\":\"SearchAction\",\"target\":{\"@type\":\"EntryPoint\",\"urlTemplate\":\"https:\/\/presshops.com\/fr\/?s={search_term_string}\"},\"query-input\":{\"@type\":\"PropertyValueSpecification\",\"valueRequired\":true,\"valueName\":\"search_term_string\"}}],\"inLanguage\":\"fr-FR\"},{\"@type\":\"Organization\",\"@id\":\"https:\/\/presshops.com\/fr\/#organization\",\"name\":\"Presshops.com\",\"alternateName\":\"Presshops: gr\u00e1fica online com entregas 24\u201348h. Impress\u00e3o de flyers, cart\u00f5es, roll-ups e mais.\",\"url\":\"https:\/\/presshops.com\/fr\/\",\"logo\":{\"@type\":\"ImageObject\",\"inLanguage\":\"fr-FR\",\"@id\":\"https:\/\/presshops.com\/fr\/#\/schema\/logo\/image\/\",\"url\":\"https:\/\/presshops.com\/fr\/wp-content\/uploads\/2023\/05\/Presshop_Logo-scaled.webp\",\"contentUrl\":\"https:\/\/presshops.com\/fr\/wp-content\/uploads\/2023\/05\/Presshop_Logo-scaled.webp\",\"width\":2560,\"height\":449,\"caption\":\"Presshops.com\"},\"image\":{\"@id\":\"https:\/\/presshops.com\/fr\/#\/schema\/logo\/image\/\"},\"sameAs\":[\"https:\/\/www.facebook.com\/privacy\/consent\/?flow=ad_free_subscription&paramsafs_variant=first_time&paramsgcl_experience_id=9a58486a-a682-46d1-ba7f-834b259b0b82&source=ad_free_subscription_blocking_flow\",\"https:\/\/www.instagram.com\/presshops\/\"]}]}<\/script>\n<!-- \/ Yoast SEO plugin. -->","yoast_head_json":{"title":"Sac Kaiba personnalis\u00e9 en tissu | Presshops","description":"Sac Kaiba r\u00e9sistant et r\u00e9utilisable, id\u00e9al pour \u00e9v\u00e9nements, salons et usage quotidien. Personnalisation pour valoriser votre marque.","robots":{"index":"index","follow":"follow","max-snippet":"max-snippet:-1","max-image-preview":"max-image-preview:large","max-video-preview":"max-video-preview:-1"},"canonical":"https:\/\/presshops.com\/fr\/produits\/saco-kaiba-mk1819-cores-180g\/","og_locale":"fr_FR","og_type":"article","og_title":"Sac Kaiba personnalis\u00e9 en tissu | Presshops","og_description":"Sac Kaiba r\u00e9sistant et r\u00e9utilisable, id\u00e9al pour \u00e9v\u00e9nements, salons et usage quotidien. Personnalisation pour valoriser votre marque.","og_url":"https:\/\/presshops.com\/fr\/produits\/saco-kaiba-mk1819-cores-180g\/","og_site_name":"Presshops","article_publisher":"https:\/\/www.facebook.com\/privacy\/consent\/?flow=ad_free_subscription&paramsafs_variant=first_time&paramsgcl_experience_id=9a58486a-a682-46d1-ba7f-834b259b0b82&source=ad_free_subscription_blocking_flow","article_modified_time":"2025-12-18T17:32:25+00:00","og_image":[{"width":2000,"height":2000,"url":"https:\/\/presshops.com\/fr\/wp-content\/uploads\/2025\/10\/totebag_kaiba_2-1.webp","type":"image\/webp"}],"twitter_card":"summary_large_image","twitter_misc":{"Dur\u00e9e de lecture estim\u00e9e":"1 minute"},"schema":{"@context":"https:\/\/schema.org","@graph":[{"@type":"WebPage","@id":"https:\/\/presshops.com\/fr\/produits\/saco-kaiba-mk1819-cores-180g\/","url":"https:\/\/presshops.com\/fr\/produits\/saco-kaiba-mk1819-cores-180g\/","name":"Sac Kaiba personnalis\u00e9 en tissu | Presshops","isPartOf":{"@id":"https:\/\/presshops.com\/fr\/#website"},"primaryImageOfPage":{"@id":"https:\/\/presshops.com\/fr\/produits\/saco-kaiba-mk1819-cores-180g\/#primaryimage"},"image":{"@id":"https:\/\/presshops.com\/fr\/produits\/saco-kaiba-mk1819-cores-180g\/#primaryimage"},"thumbnailUrl":"https:\/\/presshops.com\/fr\/wp-content\/uploads\/2025\/10\/totebag_kaiba_2-1.webp","datePublished":"2025-10-16T15:51:46+00:00","dateModified":"2025-12-18T17:32:25+00:00","description":"Sac Kaiba r\u00e9sistant et r\u00e9utilisable, id\u00e9al pour \u00e9v\u00e9nements, salons et usage quotidien. Personnalisation pour valoriser votre marque.","breadcrumb":{"@id":"https:\/\/presshops.com\/fr\/produits\/saco-kaiba-mk1819-cores-180g\/#breadcrumb"},"inLanguage":"fr-FR","potentialAction":[{"@type":"ReadAction","target":["https:\/\/presshops.com\/fr\/produits\/saco-kaiba-mk1819-cores-180g\/"]}]},{"@type":"ImageObject","inLanguage":"fr-FR","@id":"https:\/\/presshops.com\/fr\/produits\/saco-kaiba-mk1819-cores-180g\/#primaryimage","url":"https:\/\/presshops.com\/fr\/wp-content\/uploads\/2025\/10\/totebag_kaiba_2-1.webp","contentUrl":"https:\/\/presshops.com\/fr\/wp-content\/uploads\/2025\/10\/totebag_kaiba_2-1.webp","width":2000,"height":2000,"caption":"Saco Kaiba leve e resistente, formato tote com grande capacidade. Ideal para eventos, brindes e uso di\u00e1rio. Encomende online na Presshops."},{"@type":"BreadcrumbList","@id":"https:\/\/presshops.com\/fr\/produits\/saco-kaiba-mk1819-cores-180g\/#breadcrumb","itemListElement":[{"@type":"ListItem","position":1,"name":"In\u00edcio","item":"https:\/\/presshops.com\/fr\/"},{"@type":"ListItem","position":2,"name":"Produtos","item":"https:\/\/presshops.com\/fr\/shop\/"},{"@type":"ListItem","position":3,"name":"Sac Kaiba"}]},{"@type":"WebSite","@id":"https:\/\/presshops.com\/fr\/#website","url":"https:\/\/presshops.com\/fr\/","name":"Presshops.com","description":"Presshops \u2013 Imprimerie en ligne avec livraison en 24\u201348h. Flyers, cartes, roll-ups et bien plus.","publisher":{"@id":"https:\/\/presshops.com\/fr\/#organization"},"alternateName":"Presshops","potentialAction":[{"@type":"SearchAction","target":{"@type":"EntryPoint","urlTemplate":"https:\/\/presshops.com\/fr\/?s={search_term_string}"},"query-input":{"@type":"PropertyValueSpecification","valueRequired":true,"valueName":"search_term_string"}}],"inLanguage":"fr-FR"},{"@type":"Organization","@id":"https:\/\/presshops.com\/fr\/#organization","name":"Presshops.com","alternateName":"Presshops: gr\u00e1fica online com entregas 24\u201348h. Impress\u00e3o de flyers, cart\u00f5es, roll-ups e mais.","url":"https:\/\/presshops.com\/fr\/","logo":{"@type":"ImageObject","inLanguage":"fr-FR","@id":"https:\/\/presshops.com\/fr\/#\/schema\/logo\/image\/","url":"https:\/\/presshops.com\/fr\/wp-content\/uploads\/2023\/05\/Presshop_Logo-scaled.webp","contentUrl":"https:\/\/presshops.com\/fr\/wp-content\/uploads\/2023\/05\/Presshop_Logo-scaled.webp","width":2560,"height":449,"caption":"Presshops.com"},"image":{"@id":"https:\/\/presshops.com\/fr\/#\/schema\/logo\/image\/"},"sameAs":["https:\/\/www.facebook.com\/privacy\/consent\/?flow=ad_free_subscription&paramsafs_variant=first_time&paramsgcl_experience_id=9a58486a-a682-46d1-ba7f-834b259b0b82&source=ad_free_subscription_blocking_flow","https:\/\/www.instagram.com\/presshops\/"]}]}},"_links":{"self":[{"href":"https:\/\/presshops.com\/fr\/wp-json\/wp\/v2\/product\/51892","targetHints":{"allow":["GET"]}}],"collection":[{"href":"https:\/\/presshops.com\/fr\/wp-json\/wp\/v2\/product"}],"about":[{"href":"https:\/\/presshops.com\/fr\/wp-json\/wp\/v2\/types\/product"}],"wp:featuredmedia":[{"embeddable":true,"href":"https:\/\/presshops.com\/fr\/wp-json\/wp\/v2\/media\/52511"}],"wp:attachment":[{"href":"https:\/\/presshops.com\/fr\/wp-json\/wp\/v2\/media?parent=51892"}],"wp:term":[{"taxonomy":"product_brand","embeddable":true,"href":"https:\/\/presshops.com\/fr\/wp-json\/wp\/v2\/product_brand?post=51892"},{"taxonomy":"product_cat","embeddable":true,"href":"https:\/\/presshops.com\/fr\/wp-json\/wp\/v2\/product_cat?post=51892"},{"taxonomy":"product_tag","embeddable":true,"href":"https:\/\/presshops.com\/fr\/wp-json\/wp\/v2\/product_tag?post=51892"}],"curies":[{"name":"wp","href":"https:\/\/api.w.org\/{rel}","templated":true}]}}