{"id":68981,"date":"2025-10-22T10:52:52","date_gmt":"2025-10-22T09:52:52","guid":{"rendered":"https:\/\/presshops.com\/?post_type=product&#038;p=68981"},"modified":"2025-12-18T19:19:49","modified_gmt":"2025-12-18T18:19:49","slug":"bloco-de-argolas","status":"publish","type":"product","link":"https:\/\/presshops.com\/fr\/produits\/bloco-de-argolas\/","title":{"rendered":"Bloc d&rsquo;anneaux"},"content":{"rendered":"","protected":false},"excerpt":{"rendered":"<p>Le bloc d\u2019anneaux est un outil indispensable pour les professionnels, \u00e9tudiants et entreprises souhaitant organiser efficacement leurs notes, projets ou pr\u00e9sentations. Chez Presshops, nous proposons des blocs d\u2019anneaux personnalisables avec votre logo, visuels ou identit\u00e9 graphique, pour renforcer votre image de marque au quotidien. Imprim\u00e9s sur du papier haute qualit\u00e9 et reli\u00e9s par une spirale robuste, nos blocs sont con\u00e7us pour un usage intensif et durable. Id\u00e9al pour les formations, conf\u00e9rences, bureaux ou \u00e9coles, c\u2019est un support pratique, \u00e9l\u00e9gant et 100 % personnalisable.<\/p>\n","protected":false},"featured_media":69322,"template":"","meta":[],"product_brand":[],"product_cat":[240],"product_tag":[],"class_list":{"0":"post-68981","1":"product","2":"type-product","3":"status-publish","4":"has-post-thumbnail","6":"product_cat-blocos","7":"pa_capa-frente","8":"pa_capa-frente-e-verso","9":"pa_cor-cor","10":"pa_cor-preto-e-branco","11":"pa_quantidade-153","12":"pa_quantidade-111","13":"pa_quantidade-112","14":"pa_quantidade-113","15":"pa_quantidade-114","16":"pa_tamanhos-a4","17":"pa_tamanhos-a5","19":"first","20":"instock","21":"taxable","22":"shipping-taxable","23":"purchasable","24":"product-type-variable"},"yoast_head":"<!-- This site is optimized with the Yoast SEO plugin v23.6 - https:\/\/yoast.com\/wordpress\/plugins\/seo\/ -->\n<title>Bloc \u00e0 anneaux personnalis\u00e9 pour entreprises et \u00e9v\u00e9nements | Presshops<\/title>\n<meta name=\"description\" content=\"Bloc \u00e0 anneaux pratique et personnalisable, id\u00e9al pour entreprises, \u00e9v\u00e9nements et supports promotionnels. Valorisez votre image de marque.\" \/>\n<meta name=\"robots\" content=\"index, follow, max-snippet:-1, max-image-preview:large, max-video-preview:-1\" \/>\n<link rel=\"canonical\" href=\"https:\/\/presshops.com\/fr\/produits\/bloco-de-argolas\/\" \/>\n<meta property=\"og:locale\" content=\"fr_FR\" \/>\n<meta property=\"og:type\" content=\"article\" \/>\n<meta property=\"og:title\" content=\"Bloc \u00e0 anneaux personnalis\u00e9 pour entreprises et \u00e9v\u00e9nements | Presshops\" \/>\n<meta property=\"og:description\" content=\"Bloc \u00e0 anneaux pratique et personnalisable, id\u00e9al pour entreprises, \u00e9v\u00e9nements et supports promotionnels. Valorisez votre image de marque.\" \/>\n<meta property=\"og:url\" content=\"https:\/\/presshops.com\/fr\/produits\/bloco-de-argolas\/\" \/>\n<meta property=\"og:site_name\" content=\"Presshops\" \/>\n<meta property=\"article:publisher\" content=\"https:\/\/www.facebook.com\/privacy\/consent\/?flow=ad_free_subscription&amp;paramsafs_variant=first_time&amp;paramsgcl_experience_id=9a58486a-a682-46d1-ba7f-834b259b0b82&amp;source=ad_free_subscription_blocking_flow\" \/>\n<meta property=\"article:modified_time\" content=\"2025-12-18T18:19:49+00:00\" \/>\n<meta property=\"og:image\" content=\"https:\/\/presshops.com\/fr\/wp-content\/uploads\/2025\/10\/bloco_argolas_5.webp\" \/>\n\t<meta property=\"og:image:width\" content=\"2000\" \/>\n\t<meta property=\"og:image:height\" content=\"2000\" \/>\n\t<meta property=\"og:image:type\" content=\"image\/webp\" \/>\n<meta name=\"twitter:card\" content=\"summary_large_image\" \/>\n<meta name=\"twitter:label1\" content=\"Dur\u00e9e de lecture estim\u00e9e\" \/>\n\t<meta name=\"twitter:data1\" content=\"1 minute\" \/>\n<script type=\"application\/ld+json\" class=\"yoast-schema-graph\">{\"@context\":\"https:\/\/schema.org\",\"@graph\":[{\"@type\":\"WebPage\",\"@id\":\"https:\/\/presshops.com\/fr\/produits\/bloco-de-argolas\/\",\"url\":\"https:\/\/presshops.com\/fr\/produits\/bloco-de-argolas\/\",\"name\":\"Bloc \u00e0 anneaux personnalis\u00e9 pour entreprises et \u00e9v\u00e9nements | Presshops\",\"isPartOf\":{\"@id\":\"https:\/\/presshops.com\/fr\/#website\"},\"primaryImageOfPage\":{\"@id\":\"https:\/\/presshops.com\/fr\/produits\/bloco-de-argolas\/#primaryimage\"},\"image\":{\"@id\":\"https:\/\/presshops.com\/fr\/produits\/bloco-de-argolas\/#primaryimage\"},\"thumbnailUrl\":\"https:\/\/presshops.com\/fr\/wp-content\/uploads\/2025\/10\/bloco_argolas_5.webp\",\"datePublished\":\"2025-10-22T09:52:52+00:00\",\"dateModified\":\"2025-12-18T18:19:49+00:00\",\"description\":\"Bloc \u00e0 anneaux pratique et personnalisable, id\u00e9al pour entreprises, \u00e9v\u00e9nements et supports promotionnels. Valorisez votre image de marque.\",\"breadcrumb\":{\"@id\":\"https:\/\/presshops.com\/fr\/produits\/bloco-de-argolas\/#breadcrumb\"},\"inLanguage\":\"fr-FR\",\"potentialAction\":[{\"@type\":\"ReadAction\",\"target\":[\"https:\/\/presshops.com\/fr\/produits\/bloco-de-argolas\/\"]}]},{\"@type\":\"ImageObject\",\"inLanguage\":\"fr-FR\",\"@id\":\"https:\/\/presshops.com\/fr\/produits\/bloco-de-argolas\/#primaryimage\",\"url\":\"https:\/\/presshops.com\/fr\/wp-content\/uploads\/2025\/10\/bloco_argolas_5.webp\",\"contentUrl\":\"https:\/\/presshops.com\/fr\/wp-content\/uploads\/2025\/10\/bloco_argolas_5.webp\",\"width\":2000,\"height\":2000},{\"@type\":\"BreadcrumbList\",\"@id\":\"https:\/\/presshops.com\/fr\/produits\/bloco-de-argolas\/#breadcrumb\",\"itemListElement\":[{\"@type\":\"ListItem\",\"position\":1,\"name\":\"In\u00edcio\",\"item\":\"https:\/\/presshops.com\/fr\/\"},{\"@type\":\"ListItem\",\"position\":2,\"name\":\"Produtos\",\"item\":\"https:\/\/presshops.com\/fr\/shop\/\"},{\"@type\":\"ListItem\",\"position\":3,\"name\":\"Bloc d&rsquo;anneaux\"}]},{\"@type\":\"WebSite\",\"@id\":\"https:\/\/presshops.com\/fr\/#website\",\"url\":\"https:\/\/presshops.com\/fr\/\",\"name\":\"Presshops.com\",\"description\":\"Presshops \u2013 Imprimerie en ligne avec livraison en 24\u201348h. Flyers, cartes, roll-ups et bien plus.\",\"publisher\":{\"@id\":\"https:\/\/presshops.com\/fr\/#organization\"},\"alternateName\":\"Presshops\",\"potentialAction\":[{\"@type\":\"SearchAction\",\"target\":{\"@type\":\"EntryPoint\",\"urlTemplate\":\"https:\/\/presshops.com\/fr\/?s={search_term_string}\"},\"query-input\":{\"@type\":\"PropertyValueSpecification\",\"valueRequired\":true,\"valueName\":\"search_term_string\"}}],\"inLanguage\":\"fr-FR\"},{\"@type\":\"Organization\",\"@id\":\"https:\/\/presshops.com\/fr\/#organization\",\"name\":\"Presshops.com\",\"alternateName\":\"Presshops: gr\u00e1fica online com entregas 24\u201348h. Impress\u00e3o de flyers, cart\u00f5es, roll-ups e mais.\",\"url\":\"https:\/\/presshops.com\/fr\/\",\"logo\":{\"@type\":\"ImageObject\",\"inLanguage\":\"fr-FR\",\"@id\":\"https:\/\/presshops.com\/fr\/#\/schema\/logo\/image\/\",\"url\":\"https:\/\/presshops.com\/fr\/wp-content\/uploads\/2023\/05\/Presshop_Logo-scaled.webp\",\"contentUrl\":\"https:\/\/presshops.com\/fr\/wp-content\/uploads\/2023\/05\/Presshop_Logo-scaled.webp\",\"width\":2560,\"height\":449,\"caption\":\"Presshops.com\"},\"image\":{\"@id\":\"https:\/\/presshops.com\/fr\/#\/schema\/logo\/image\/\"},\"sameAs\":[\"https:\/\/www.facebook.com\/privacy\/consent\/?flow=ad_free_subscription&paramsafs_variant=first_time&paramsgcl_experience_id=9a58486a-a682-46d1-ba7f-834b259b0b82&source=ad_free_subscription_blocking_flow\",\"https:\/\/www.instagram.com\/presshops\/\"]}]}<\/script>\n<!-- \/ Yoast SEO plugin. -->","yoast_head_json":{"title":"Bloc \u00e0 anneaux personnalis\u00e9 pour entreprises et \u00e9v\u00e9nements | Presshops","description":"Bloc \u00e0 anneaux pratique et personnalisable, id\u00e9al pour entreprises, \u00e9v\u00e9nements et supports promotionnels. Valorisez votre image de marque.","robots":{"index":"index","follow":"follow","max-snippet":"max-snippet:-1","max-image-preview":"max-image-preview:large","max-video-preview":"max-video-preview:-1"},"canonical":"https:\/\/presshops.com\/fr\/produits\/bloco-de-argolas\/","og_locale":"fr_FR","og_type":"article","og_title":"Bloc \u00e0 anneaux personnalis\u00e9 pour entreprises et \u00e9v\u00e9nements | Presshops","og_description":"Bloc \u00e0 anneaux pratique et personnalisable, id\u00e9al pour entreprises, \u00e9v\u00e9nements et supports promotionnels. Valorisez votre image de marque.","og_url":"https:\/\/presshops.com\/fr\/produits\/bloco-de-argolas\/","og_site_name":"Presshops","article_publisher":"https:\/\/www.facebook.com\/privacy\/consent\/?flow=ad_free_subscription&paramsafs_variant=first_time&paramsgcl_experience_id=9a58486a-a682-46d1-ba7f-834b259b0b82&source=ad_free_subscription_blocking_flow","article_modified_time":"2025-12-18T18:19:49+00:00","og_image":[{"width":2000,"height":2000,"url":"https:\/\/presshops.com\/fr\/wp-content\/uploads\/2025\/10\/bloco_argolas_5.webp","type":"image\/webp"}],"twitter_card":"summary_large_image","twitter_misc":{"Dur\u00e9e de lecture estim\u00e9e":"1 minute"},"schema":{"@context":"https:\/\/schema.org","@graph":[{"@type":"WebPage","@id":"https:\/\/presshops.com\/fr\/produits\/bloco-de-argolas\/","url":"https:\/\/presshops.com\/fr\/produits\/bloco-de-argolas\/","name":"Bloc \u00e0 anneaux personnalis\u00e9 pour entreprises et \u00e9v\u00e9nements | Presshops","isPartOf":{"@id":"https:\/\/presshops.com\/fr\/#website"},"primaryImageOfPage":{"@id":"https:\/\/presshops.com\/fr\/produits\/bloco-de-argolas\/#primaryimage"},"image":{"@id":"https:\/\/presshops.com\/fr\/produits\/bloco-de-argolas\/#primaryimage"},"thumbnailUrl":"https:\/\/presshops.com\/fr\/wp-content\/uploads\/2025\/10\/bloco_argolas_5.webp","datePublished":"2025-10-22T09:52:52+00:00","dateModified":"2025-12-18T18:19:49+00:00","description":"Bloc \u00e0 anneaux pratique et personnalisable, id\u00e9al pour entreprises, \u00e9v\u00e9nements et supports promotionnels. Valorisez votre image de marque.","breadcrumb":{"@id":"https:\/\/presshops.com\/fr\/produits\/bloco-de-argolas\/#breadcrumb"},"inLanguage":"fr-FR","potentialAction":[{"@type":"ReadAction","target":["https:\/\/presshops.com\/fr\/produits\/bloco-de-argolas\/"]}]},{"@type":"ImageObject","inLanguage":"fr-FR","@id":"https:\/\/presshops.com\/fr\/produits\/bloco-de-argolas\/#primaryimage","url":"https:\/\/presshops.com\/fr\/wp-content\/uploads\/2025\/10\/bloco_argolas_5.webp","contentUrl":"https:\/\/presshops.com\/fr\/wp-content\/uploads\/2025\/10\/bloco_argolas_5.webp","width":2000,"height":2000},{"@type":"BreadcrumbList","@id":"https:\/\/presshops.com\/fr\/produits\/bloco-de-argolas\/#breadcrumb","itemListElement":[{"@type":"ListItem","position":1,"name":"In\u00edcio","item":"https:\/\/presshops.com\/fr\/"},{"@type":"ListItem","position":2,"name":"Produtos","item":"https:\/\/presshops.com\/fr\/shop\/"},{"@type":"ListItem","position":3,"name":"Bloc d&rsquo;anneaux"}]},{"@type":"WebSite","@id":"https:\/\/presshops.com\/fr\/#website","url":"https:\/\/presshops.com\/fr\/","name":"Presshops.com","description":"Presshops \u2013 Imprimerie en ligne avec livraison en 24\u201348h. Flyers, cartes, roll-ups et bien plus.","publisher":{"@id":"https:\/\/presshops.com\/fr\/#organization"},"alternateName":"Presshops","potentialAction":[{"@type":"SearchAction","target":{"@type":"EntryPoint","urlTemplate":"https:\/\/presshops.com\/fr\/?s={search_term_string}"},"query-input":{"@type":"PropertyValueSpecification","valueRequired":true,"valueName":"search_term_string"}}],"inLanguage":"fr-FR"},{"@type":"Organization","@id":"https:\/\/presshops.com\/fr\/#organization","name":"Presshops.com","alternateName":"Presshops: gr\u00e1fica online com entregas 24\u201348h. Impress\u00e3o de flyers, cart\u00f5es, roll-ups e mais.","url":"https:\/\/presshops.com\/fr\/","logo":{"@type":"ImageObject","inLanguage":"fr-FR","@id":"https:\/\/presshops.com\/fr\/#\/schema\/logo\/image\/","url":"https:\/\/presshops.com\/fr\/wp-content\/uploads\/2023\/05\/Presshop_Logo-scaled.webp","contentUrl":"https:\/\/presshops.com\/fr\/wp-content\/uploads\/2023\/05\/Presshop_Logo-scaled.webp","width":2560,"height":449,"caption":"Presshops.com"},"image":{"@id":"https:\/\/presshops.com\/fr\/#\/schema\/logo\/image\/"},"sameAs":["https:\/\/www.facebook.com\/privacy\/consent\/?flow=ad_free_subscription&paramsafs_variant=first_time&paramsgcl_experience_id=9a58486a-a682-46d1-ba7f-834b259b0b82&source=ad_free_subscription_blocking_flow","https:\/\/www.instagram.com\/presshops\/"]}]}},"_links":{"self":[{"href":"https:\/\/presshops.com\/fr\/wp-json\/wp\/v2\/product\/68981","targetHints":{"allow":["GET"]}}],"collection":[{"href":"https:\/\/presshops.com\/fr\/wp-json\/wp\/v2\/product"}],"about":[{"href":"https:\/\/presshops.com\/fr\/wp-json\/wp\/v2\/types\/product"}],"wp:featuredmedia":[{"embeddable":true,"href":"https:\/\/presshops.com\/fr\/wp-json\/wp\/v2\/media\/69322"}],"wp:attachment":[{"href":"https:\/\/presshops.com\/fr\/wp-json\/wp\/v2\/media?parent=68981"}],"wp:term":[{"taxonomy":"product_brand","embeddable":true,"href":"https:\/\/presshops.com\/fr\/wp-json\/wp\/v2\/product_brand?post=68981"},{"taxonomy":"product_cat","embeddable":true,"href":"https:\/\/presshops.com\/fr\/wp-json\/wp\/v2\/product_cat?post=68981"},{"taxonomy":"product_tag","embeddable":true,"href":"https:\/\/presshops.com\/fr\/wp-json\/wp\/v2\/product_tag?post=68981"}],"curies":[{"name":"wp","href":"https:\/\/api.w.org\/{rel}","templated":true}]}}