{"id":8548,"date":"2025-10-09T11:25:46","date_gmt":"2025-10-09T10:25:46","guid":{"rendered":"https:\/\/presshops.ajnet.info\/?post_type=product&#038;p=8548"},"modified":"2025-12-19T12:30:43","modified_gmt":"2025-12-19T11:30:43","slug":"cartoes-marcacao","status":"publish","type":"product","link":"https:\/\/presshops.com\/fr\/produits\/cartoes-marcacao\/","title":{"rendered":"Cartes de rendez-vous"},"content":{"rendered":"","protected":false},"excerpt":{"rendered":"<p>Les cartes de rendez-vous sont indispensables pour les salons, cliniques, cabinets m\u00e9dicaux, instituts de beaut\u00e9 ou garages. Chez Presshops, nous imprimons vos cartes avec une qualit\u00e9 d\u2019impression irr\u00e9prochable, sur des papiers \u00e9pais et \u00e9l\u00e9gants, parfaitement adapt\u00e9s \u00e0 un usage professionnel. Personnalisez-les avec votre logo, coordonn\u00e9es et design pour offrir une exp\u00e9rience client soign\u00e9e et renforcer votre image de marque. Un outil simple, pratique et efficace pour fid\u00e9liser vos clients et assurer une communication claire et professionnelle.<\/p>\n","protected":false},"featured_media":51504,"template":"","meta":[],"product_brand":[],"product_cat":[95],"product_tag":[],"class_list":{"0":"post-8548","1":"product","2":"type-product","3":"status-publish","4":"has-post-thumbnail","6":"product_cat-cartoes","7":"pa_capa-frente","8":"pa_capa-frente-e-verso","9":"pa_cor-cor","10":"pa_cor-preto-e-branco","11":"pa_quantidade-111","12":"pa_quantidade-112","13":"pa_quantidade-113","14":"pa_quantidade-114","15":"pa_quantidade-115","16":"pa_quantidade-116","18":"first","19":"instock","20":"taxable","21":"shipping-taxable","22":"purchasable","23":"product-type-variable"},"yoast_head":"<!-- This site is optimized with the Yoast SEO plugin v23.6 - https:\/\/yoast.com\/wordpress\/plugins\/seo\/ -->\n<title>Cartes de rendez-vous personnalis\u00e9es pour entreprises | Presshops<\/title>\n<meta name=\"description\" content=\"Cartes de rendez-vous personnalis\u00e9es, id\u00e9ales pour cabinets, salons et entreprises de services. Impression professionnelle et pratique.\" \/>\n<meta name=\"robots\" content=\"index, follow, max-snippet:-1, max-image-preview:large, max-video-preview:-1\" \/>\n<link rel=\"canonical\" href=\"https:\/\/presshops.com\/fr\/produits\/cartoes-marcacao\/\" \/>\n<meta property=\"og:locale\" content=\"fr_FR\" \/>\n<meta property=\"og:type\" content=\"article\" \/>\n<meta property=\"og:title\" content=\"Cartes de rendez-vous personnalis\u00e9es pour entreprises | Presshops\" \/>\n<meta property=\"og:description\" content=\"Cartes de rendez-vous personnalis\u00e9es, id\u00e9ales pour cabinets, salons et entreprises de services. Impression professionnelle et pratique.\" \/>\n<meta property=\"og:url\" content=\"https:\/\/presshops.com\/fr\/produits\/cartoes-marcacao\/\" \/>\n<meta property=\"og:site_name\" content=\"Presshops\" \/>\n<meta property=\"article:publisher\" content=\"https:\/\/www.facebook.com\/privacy\/consent\/?flow=ad_free_subscription&amp;paramsafs_variant=first_time&amp;paramsgcl_experience_id=9a58486a-a682-46d1-ba7f-834b259b0b82&amp;source=ad_free_subscription_blocking_flow\" \/>\n<meta property=\"article:modified_time\" content=\"2025-12-19T11:30:43+00:00\" \/>\n<meta property=\"og:image\" content=\"https:\/\/presshops.com\/fr\/wp-content\/uploads\/2025\/10\/cartao_marcacao_1.webp\" \/>\n\t<meta property=\"og:image:width\" content=\"2000\" \/>\n\t<meta property=\"og:image:height\" content=\"2000\" \/>\n\t<meta property=\"og:image:type\" content=\"image\/webp\" \/>\n<meta name=\"twitter:card\" content=\"summary_large_image\" \/>\n<meta name=\"twitter:label1\" content=\"Dur\u00e9e de lecture estim\u00e9e\" \/>\n\t<meta name=\"twitter:data1\" content=\"1 minute\" \/>\n<script type=\"application\/ld+json\" class=\"yoast-schema-graph\">{\"@context\":\"https:\/\/schema.org\",\"@graph\":[{\"@type\":\"WebPage\",\"@id\":\"https:\/\/presshops.com\/fr\/produits\/cartoes-marcacao\/\",\"url\":\"https:\/\/presshops.com\/fr\/produits\/cartoes-marcacao\/\",\"name\":\"Cartes de rendez-vous personnalis\u00e9es pour entreprises | Presshops\",\"isPartOf\":{\"@id\":\"https:\/\/presshops.com\/fr\/#website\"},\"primaryImageOfPage\":{\"@id\":\"https:\/\/presshops.com\/fr\/produits\/cartoes-marcacao\/#primaryimage\"},\"image\":{\"@id\":\"https:\/\/presshops.com\/fr\/produits\/cartoes-marcacao\/#primaryimage\"},\"thumbnailUrl\":\"https:\/\/presshops.com\/fr\/wp-content\/uploads\/2025\/10\/cartao_marcacao_1.webp\",\"datePublished\":\"2025-10-09T10:25:46+00:00\",\"dateModified\":\"2025-12-19T11:30:43+00:00\",\"description\":\"Cartes de rendez-vous personnalis\u00e9es, id\u00e9ales pour cabinets, salons et entreprises de services. Impression professionnelle et pratique.\",\"breadcrumb\":{\"@id\":\"https:\/\/presshops.com\/fr\/produits\/cartoes-marcacao\/#breadcrumb\"},\"inLanguage\":\"fr-FR\",\"potentialAction\":[{\"@type\":\"ReadAction\",\"target\":[\"https:\/\/presshops.com\/fr\/produits\/cartoes-marcacao\/\"]}]},{\"@type\":\"ImageObject\",\"inLanguage\":\"fr-FR\",\"@id\":\"https:\/\/presshops.com\/fr\/produits\/cartoes-marcacao\/#primaryimage\",\"url\":\"https:\/\/presshops.com\/fr\/wp-content\/uploads\/2025\/10\/cartao_marcacao_1.webp\",\"contentUrl\":\"https:\/\/presshops.com\/fr\/wp-content\/uploads\/2025\/10\/cartao_marcacao_1.webp\",\"width\":2000,\"height\":2000,\"caption\":\"Cart\u00f5es de marca\u00e7\u00e3o Presshops em tons azul e creme, personalizados com log\u00f3tipo, ideais para sal\u00f5es, cl\u00ednicas e empresas de servi\u00e7os.\"},{\"@type\":\"BreadcrumbList\",\"@id\":\"https:\/\/presshops.com\/fr\/produits\/cartoes-marcacao\/#breadcrumb\",\"itemListElement\":[{\"@type\":\"ListItem\",\"position\":1,\"name\":\"In\u00edcio\",\"item\":\"https:\/\/presshops.com\/fr\/\"},{\"@type\":\"ListItem\",\"position\":2,\"name\":\"Produtos\",\"item\":\"https:\/\/presshops.com\/fr\/shop\/\"},{\"@type\":\"ListItem\",\"position\":3,\"name\":\"Cartes de rendez-vous\"}]},{\"@type\":\"WebSite\",\"@id\":\"https:\/\/presshops.com\/fr\/#website\",\"url\":\"https:\/\/presshops.com\/fr\/\",\"name\":\"Presshops.com\",\"description\":\"Presshops \u2013 Imprimerie en ligne avec livraison en 24\u201348h. Flyers, cartes, roll-ups et bien plus.\",\"publisher\":{\"@id\":\"https:\/\/presshops.com\/fr\/#organization\"},\"alternateName\":\"Presshops\",\"potentialAction\":[{\"@type\":\"SearchAction\",\"target\":{\"@type\":\"EntryPoint\",\"urlTemplate\":\"https:\/\/presshops.com\/fr\/?s={search_term_string}\"},\"query-input\":{\"@type\":\"PropertyValueSpecification\",\"valueRequired\":true,\"valueName\":\"search_term_string\"}}],\"inLanguage\":\"fr-FR\"},{\"@type\":\"Organization\",\"@id\":\"https:\/\/presshops.com\/fr\/#organization\",\"name\":\"Presshops.com\",\"alternateName\":\"Presshops: gr\u00e1fica online com entregas 24\u201348h. Impress\u00e3o de flyers, cart\u00f5es, roll-ups e mais.\",\"url\":\"https:\/\/presshops.com\/fr\/\",\"logo\":{\"@type\":\"ImageObject\",\"inLanguage\":\"fr-FR\",\"@id\":\"https:\/\/presshops.com\/fr\/#\/schema\/logo\/image\/\",\"url\":\"https:\/\/presshops.com\/fr\/wp-content\/uploads\/2023\/05\/Presshop_Logo-scaled.webp\",\"contentUrl\":\"https:\/\/presshops.com\/fr\/wp-content\/uploads\/2023\/05\/Presshop_Logo-scaled.webp\",\"width\":2560,\"height\":449,\"caption\":\"Presshops.com\"},\"image\":{\"@id\":\"https:\/\/presshops.com\/fr\/#\/schema\/logo\/image\/\"},\"sameAs\":[\"https:\/\/www.facebook.com\/privacy\/consent\/?flow=ad_free_subscription&paramsafs_variant=first_time&paramsgcl_experience_id=9a58486a-a682-46d1-ba7f-834b259b0b82&source=ad_free_subscription_blocking_flow\",\"https:\/\/www.instagram.com\/presshops\/\"]}]}<\/script>\n<!-- \/ Yoast SEO plugin. -->","yoast_head_json":{"title":"Cartes de rendez-vous personnalis\u00e9es pour entreprises | Presshops","description":"Cartes de rendez-vous personnalis\u00e9es, id\u00e9ales pour cabinets, salons et entreprises de services. Impression professionnelle et pratique.","robots":{"index":"index","follow":"follow","max-snippet":"max-snippet:-1","max-image-preview":"max-image-preview:large","max-video-preview":"max-video-preview:-1"},"canonical":"https:\/\/presshops.com\/fr\/produits\/cartoes-marcacao\/","og_locale":"fr_FR","og_type":"article","og_title":"Cartes de rendez-vous personnalis\u00e9es pour entreprises | Presshops","og_description":"Cartes de rendez-vous personnalis\u00e9es, id\u00e9ales pour cabinets, salons et entreprises de services. Impression professionnelle et pratique.","og_url":"https:\/\/presshops.com\/fr\/produits\/cartoes-marcacao\/","og_site_name":"Presshops","article_publisher":"https:\/\/www.facebook.com\/privacy\/consent\/?flow=ad_free_subscription&paramsafs_variant=first_time&paramsgcl_experience_id=9a58486a-a682-46d1-ba7f-834b259b0b82&source=ad_free_subscription_blocking_flow","article_modified_time":"2025-12-19T11:30:43+00:00","og_image":[{"width":2000,"height":2000,"url":"https:\/\/presshops.com\/fr\/wp-content\/uploads\/2025\/10\/cartao_marcacao_1.webp","type":"image\/webp"}],"twitter_card":"summary_large_image","twitter_misc":{"Dur\u00e9e de lecture estim\u00e9e":"1 minute"},"schema":{"@context":"https:\/\/schema.org","@graph":[{"@type":"WebPage","@id":"https:\/\/presshops.com\/fr\/produits\/cartoes-marcacao\/","url":"https:\/\/presshops.com\/fr\/produits\/cartoes-marcacao\/","name":"Cartes de rendez-vous personnalis\u00e9es pour entreprises | Presshops","isPartOf":{"@id":"https:\/\/presshops.com\/fr\/#website"},"primaryImageOfPage":{"@id":"https:\/\/presshops.com\/fr\/produits\/cartoes-marcacao\/#primaryimage"},"image":{"@id":"https:\/\/presshops.com\/fr\/produits\/cartoes-marcacao\/#primaryimage"},"thumbnailUrl":"https:\/\/presshops.com\/fr\/wp-content\/uploads\/2025\/10\/cartao_marcacao_1.webp","datePublished":"2025-10-09T10:25:46+00:00","dateModified":"2025-12-19T11:30:43+00:00","description":"Cartes de rendez-vous personnalis\u00e9es, id\u00e9ales pour cabinets, salons et entreprises de services. Impression professionnelle et pratique.","breadcrumb":{"@id":"https:\/\/presshops.com\/fr\/produits\/cartoes-marcacao\/#breadcrumb"},"inLanguage":"fr-FR","potentialAction":[{"@type":"ReadAction","target":["https:\/\/presshops.com\/fr\/produits\/cartoes-marcacao\/"]}]},{"@type":"ImageObject","inLanguage":"fr-FR","@id":"https:\/\/presshops.com\/fr\/produits\/cartoes-marcacao\/#primaryimage","url":"https:\/\/presshops.com\/fr\/wp-content\/uploads\/2025\/10\/cartao_marcacao_1.webp","contentUrl":"https:\/\/presshops.com\/fr\/wp-content\/uploads\/2025\/10\/cartao_marcacao_1.webp","width":2000,"height":2000,"caption":"Cart\u00f5es de marca\u00e7\u00e3o Presshops em tons azul e creme, personalizados com log\u00f3tipo, ideais para sal\u00f5es, cl\u00ednicas e empresas de servi\u00e7os."},{"@type":"BreadcrumbList","@id":"https:\/\/presshops.com\/fr\/produits\/cartoes-marcacao\/#breadcrumb","itemListElement":[{"@type":"ListItem","position":1,"name":"In\u00edcio","item":"https:\/\/presshops.com\/fr\/"},{"@type":"ListItem","position":2,"name":"Produtos","item":"https:\/\/presshops.com\/fr\/shop\/"},{"@type":"ListItem","position":3,"name":"Cartes de rendez-vous"}]},{"@type":"WebSite","@id":"https:\/\/presshops.com\/fr\/#website","url":"https:\/\/presshops.com\/fr\/","name":"Presshops.com","description":"Presshops \u2013 Imprimerie en ligne avec livraison en 24\u201348h. Flyers, cartes, roll-ups et bien plus.","publisher":{"@id":"https:\/\/presshops.com\/fr\/#organization"},"alternateName":"Presshops","potentialAction":[{"@type":"SearchAction","target":{"@type":"EntryPoint","urlTemplate":"https:\/\/presshops.com\/fr\/?s={search_term_string}"},"query-input":{"@type":"PropertyValueSpecification","valueRequired":true,"valueName":"search_term_string"}}],"inLanguage":"fr-FR"},{"@type":"Organization","@id":"https:\/\/presshops.com\/fr\/#organization","name":"Presshops.com","alternateName":"Presshops: gr\u00e1fica online com entregas 24\u201348h. Impress\u00e3o de flyers, cart\u00f5es, roll-ups e mais.","url":"https:\/\/presshops.com\/fr\/","logo":{"@type":"ImageObject","inLanguage":"fr-FR","@id":"https:\/\/presshops.com\/fr\/#\/schema\/logo\/image\/","url":"https:\/\/presshops.com\/fr\/wp-content\/uploads\/2023\/05\/Presshop_Logo-scaled.webp","contentUrl":"https:\/\/presshops.com\/fr\/wp-content\/uploads\/2023\/05\/Presshop_Logo-scaled.webp","width":2560,"height":449,"caption":"Presshops.com"},"image":{"@id":"https:\/\/presshops.com\/fr\/#\/schema\/logo\/image\/"},"sameAs":["https:\/\/www.facebook.com\/privacy\/consent\/?flow=ad_free_subscription&paramsafs_variant=first_time&paramsgcl_experience_id=9a58486a-a682-46d1-ba7f-834b259b0b82&source=ad_free_subscription_blocking_flow","https:\/\/www.instagram.com\/presshops\/"]}]}},"_links":{"self":[{"href":"https:\/\/presshops.com\/fr\/wp-json\/wp\/v2\/product\/8548","targetHints":{"allow":["GET"]}}],"collection":[{"href":"https:\/\/presshops.com\/fr\/wp-json\/wp\/v2\/product"}],"about":[{"href":"https:\/\/presshops.com\/fr\/wp-json\/wp\/v2\/types\/product"}],"wp:featuredmedia":[{"embeddable":true,"href":"https:\/\/presshops.com\/fr\/wp-json\/wp\/v2\/media\/51504"}],"wp:attachment":[{"href":"https:\/\/presshops.com\/fr\/wp-json\/wp\/v2\/media?parent=8548"}],"wp:term":[{"taxonomy":"product_brand","embeddable":true,"href":"https:\/\/presshops.com\/fr\/wp-json\/wp\/v2\/product_brand?post=8548"},{"taxonomy":"product_cat","embeddable":true,"href":"https:\/\/presshops.com\/fr\/wp-json\/wp\/v2\/product_cat?post=8548"},{"taxonomy":"product_tag","embeddable":true,"href":"https:\/\/presshops.com\/fr\/wp-json\/wp\/v2\/product_tag?post=8548"}],"curies":[{"name":"wp","href":"https:\/\/api.w.org\/{rel}","templated":true}]}}